{"id":149906,"date":"2021-01-15T11:01:07","date_gmt":"2021-01-15T11:01:07","guid":{"rendered":"https:\/\/codengine3.ch\/?product=import-placeholder-for-204417"},"modified":"2025-10-18T10:27:15","modified_gmt":"2025-10-18T08:27:15","slug":"walensee-wege-zur-schweiz","status":"publish","type":"product","link":"https:\/\/pizbube.ch\/en\/shop\/walensee-wege-zur-schweiz\/","title":{"rendered":"Walensee Wege zur Schweiz"},"content":{"rendered":"<p>Sarganserland und B\u00fcndner Herrschaft<br \/>\nWege zur Schweiz &#8211; eine neue Reihe von Bildwanderf\u00fchrern.<\/p>\n<p>Der erste Band f\u00fchrt in die Region im St. Galler Oberland und in der B\u00fcndner<br \/>\nHerrschaft, die von den Touristikern Ferienregion Heidiland genannt wird. Das<br \/>\nBuch erz\u00e4hlt Geschichten und portraitiert Menschen, schl\u00e4gt Spazierg\u00e4nge,<br \/>\nWanderungen und Bergtouren vor, es weist auf besondere See-Erlebnisse und<br \/>\nkulinarische Entdeckuingen hin. Der Autor blendet auf die Geschichte der<br \/>\nRegion zur\u00fcck und berichtet von neuen Projekten.<\/p>\n<p>Der Band enth\u00e4lt alle praktischen Informationen, die zum Erleben hinf\u00fchren:<br \/>\nWegzeiten und Schwierigkeiten, Hotels und H\u00fctten, Verkehrsmitteln und<br \/>\nSehensw\u00fcrdigkeiten, usw., sowie Kartenskizzen und zahlreiche, pr\u00e4chtige<br \/>\nFotografien.<\/p>","protected":false},"excerpt":{"rendered":"<p>Sarganserland und B\u00fcndner Herrschaft Wege zur Schweiz &#8211; eine neue Reihe von Bildwanderf\u00fchrern. Der erste Band f\u00fchrt in die Region im St. Galler Oberland und in der B\u00fcndner Herrschaft, die von den Touristikern Ferienregion Heidiland genannt wird. Das Buch erz\u00e4hlt Geschichten und portraitiert Menschen, schl\u00e4gt Spazierg\u00e4nge, Wanderungen und Bergtouren vor, es weist auf besondere See-Erlebnisse [&#8230;]\n","protected":false},"featured_media":181804,"template":"","meta":[],"product_brand":[],"product_cat":[21605],"product_tag":[],"class_list":{"0":"post-149906","1":"product","2":"type-product","3":"status-publish","4":"has-post-thumbnail","6":"product_cat-wanderfuehrer-trekking","7":"pa_autor-donatsch","8":"pa_erscheinungsjahr-21763","9":"pa_region-schweiz","10":"pa_sprache-de","12":"first","13":"instock","14":"taxable","15":"shipping-taxable","16":"purchasable","17":"product-type-simple"},"_links":{"self":[{"href":"https:\/\/pizbube.ch\/en\/wp-json\/wp\/v2\/product\/149906","targetHints":{"allow":["GET"]}}],"collection":[{"href":"https:\/\/pizbube.ch\/en\/wp-json\/wp\/v2\/product"}],"about":[{"href":"https:\/\/pizbube.ch\/en\/wp-json\/wp\/v2\/types\/product"}],"wp:featuredmedia":[{"embeddable":true,"href":"https:\/\/pizbube.ch\/en\/wp-json\/wp\/v2\/media\/181804"}],"wp:attachment":[{"href":"https:\/\/pizbube.ch\/en\/wp-json\/wp\/v2\/media?parent=149906"}],"wp:term":[{"taxonomy":"product_brand","embeddable":true,"href":"https:\/\/pizbube.ch\/en\/wp-json\/wp\/v2\/product_brand?post=149906"},{"taxonomy":"product_cat","embeddable":true,"href":"https:\/\/pizbube.ch\/en\/wp-json\/wp\/v2\/product_cat?post=149906"},{"taxonomy":"product_tag","embeddable":true,"href":"https:\/\/pizbube.ch\/en\/wp-json\/wp\/v2\/product_tag?post=149906"}],"curies":[{"name":"wp","href":"https:\/\/api.w.org\/{rel}","templated":true}]}}