{"id":149907,"date":"2021-01-15T11:01:07","date_gmt":"2021-01-15T11:01:07","guid":{"rendered":"https:\/\/codengine3.ch\/?product=import-placeholder-for-205240"},"modified":"2021-01-15T14:39:47","modified_gmt":"2021-01-15T14:39:47","slug":"rund-um-den-walensee","status":"publish","type":"product","link":"https:\/\/pizbube.ch\/en\/shop\/rund-um-den-walensee\/","title":{"rendered":"Rund um den Walensee"},"content":{"rendered":"<p>Auf brennenden F\u00fcssen durchs Paradies  <\/p>\n<p>Abgr\u00fcndig tief ist der Walensee, von W\u00e4ldern und felsigen Ufern umgeben,<br \/>\ndie steil ansteigen bis zu den Gipfeln der Churfirsten und des<br \/>\nM\u00fcrtschenstocks.<br \/>\nEine spektakul\u00e4re Landschaft voller Naturwunder und Spuren einer grossen<br \/>\nVergangenheit. Musiker, Maler und Dichter schw\u00e4rmten von der Poesie<br \/>\nder milden Gestade, wo Wein, Feigen und Marroni gedeihen. Dank der<br \/>\nnat\u00fcrlichen Ufer ist die Seelandschaft ein Paradies f\u00fcr Wassersportler,<br \/>\nWanderer, Bergsteiger und stille Geniesser geblieben.<br \/>\nDer Schriftsteller Emil Zopfi lebt seit zwanzig Jahren auf dem Kerenzerberg<br \/>\nhoch \u00fcber dem Walensee, betrachtet t\u00e4glich sein Farbenspiel und versucht,<br \/>\nseinen Geheimnissen auf den Grund zu gehen. An einem Fr\u00fchlingstag<br \/>\numrundet er den See zu Fuss, ausger\u00fcstet mit Notizblock und Digitalkamera.<br \/>\nBegegnungen und Beobachtungen auf der langen Wanderung wecken<br \/>\nErinnerungen an sein eigenes Leben und an Menschen, die in der<br \/>\nGegend weilten und wirkten. Er erz\u00e4hlt von Sagengestalten, nackt<br \/>\nkletternden Dichtern, verliebten Komponisten und Utopisten, die hier ein<br \/>\nParadies auf Erden errichten wollten. W\u00e4hrend seine F\u00fcsse allm\u00e4hlich<br \/>\nzu brennen beginnen, kreisen seine Gedanken um die kleinen und<br \/>\ngrossen Fragen des Lebens. In \u00adassoziativen Texten kommentiert er<br \/>\nseine Beobachtungen mit feinem Humor und grosser Liebe zur Landschaft,<br \/>\nin der er lebt und die ihn inspiriert.  <\/p>","protected":false},"excerpt":{"rendered":"<p>Auf brennenden F\u00fcssen durchs Paradies Abgr\u00fcndig tief ist der Walensee, von W\u00e4ldern und felsigen Ufern umgeben, die steil ansteigen bis zu den Gipfeln der Churfirsten und des M\u00fcrtschenstocks. Eine spektakul\u00e4re Landschaft voller Naturwunder und Spuren einer grossen Vergangenheit. Musiker, Maler und Dichter schw\u00e4rmten von der Poesie der milden Gestade, wo Wein, Feigen und Marroni gedeihen. [&#8230;]\n","protected":false},"featured_media":33889,"template":"","meta":[],"product_brand":[],"product_cat":[21542],"product_tag":[],"class_list":{"0":"post-149907","1":"product","2":"type-product","3":"status-publish","4":"has-post-thumbnail","6":"product_cat-sachbuecher-dokumentationen","7":"pa_autor-zopfi","8":"pa_erscheinungsjahr-21591","9":"pa_region-schweiz","10":"pa_sprache-de","12":"first","13":"instock","14":"taxable","15":"shipping-taxable","16":"purchasable","17":"product-type-simple"},"_links":{"self":[{"href":"https:\/\/pizbube.ch\/en\/wp-json\/wp\/v2\/product\/149907","targetHints":{"allow":["GET"]}}],"collection":[{"href":"https:\/\/pizbube.ch\/en\/wp-json\/wp\/v2\/product"}],"about":[{"href":"https:\/\/pizbube.ch\/en\/wp-json\/wp\/v2\/types\/product"}],"wp:featuredmedia":[{"embeddable":true,"href":"https:\/\/pizbube.ch\/en\/wp-json\/wp\/v2\/media\/33889"}],"wp:attachment":[{"href":"https:\/\/pizbube.ch\/en\/wp-json\/wp\/v2\/media?parent=149907"}],"wp:term":[{"taxonomy":"product_brand","embeddable":true,"href":"https:\/\/pizbube.ch\/en\/wp-json\/wp\/v2\/product_brand?post=149907"},{"taxonomy":"product_cat","embeddable":true,"href":"https:\/\/pizbube.ch\/en\/wp-json\/wp\/v2\/product_cat?post=149907"},{"taxonomy":"product_tag","embeddable":true,"href":"https:\/\/pizbube.ch\/en\/wp-json\/wp\/v2\/product_tag?post=149907"}],"curies":[{"name":"wp","href":"https:\/\/api.w.org\/{rel}","templated":true}]}}