{"id":149908,"date":"2021-01-15T11:01:07","date_gmt":"2021-01-15T11:01:07","guid":{"rendered":"https:\/\/codengine3.ch\/?product=import-placeholder-for-201875"},"modified":"2023-04-18T12:02:00","modified_gmt":"2023-04-18T10:02:00","slug":"saentis-churfirsten-sac-clubfuehrer","status":"publish","type":"product","link":"https:\/\/pizbube.ch\/en\/shop\/saentis-churfirsten-sac-clubfuehrer\/","title":{"rendered":"S\u00e4ntis &#8211; Churfirsten, SAC- Clubf\u00fchrer"},"content":{"rendered":"<p>Dieser Clubf\u00fchrer beschreibt s\u00e4mtliche 170 Gipfel in den drei Ketten des<br \/>\nAlpsteins, im Gebiet rund um Speer und Mattstock, in den Churfirsten und in<br \/>\nder Alviergruppe.<\/p>\n<p>Er stellt \u00fcber 450 Routen dar, die zu den Tourenzielen f\u00fchren. Er richtet sich<br \/>\neinerseits an unternehmungslustige Bergsteiger und Wanderer, die sich auch<br \/>\nausserhalb \u00fcberlaufener Wege wohl f\u00fchlen, enth\u00e4lt andererseits auch eine<br \/>\nAuswahl empfehlenswerter Kletterrouten.<\/p>\n<p>Routenbeschreibung:<br \/>\nAlpstein, s\u00fcdliche Kette, mittlere Kette, n\u00f6rdliche Kette<br \/>\nSpeer &#8211; Mattstock<br \/>\nChurfisten<br \/>\nAlviergruppe<\/p>\n<p>Zus\u00e4tzlich eine Auswahl empfehlenswerter Kletterrouten im mittleren<br \/>\nSchwierigkeitsbereich.<\/p>","protected":false},"excerpt":{"rendered":"<p>Dieser Clubf\u00fchrer beschreibt s\u00e4mtliche 170 Gipfel in den drei Ketten des Alpsteins, im Gebiet rund um Speer und Mattstock, in den Churfirsten und in der Alviergruppe. Er stellt \u00fcber 450 Routen dar, die zu den Tourenzielen f\u00fchren. Er richtet sich einerseits an unternehmungslustige Bergsteiger und Wanderer, die sich auch ausserhalb \u00fcberlaufener Wege wohl f\u00fchlen, enth\u00e4lt [&#8230;]\n","protected":false},"featured_media":29264,"template":"","meta":[],"product_brand":[],"product_cat":[21544],"product_tag":[],"class_list":{"0":"post-149908","1":"product","2":"type-product","3":"status-publish","4":"has-post-thumbnail","6":"product_cat-fuehrerliteratur-alpin-sommer","7":"pa_autor-hunziker","9":"first","10":"onbackorder","11":"taxable","12":"shipping-taxable","13":"purchasable","14":"product-type-simple"},"_links":{"self":[{"href":"https:\/\/pizbube.ch\/en\/wp-json\/wp\/v2\/product\/149908","targetHints":{"allow":["GET"]}}],"collection":[{"href":"https:\/\/pizbube.ch\/en\/wp-json\/wp\/v2\/product"}],"about":[{"href":"https:\/\/pizbube.ch\/en\/wp-json\/wp\/v2\/types\/product"}],"wp:featuredmedia":[{"embeddable":true,"href":"https:\/\/pizbube.ch\/en\/wp-json\/wp\/v2\/media\/29264"}],"wp:attachment":[{"href":"https:\/\/pizbube.ch\/en\/wp-json\/wp\/v2\/media?parent=149908"}],"wp:term":[{"taxonomy":"product_brand","embeddable":true,"href":"https:\/\/pizbube.ch\/en\/wp-json\/wp\/v2\/product_brand?post=149908"},{"taxonomy":"product_cat","embeddable":true,"href":"https:\/\/pizbube.ch\/en\/wp-json\/wp\/v2\/product_cat?post=149908"},{"taxonomy":"product_tag","embeddable":true,"href":"https:\/\/pizbube.ch\/en\/wp-json\/wp\/v2\/product_tag?post=149908"}],"curies":[{"name":"wp","href":"https:\/\/api.w.org\/{rel}","templated":true}]}}