{"id":149909,"date":"2021-01-15T11:01:07","date_gmt":"2021-01-15T11:01:07","guid":{"rendered":"https:\/\/codengine3.ch\/?product=import-placeholder-for-204035"},"modified":"2021-01-15T14:29:04","modified_gmt":"2021-01-15T14:29:04","slug":"churfirsten-ueber-die-sieben-berge","status":"publish","type":"product","link":"https:\/\/pizbube.ch\/en\/shop\/churfirsten-ueber-die-sieben-berge\/","title":{"rendered":"Churfirsten &#8211; \u00dcber die sieben Berge"},"content":{"rendered":"<p>Ch\u00e4serrugg, Hinterrugg, Schibenstoll, Zuestoll, Brisi, Fr\u00fcmsel, Selun &#8211;<br \/>\nsieben Berge, die den Grenzkamm zwischen Toggenburg und Sarganserland bilden,<br \/>\neine alte geopolitische Grenze.<\/p>\n<p>Emil Zopfi schafft Verbindungen zwischen Nord und S\u00fcd, zwischen den lang<br \/>\ngezogenen Bergr\u00fccken, den Firsten, die das Massiv dem Toggenburg zuwendet, und<br \/>\nden schroffen S\u00fcdw\u00e4nden, in denen Klettergeschichte geschrieben wurde.<br \/>\nDie alpinistische Erschliessung des Massivs mit ihren Triumphen und Trag\u00f6dien<br \/>\nbildet einen wesentlichen Teil des Buches. Ausserdem gibt es die Geschichte<br \/>\ndes Findlings &#8218;Seluner&#8216;, benannt nach dem ersten (oder letzten) Churfirsten.  <\/p>","protected":false},"excerpt":{"rendered":"<p>Ch\u00e4serrugg, Hinterrugg, Schibenstoll, Zuestoll, Brisi, Fr\u00fcmsel, Selun &#8211; sieben Berge, die den Grenzkamm zwischen Toggenburg und Sarganserland bilden, eine alte geopolitische Grenze. Emil Zopfi schafft Verbindungen zwischen Nord und S\u00fcd, zwischen den lang gezogenen Bergr\u00fccken, den Firsten, die das Massiv dem Toggenburg zuwendet, und den schroffen S\u00fcdw\u00e4nden, in denen Klettergeschichte geschrieben wurde. Die alpinistische Erschliessung [&#8230;]\n","protected":false},"featured_media":31770,"template":"","meta":[],"product_brand":[],"product_cat":[21542],"product_tag":[],"class_list":{"0":"post-149909","1":"product","2":"type-product","3":"status-publish","4":"has-post-thumbnail","6":"product_cat-sachbuecher-dokumentationen","7":"pa_autor-zopfi","8":"pa_erscheinungsjahr-21763","9":"pa_region-schweiz","10":"pa_sprache-de","12":"first","13":"instock","14":"taxable","15":"shipping-taxable","16":"purchasable","17":"product-type-simple"},"_links":{"self":[{"href":"https:\/\/pizbube.ch\/en\/wp-json\/wp\/v2\/product\/149909","targetHints":{"allow":["GET"]}}],"collection":[{"href":"https:\/\/pizbube.ch\/en\/wp-json\/wp\/v2\/product"}],"about":[{"href":"https:\/\/pizbube.ch\/en\/wp-json\/wp\/v2\/types\/product"}],"wp:featuredmedia":[{"embeddable":true,"href":"https:\/\/pizbube.ch\/en\/wp-json\/wp\/v2\/media\/31770"}],"wp:attachment":[{"href":"https:\/\/pizbube.ch\/en\/wp-json\/wp\/v2\/media?parent=149909"}],"wp:term":[{"taxonomy":"product_brand","embeddable":true,"href":"https:\/\/pizbube.ch\/en\/wp-json\/wp\/v2\/product_brand?post=149909"},{"taxonomy":"product_cat","embeddable":true,"href":"https:\/\/pizbube.ch\/en\/wp-json\/wp\/v2\/product_cat?post=149909"},{"taxonomy":"product_tag","embeddable":true,"href":"https:\/\/pizbube.ch\/en\/wp-json\/wp\/v2\/product_tag?post=149909"}],"curies":[{"name":"wp","href":"https:\/\/api.w.org\/{rel}","templated":true}]}}