{"id":149913,"date":"2021-01-15T11:01:08","date_gmt":"2021-01-15T11:01:08","guid":{"rendered":"https:\/\/codengine3.ch\/?product=import-placeholder-for-200816"},"modified":"2021-01-15T11:01:11","modified_gmt":"2021-01-15T11:01:11","slug":"engelhornfuehrer","status":"publish","type":"product","link":"https:\/\/pizbube.ch\/en\/shop\/engelhornfuehrer\/","title":{"rendered":"Engelhornf\u00fchrer"},"content":{"rendered":"<p>Das Standardwerk f\u00fcr&#8217;s Engelhorngebiet mit exakten Topos und treffenden<br \/>\nBeschreibungen des Insiders Kaspar Ochsner! Der bereits in der f\u00fcnften Auflage<br \/>\nerscheinende Engelhornf\u00fchrer wendet sich an den konventionellen Felsgeher wie<br \/>\nan den Sportkletterer sch\u00e4rferen Richtung.  <\/p>\n<p>Die \u00fcbersichtlichen Routentopos, sowie die zus\u00e4tzlichen Farbbilder erm\u00f6glichen<br \/>\nes, einen allgemeinen \u00dcberblick in die besondere Charakteristik und die<br \/>\nRoutenvielfalt der Engelh\u00f6rner zu erhalten. Erg\u00e4nzend sind in diesem<br \/>\numfassenden Kletterf\u00fchrer Anfahrtswege sowie eine \u00dcbersichtskarte abgedruckt.  <\/p>\n<p>Ebenso eine geschichtliche Abhandlung rund um das Gross Engelhorn, der<br \/>\nKingspitz, die Hohj\u00e4giburg und wie sie alle heissen, die Gipfel der<br \/>\nEngelh\u00f6rner!  <\/p>","protected":false},"excerpt":{"rendered":"<ul>\n<li><b>INFO: Vergriffen, keine Neuauflage\/Nachdruck.<b><\/li>\n<\/ul>","protected":false},"featured_media":27892,"template":"","meta":[],"product_brand":[],"product_cat":[21539],"product_tag":[],"class_list":{"0":"post-149913","1":"product","2":"type-product","3":"status-publish","4":"has-post-thumbnail","6":"product_cat-fuehrerliteratur-sportklettern-bouldern","7":"pa_autor-ochsner","8":"pa_erscheinungsjahr-22236","9":"pa_region-schweiz","10":"pa_sprache-de","12":"first","13":"outofstock","14":"taxable","15":"shipping-taxable","16":"purchasable","17":"product-type-simple"},"_links":{"self":[{"href":"https:\/\/pizbube.ch\/en\/wp-json\/wp\/v2\/product\/149913","targetHints":{"allow":["GET"]}}],"collection":[{"href":"https:\/\/pizbube.ch\/en\/wp-json\/wp\/v2\/product"}],"about":[{"href":"https:\/\/pizbube.ch\/en\/wp-json\/wp\/v2\/types\/product"}],"wp:featuredmedia":[{"embeddable":true,"href":"https:\/\/pizbube.ch\/en\/wp-json\/wp\/v2\/media\/27892"}],"wp:attachment":[{"href":"https:\/\/pizbube.ch\/en\/wp-json\/wp\/v2\/media?parent=149913"}],"wp:term":[{"taxonomy":"product_brand","embeddable":true,"href":"https:\/\/pizbube.ch\/en\/wp-json\/wp\/v2\/product_brand?post=149913"},{"taxonomy":"product_cat","embeddable":true,"href":"https:\/\/pizbube.ch\/en\/wp-json\/wp\/v2\/product_cat?post=149913"},{"taxonomy":"product_tag","embeddable":true,"href":"https:\/\/pizbube.ch\/en\/wp-json\/wp\/v2\/product_tag?post=149913"}],"curies":[{"name":"wp","href":"https:\/\/api.w.org\/{rel}","templated":true}]}}