{"id":149914,"date":"2021-01-15T11:01:08","date_gmt":"2021-01-15T11:01:08","guid":{"rendered":"https:\/\/codengine3.ch\/?product=import-placeholder-for-206774"},"modified":"2021-03-13T11:28:54","modified_gmt":"2021-03-13T10:28:54","slug":"kletterfuehrer-berner-oberland-sued","status":"publish","type":"product","link":"https:\/\/pizbube.ch\/en\/shop\/kletterfuehrer-berner-oberland-sued\/","title":{"rendered":"Kletterf\u00fchrer Berner Oberland S\u00fcd"},"content":{"rendered":"<p>Kandertal \/ Lauterbrunnen \/ Grindelwald \/ Rosenlaui \/ Engelh\u00f6rner \/ Urbachtal<br \/>\n\/ Haslital-Grimsel \/ Gadmertal<\/p>\n<p>Auch diese Region ist voller Highlights, allein der Name Grimsel l\u00e4sst die<br \/>\nHerzen h\u00f6her schlagen und neu sind jetzt auch die Engelh\u00f6rner mit dabei. F\u00fcnf<br \/>\nSAC Alpinf\u00fchrer wurden f\u00fcr diesen Kletterf\u00fchrer ausgewertet,<br \/>\nselbstverst\u00e4ndlich wurden die Routen \u00fcberpr\u00fcft und noch mehr kamen neu dazu.<\/p>\n<p>Packendes Bildmaterial erm\u00f6glicht direkte Einblicke in Fels und Routen. Die<br \/>\nKletterg\u00e4rten, Sportkletterrouten und vor allem auch die grossen klassischen<br \/>\nKletterrouten sind kompakt dokumentiert, mit Zustiegsangaben und vielen Fotos.<\/p>\n<p>Engelh\u00f6rner, Wendenst\u00f6cke, Eiger, Lauterbrunnen, Eldorado &#8211; hinter dem<br \/>\nBuchtitel Berner Oberland S\u00fcd verbergen sich Klettergebiete, die national und<br \/>\ninternational Geschichte geschrieben haben.<\/p>\n<p>7 Regionen, 70 Klettergebiete, 1000 Routen und unz\u00e4hlige Seill\u00e4ngen. In diesem<br \/>\nKletterf\u00fchrer findet der erfahrene Kletterer seine grosse klassische<br \/>\nAlpinkletterroute und der Kletterneuling passende Kletterg\u00e4rten oder Plaisir-<br \/>\nMehrseill\u00e4ngenrouten. Alle sind ausf\u00fchrlich mit Zustiegsangaben und<br \/>\nspektakul\u00e4ren Fotos dokumentiert.<\/p>\n<p>Ca. 260 Seiten, ca. 200 Routenfotos, viele \u00dcbersichtskarten<\/p>","protected":false},"excerpt":{"rendered":"<ul>\n<li><a href=\"https:\/\/pizbube.ch\/wp-content\/uploads\/attachments\/a_014\/48CFA45BDA55EE73BB2792F5F0EFED2B.pdf\" target=\"_blank\" rel=\"noopener\">PDF: Leseprobe_Berner_Oberland_S\u00fcd.pdf<\/a><\/li>\n<\/ul>","protected":false},"featured_media":156392,"template":"","meta":[],"product_brand":[],"product_cat":[21539],"product_tag":[],"class_list":{"0":"post-149914","1":"product","2":"type-product","3":"status-publish","4":"has-post-thumbnail","6":"product_cat-fuehrerliteratur-sportklettern-bouldern","7":"pa_autor-gerber","8":"pa_erscheinungsjahr-21546","9":"pa_region-schweiz","10":"pa_sprache-de","12":"first","13":"instock","14":"taxable","15":"shipping-taxable","16":"purchasable","17":"product-type-simple"},"_links":{"self":[{"href":"https:\/\/pizbube.ch\/en\/wp-json\/wp\/v2\/product\/149914","targetHints":{"allow":["GET"]}}],"collection":[{"href":"https:\/\/pizbube.ch\/en\/wp-json\/wp\/v2\/product"}],"about":[{"href":"https:\/\/pizbube.ch\/en\/wp-json\/wp\/v2\/types\/product"}],"wp:featuredmedia":[{"embeddable":true,"href":"https:\/\/pizbube.ch\/en\/wp-json\/wp\/v2\/media\/156392"}],"wp:attachment":[{"href":"https:\/\/pizbube.ch\/en\/wp-json\/wp\/v2\/media?parent=149914"}],"wp:term":[{"taxonomy":"product_brand","embeddable":true,"href":"https:\/\/pizbube.ch\/en\/wp-json\/wp\/v2\/product_brand?post=149914"},{"taxonomy":"product_cat","embeddable":true,"href":"https:\/\/pizbube.ch\/en\/wp-json\/wp\/v2\/product_cat?post=149914"},{"taxonomy":"product_tag","embeddable":true,"href":"https:\/\/pizbube.ch\/en\/wp-json\/wp\/v2\/product_tag?post=149914"}],"curies":[{"name":"wp","href":"https:\/\/api.w.org\/{rel}","templated":true}]}}