{"id":149916,"date":"2021-01-15T11:01:08","date_gmt":"2021-01-15T11:01:08","guid":{"rendered":"https:\/\/codengine3.ch\/?product=import-placeholder-for-203223"},"modified":"2021-01-15T12:55:15","modified_gmt":"2021-01-15T12:55:15","slug":"himmel-die-berge","status":"publish","type":"product","link":"https:\/\/pizbube.ch\/en\/shop\/himmel-die-berge\/","title":{"rendered":"Himmel die Berge!"},"content":{"rendered":"<p>Mit Kindern unterwegs: Spiele, Naturerlebnisse, Bastelaktionen und Lieder. F\u00fcr<br \/>\nKinder- und Familiengruppen, Eltern und P\u00e4dagogInnen bei Bergausfl\u00fcgen,<br \/>\nWandertagen, Ferienfreizeiten, Klassenfahrten und Urlauben. Zahlr. s\/w. Abb..<br \/>\n137 S.<\/p>","protected":false},"excerpt":{"rendered":"<p>Mit Kindern unterwegs: Spiele, Naturerlebnisse, Bastelaktionen und Lieder. F\u00fcr Kinder- und Familiengruppen, Eltern und P\u00e4dagogInnen bei Bergausfl\u00fcgen, Wandertagen, Ferienfreizeiten, Klassenfahrten und Urlauben. Zahlr. s\/w. Abb.. 137 S.<\/p>","protected":false},"featured_media":30780,"template":"","meta":[],"product_brand":[],"product_cat":[21542],"product_tag":[],"class_list":{"0":"post-149916","1":"product","2":"type-product","3":"status-publish","4":"has-post-thumbnail","6":"product_cat-sachbuecher-dokumentationen","7":"pa_autor-kreuzinger-sambale","8":"pa_erscheinungsjahr-22292","9":"pa_region-orientierung-wetter-ausbildung","10":"pa_sprache-de","12":"first","13":"instock","14":"taxable","15":"shipping-taxable","16":"purchasable","17":"product-type-simple"},"_links":{"self":[{"href":"https:\/\/pizbube.ch\/en\/wp-json\/wp\/v2\/product\/149916","targetHints":{"allow":["GET"]}}],"collection":[{"href":"https:\/\/pizbube.ch\/en\/wp-json\/wp\/v2\/product"}],"about":[{"href":"https:\/\/pizbube.ch\/en\/wp-json\/wp\/v2\/types\/product"}],"wp:featuredmedia":[{"embeddable":true,"href":"https:\/\/pizbube.ch\/en\/wp-json\/wp\/v2\/media\/30780"}],"wp:attachment":[{"href":"https:\/\/pizbube.ch\/en\/wp-json\/wp\/v2\/media?parent=149916"}],"wp:term":[{"taxonomy":"product_brand","embeddable":true,"href":"https:\/\/pizbube.ch\/en\/wp-json\/wp\/v2\/product_brand?post=149916"},{"taxonomy":"product_cat","embeddable":true,"href":"https:\/\/pizbube.ch\/en\/wp-json\/wp\/v2\/product_cat?post=149916"},{"taxonomy":"product_tag","embeddable":true,"href":"https:\/\/pizbube.ch\/en\/wp-json\/wp\/v2\/product_tag?post=149916"}],"curies":[{"name":"wp","href":"https:\/\/api.w.org\/{rel}","templated":true}]}}