{"id":149917,"date":"2021-01-15T11:01:08","date_gmt":"2021-01-15T11:01:08","guid":{"rendered":"https:\/\/codengine3.ch\/?product=import-placeholder-for-203777"},"modified":"2021-01-15T14:26:27","modified_gmt":"2021-01-15T14:26:27","slug":"aktivreisen-mit-kindern","status":"publish","type":"product","link":"https:\/\/pizbube.ch\/en\/shop\/aktivreisen-mit-kindern\/","title":{"rendered":"Aktivreisen mit Kindern"},"content":{"rendered":"<p>Kindern kann es im Urlaub meist gar nicht aktiv genug zugehen. Egal, ob<br \/>\nWandern, 7steigen, Radeln oder Kajakfahren auf Ihrem Programm steht- dieses<br \/>\npraktische Taschenbuch h\u00e4lt unz\u00e4hlige Tipps f\u00fcr Sie bereit. Outdoor-Sportarten<br \/>\nvon A-Z, Reiseplanung mit der Familie oder in der Gruppe, Fitness, Motivation<br \/>\nund Ausr\u00fcstung sind dabei ebenso Themen wie versicherungstechnische Hinweise,<br \/>\nSportart-spezifische Ern\u00e4hrung oder Spiel-Vorschl\u00e4ge f\u00fcr unterwegs.<\/p>","protected":false},"excerpt":{"rendered":"<p>Kindern kann es im Urlaub meist gar nicht aktiv genug zugehen. Egal, ob Wandern, 7steigen, Radeln oder Kajakfahren auf Ihrem Programm steht- dieses praktische Taschenbuch h\u00e4lt unz\u00e4hlige Tipps f\u00fcr Sie bereit. Outdoor-Sportarten von A-Z, Reiseplanung mit der Familie oder in der Gruppe, Fitness, Motivation und Ausr\u00fcstung sind dabei ebenso Themen wie versicherungstechnische Hinweise, Sportart-spezifische Ern\u00e4hrung [&#8230;]\n","protected":false},"featured_media":31454,"template":"","meta":[],"product_brand":[],"product_cat":[21538],"product_tag":[],"class_list":{"0":"post-149917","1":"product","2":"type-product","3":"status-publish","4":"has-post-thumbnail","6":"product_cat-lehrbuecher","7":"pa_autor-schmied","8":"pa_erscheinungsjahr-21776","9":"pa_region-orientierung-wetter-ausbildung","10":"pa_sprache-de","12":"first","13":"outofstock","14":"taxable","15":"shipping-taxable","16":"purchasable","17":"product-type-simple"},"_links":{"self":[{"href":"https:\/\/pizbube.ch\/en\/wp-json\/wp\/v2\/product\/149917","targetHints":{"allow":["GET"]}}],"collection":[{"href":"https:\/\/pizbube.ch\/en\/wp-json\/wp\/v2\/product"}],"about":[{"href":"https:\/\/pizbube.ch\/en\/wp-json\/wp\/v2\/types\/product"}],"wp:featuredmedia":[{"embeddable":true,"href":"https:\/\/pizbube.ch\/en\/wp-json\/wp\/v2\/media\/31454"}],"wp:attachment":[{"href":"https:\/\/pizbube.ch\/en\/wp-json\/wp\/v2\/media?parent=149917"}],"wp:term":[{"taxonomy":"product_brand","embeddable":true,"href":"https:\/\/pizbube.ch\/en\/wp-json\/wp\/v2\/product_brand?post=149917"},{"taxonomy":"product_cat","embeddable":true,"href":"https:\/\/pizbube.ch\/en\/wp-json\/wp\/v2\/product_cat?post=149917"},{"taxonomy":"product_tag","embeddable":true,"href":"https:\/\/pizbube.ch\/en\/wp-json\/wp\/v2\/product_tag?post=149917"}],"curies":[{"name":"wp","href":"https:\/\/api.w.org\/{rel}","templated":true}]}}