{"id":149918,"date":"2021-01-15T11:01:08","date_gmt":"2021-01-15T11:01:08","guid":{"rendered":"https:\/\/codengine3.ch\/?product=import-placeholder-for-208620"},"modified":"2023-06-27T10:06:25","modified_gmt":"2023-06-27T08:06:25","slug":"klettern-und-bouldern-fuer-kids","status":"publish","type":"product","link":"https:\/\/pizbube.ch\/en\/shop\/klettern-und-bouldern-fuer-kids\/","title":{"rendered":"Klettern und Bouldern f\u00fcr Kids"},"content":{"rendered":"<p>In der Halle und am Fels<\/p>\n<p>Sie m\u00f6chten gerne mit Ihrer gesamten Familie zum Klettern, haben aber Bedenken<br \/>\nIhre Kinder mitzunehmen? Jetzt nicht mehr: Nina Rebele, langj\u00e4hrige<br \/>\nProfisportlerin im Klettern und Mutter von drei Kindern, liefert mit ihrem<br \/>\nRatgeber ein strukturiertes und \u00fcbersichtliches Werk, das Ihnen dabei hilft,<br \/>\ns\u00e4mtliche Fragen und Risiken aus dem Weg zu r\u00e4umen. Mit diesem Buch machen Sie<br \/>\njeden Kletterausflug zu einem kleinen Abenteuer und sind dabei immer sicher<br \/>\nunterwegs.<\/p>\n<p>Inhalt:<\/p>\n<p>Warum sind Klettern und Bouldern geeignete Sportarten f\u00fcr Kinder?<br \/>\nWie fange ich diese Sportarten richtig an?<br \/>\nWelche Ausr\u00fcstung ben\u00f6tigt man als Anf\u00e4nger und wie verwendet man diese?<br \/>\nWelche Unterschiede sind zwischen Kletterhallen und Kletterfelsen zu beachten?<br \/>\nWelche Techniken gibt es und wie funktionieren diese?<br \/>\nAllgemeine Verhaltensregeln und Naturschutz<\/p>\n<p>Dieser Ratgeber ist die optimale L\u00f6sung, um die erlernten Inhalte von Kletter-<br \/>\nund Boulderkursen zu wiederholen, zu \u00fcberpr\u00fcfen oder nachzuschlagen. S\u00e4mtliche<br \/>\nInhalte sind leicht verst\u00e4ndlich, schnell auffindbar und mit erkl\u00e4renden<br \/>\nFotoreihen erg\u00e4nzt.<\/p>","protected":false},"excerpt":{"rendered":"<ul>\n<li><a href=\"https:\/\/pizbube.ch\/wp-content\/uploads\/attachments\/a_031\/ECE288B5ECEC0A80D509A3727261964E.pdf\" target=\"_blank\" rel=\"noopener\">PDF: Leseprobe Klettern und bouldern f\u00fcr Kids<\/a><\/li>\n<\/ul>","protected":false},"featured_media":167176,"template":"","meta":[],"product_brand":[],"product_cat":[21538],"product_tag":[],"class_list":{"0":"post-149918","1":"product","2":"type-product","3":"status-publish","4":"has-post-thumbnail","6":"product_cat-lehrbuecher","7":"pa_autor-rebele","8":"pa_erscheinungsjahr-21597","9":"pa_region-klettertechnik","10":"pa_sprache-de","12":"first","13":"outofstock","14":"taxable","15":"shipping-taxable","16":"purchasable","17":"product-type-simple"},"_links":{"self":[{"href":"https:\/\/pizbube.ch\/en\/wp-json\/wp\/v2\/product\/149918","targetHints":{"allow":["GET"]}}],"collection":[{"href":"https:\/\/pizbube.ch\/en\/wp-json\/wp\/v2\/product"}],"about":[{"href":"https:\/\/pizbube.ch\/en\/wp-json\/wp\/v2\/types\/product"}],"wp:featuredmedia":[{"embeddable":true,"href":"https:\/\/pizbube.ch\/en\/wp-json\/wp\/v2\/media\/167176"}],"wp:attachment":[{"href":"https:\/\/pizbube.ch\/en\/wp-json\/wp\/v2\/media?parent=149918"}],"wp:term":[{"taxonomy":"product_brand","embeddable":true,"href":"https:\/\/pizbube.ch\/en\/wp-json\/wp\/v2\/product_brand?post=149918"},{"taxonomy":"product_cat","embeddable":true,"href":"https:\/\/pizbube.ch\/en\/wp-json\/wp\/v2\/product_cat?post=149918"},{"taxonomy":"product_tag","embeddable":true,"href":"https:\/\/pizbube.ch\/en\/wp-json\/wp\/v2\/product_tag?post=149918"}],"curies":[{"name":"wp","href":"https:\/\/api.w.org\/{rel}","templated":true}]}}