{"id":149920,"date":"2021-01-15T11:01:08","date_gmt":"2021-01-15T11:01:08","guid":{"rendered":"https:\/\/codengine3.ch\/?product=import-placeholder-for-200935"},"modified":"2024-08-23T09:26:01","modified_gmt":"2024-08-23T07:26:01","slug":"urner-alpen-2","status":"publish","type":"product","link":"https:\/\/pizbube.ch\/en\/shop\/urner-alpen-2\/","title":{"rendered":"Urner Alpen 2"},"content":{"rendered":"<p>SAC Clubf\u00fchrer: (G\u00f6schener Alp- Salbit- Furka- Grimsel)<\/p>\n<p>Die Urner Alpen West sind ein Eldorado f\u00fcr Bergsteiger und Kletterer aller<br \/>\nSchattierungen:<br \/>\nDer Wanderer auf der Suche nach Beschaulichkeit, aber auch der klassische<br \/>\nBergsteiger trifft hier auf eine fast un\u00fcberblickbare Vielfalt von lohnenden<br \/>\nTouren aller Schwierigkeitsgrade.<\/p>\n<p>Die Kletterer ob klassischer oder moderner Pr\u00e4gung, finden ein riesiges<br \/>\nAngebot an Routen bis zum neunten Schwierigkeitsgrad. Es sind die Granit-<br \/>\nKlettergebiete G\u00f6scheneralp, Furka und Grimsel beschrieben. Zudem wurden viele<br \/>\nKletterg\u00e4rten aufgenommen, die in den Talregionen liegen. Leicht revidiert,<br \/>\nNeuauflage 2003, basierend auf Ausgabe 1996<\/p>\n<p>Routenbeschreibungen:<br \/>\nSalbischijen-Kette<br \/>\nFleckistock-Kette<br \/>\nSustenhorn- und Bergseeschijen-Kette<br \/>\nGletschhorn-Sch\u00f6llenen-Kette<br \/>\nTierberg-Kette<br \/>\nGalenstock-Kette<br \/>\nDammastock-Kette<br \/>\nGelmerh\u00f6rner-Tieralplistock-Kette<\/p>\n<p>(Nachdruck 2009)<\/p>","protected":false},"excerpt":{"rendered":"<p>SAC Clubf\u00fchrer: (G\u00f6schener Alp- Salbit- Furka- Grimsel) Die Urner Alpen West sind ein Eldorado f\u00fcr Bergsteiger und Kletterer aller Schattierungen: Der Wanderer auf der Suche nach Beschaulichkeit, aber auch der klassische Bergsteiger trifft hier auf eine fast un\u00fcberblickbare Vielfalt von lohnenden Touren aller Schwierigkeitsgrade. Die Kletterer ob klassischer oder moderner Pr\u00e4gung, finden ein riesiges Angebot [&#8230;]\n","protected":false},"featured_media":174534,"template":"","meta":[],"product_brand":[],"product_cat":[21544],"product_tag":[],"class_list":{"0":"post-149920","1":"product","2":"type-product","3":"status-publish","4":"has-post-thumbnail","6":"product_cat-fuehrerliteratur-alpin-sommer","7":"pa_autor-fullin-banholzer","8":"pa_erscheinungsjahr-22292","9":"pa_region-schweiz","10":"pa_sprache-de","12":"first","13":"instock","14":"taxable","15":"shipping-taxable","16":"purchasable","17":"product-type-simple"},"_links":{"self":[{"href":"https:\/\/pizbube.ch\/en\/wp-json\/wp\/v2\/product\/149920","targetHints":{"allow":["GET"]}}],"collection":[{"href":"https:\/\/pizbube.ch\/en\/wp-json\/wp\/v2\/product"}],"about":[{"href":"https:\/\/pizbube.ch\/en\/wp-json\/wp\/v2\/types\/product"}],"wp:featuredmedia":[{"embeddable":true,"href":"https:\/\/pizbube.ch\/en\/wp-json\/wp\/v2\/media\/174534"}],"wp:attachment":[{"href":"https:\/\/pizbube.ch\/en\/wp-json\/wp\/v2\/media?parent=149920"}],"wp:term":[{"taxonomy":"product_brand","embeddable":true,"href":"https:\/\/pizbube.ch\/en\/wp-json\/wp\/v2\/product_brand?post=149920"},{"taxonomy":"product_cat","embeddable":true,"href":"https:\/\/pizbube.ch\/en\/wp-json\/wp\/v2\/product_cat?post=149920"},{"taxonomy":"product_tag","embeddable":true,"href":"https:\/\/pizbube.ch\/en\/wp-json\/wp\/v2\/product_tag?post=149920"}],"curies":[{"name":"wp","href":"https:\/\/api.w.org\/{rel}","templated":true}]}}