{"id":149922,"date":"2021-01-15T11:01:08","date_gmt":"2021-01-15T11:01:08","guid":{"rendered":"https:\/\/codengine3.ch\/?product=import-placeholder-for-203311"},"modified":"2024-08-07T11:43:23","modified_gmt":"2024-08-07T09:43:23","slug":"salbit-erleben","status":"publish","type":"product","link":"https:\/\/pizbube.ch\/en\/shop\/salbit-erleben\/","title":{"rendered":"Salbit erleben"},"content":{"rendered":"<p>88 Seiten \u00fcber das Urner Granit- Paradies: Topof\u00fchrer f\u00fcr Sportklettereien,<br \/>\nWanderungen, Klettersteige und Skitouren. SALBIT erleben steht nicht nur f\u00fcr<br \/>\nunvergessliche Klettereien an einem der sch\u00f6nsten Granitberge im Alpenraum,<br \/>\nsondern genauso f\u00fcr unvergessliche Wanderungen, sonnige H\u00fcttennachmittage,<br \/>\nkulinarische H\u00f6hepunkte und einmalige Aussichten.<\/p>\n<p>Gebiete:<br \/>\n1 Kletterg\u00e4rten<br \/>\n2 Westgrat-T\u00fcrme<br \/>\n3 S\u00fcdgrat-T\u00fcrme<br \/>\n4 Ostgrat-T\u00fcrme<br \/>\n5 Gemsplanggenstock<br \/>\n6 Gemsplanggen<br \/>\n7 Meiggelengrat<br \/>\n8 Meiggelenplatte<br \/>\n9 Meiggelenstock<br \/>\n10 Wildhauenh\u00f6reli<\/p>\n<p>Topoguidebook of the little Yosemite of Switzerland&#8230; Rockclimbing in the<br \/>\nfamous granit slabs, walking, skitours; 83 p.<\/p>\n<p>\u00dcberarbeiteter Nachdruck 2009<\/p>","protected":false},"excerpt":{"rendered":"<p>88 Seiten \u00fcber das Urner Granit- Paradies: Topof\u00fchrer f\u00fcr Sportklettereien, Wanderungen, Klettersteige und Skitouren. SALBIT erleben steht nicht nur f\u00fcr unvergessliche Klettereien an einem der sch\u00f6nsten Granitberge im Alpenraum, sondern genauso f\u00fcr unvergessliche Wanderungen, sonnige H\u00fcttennachmittage, kulinarische H\u00f6hepunkte und einmalige Aussichten. Gebiete: 1 Kletterg\u00e4rten 2 Westgrat-T\u00fcrme 3 S\u00fcdgrat-T\u00fcrme 4 Ostgrat-T\u00fcrme 5 Gemsplanggenstock 6 Gemsplanggen 7 [&#8230;]\n","protected":false},"featured_media":174255,"template":"","meta":[],"product_brand":[],"product_cat":[21539],"product_tag":[],"class_list":{"0":"post-149922","1":"product","2":"type-product","3":"status-publish","4":"has-post-thumbnail","6":"product_cat-fuehrerliteratur-sportklettern-bouldern","7":"pa_autor-berger-von-kaenel","8":"pa_erscheinungsjahr-21693","9":"pa_region-schweiz","10":"pa_sprache-de-en","12":"first","13":"instock","14":"taxable","15":"shipping-taxable","16":"purchasable","17":"product-type-simple"},"_links":{"self":[{"href":"https:\/\/pizbube.ch\/en\/wp-json\/wp\/v2\/product\/149922","targetHints":{"allow":["GET"]}}],"collection":[{"href":"https:\/\/pizbube.ch\/en\/wp-json\/wp\/v2\/product"}],"about":[{"href":"https:\/\/pizbube.ch\/en\/wp-json\/wp\/v2\/types\/product"}],"wp:featuredmedia":[{"embeddable":true,"href":"https:\/\/pizbube.ch\/en\/wp-json\/wp\/v2\/media\/174255"}],"wp:attachment":[{"href":"https:\/\/pizbube.ch\/en\/wp-json\/wp\/v2\/media?parent=149922"}],"wp:term":[{"taxonomy":"product_brand","embeddable":true,"href":"https:\/\/pizbube.ch\/en\/wp-json\/wp\/v2\/product_brand?post=149922"},{"taxonomy":"product_cat","embeddable":true,"href":"https:\/\/pizbube.ch\/en\/wp-json\/wp\/v2\/product_cat?post=149922"},{"taxonomy":"product_tag","embeddable":true,"href":"https:\/\/pizbube.ch\/en\/wp-json\/wp\/v2\/product_tag?post=149922"}],"curies":[{"name":"wp","href":"https:\/\/api.w.org\/{rel}","templated":true}]}}