{"id":149934,"date":"2021-01-15T11:01:09","date_gmt":"2021-01-15T11:01:09","guid":{"rendered":"https:\/\/codengine3.ch\/?product=import-placeholder-for-202352"},"modified":"2021-01-15T12:35:34","modified_gmt":"2021-01-15T12:35:34","slug":"felsparadies-dolomiten-touren-disk","status":"publish","type":"product","link":"https:\/\/pizbube.ch\/en\/shop\/felsparadies-dolomiten-touren-disk\/","title":{"rendered":"Felsparadies Dolomiten Touren Disk"},"content":{"rendered":"<p>106 mal Klettergenu\u00df zwischen 3 und 7. Touren Disk Klettern. \u00dcber 250<br \/>\nWandbilder, Exakte Topos, Wanderkarten 1: 50 000, Layout Programm f\u00fcr<br \/>\nAusdruck. (Systemvoraussetzungen: 16MB RAM; Grafik 800&#215;600, High-Color)<\/p>","protected":false},"excerpt":{"rendered":"<p>106 mal Klettergenu\u00df zwischen 3 und 7. Touren Disk Klettern. \u00dcber 250 Wandbilder, Exakte Topos, Wanderkarten 1: 50 000, Layout Programm f\u00fcr Ausdruck. (Systemvoraussetzungen: 16MB RAM; Grafik 800&#215;600, High-Color)<\/p>","protected":false},"featured_media":29730,"template":"","meta":[],"product_brand":[],"product_cat":[21628],"product_tag":[],"class_list":{"0":"post-149934","1":"product","2":"type-product","3":"status-publish","4":"has-post-thumbnail","6":"product_cat-video-dvd-multimedia","7":"pa_autor-koehler-memmel","8":"pa_erscheinungsjahr-22242","9":"pa_region-italien","10":"pa_sprache-de","12":"first","13":"instock","14":"taxable","15":"shipping-taxable","16":"purchasable","17":"product-type-simple"},"_links":{"self":[{"href":"https:\/\/pizbube.ch\/en\/wp-json\/wp\/v2\/product\/149934","targetHints":{"allow":["GET"]}}],"collection":[{"href":"https:\/\/pizbube.ch\/en\/wp-json\/wp\/v2\/product"}],"about":[{"href":"https:\/\/pizbube.ch\/en\/wp-json\/wp\/v2\/types\/product"}],"wp:featuredmedia":[{"embeddable":true,"href":"https:\/\/pizbube.ch\/en\/wp-json\/wp\/v2\/media\/29730"}],"wp:attachment":[{"href":"https:\/\/pizbube.ch\/en\/wp-json\/wp\/v2\/media?parent=149934"}],"wp:term":[{"taxonomy":"product_brand","embeddable":true,"href":"https:\/\/pizbube.ch\/en\/wp-json\/wp\/v2\/product_brand?post=149934"},{"taxonomy":"product_cat","embeddable":true,"href":"https:\/\/pizbube.ch\/en\/wp-json\/wp\/v2\/product_cat?post=149934"},{"taxonomy":"product_tag","embeddable":true,"href":"https:\/\/pizbube.ch\/en\/wp-json\/wp\/v2\/product_tag?post=149934"}],"curies":[{"name":"wp","href":"https:\/\/api.w.org\/{rel}","templated":true}]}}