{"id":149937,"date":"2021-01-15T11:01:09","date_gmt":"2021-01-15T11:01:09","guid":{"rendered":"https:\/\/codengine3.ch\/?product=import-placeholder-for-204759"},"modified":"2023-06-27T12:19:13","modified_gmt":"2023-06-27T10:19:13","slug":"dolomiten-50-alpine-kletterrouten","status":"publish","type":"product","link":"https:\/\/pizbube.ch\/en\/shop\/dolomiten-50-alpine-kletterrouten\/","title":{"rendered":"Dolomiten &#8211; 50 alpine Kletterrouten"},"content":{"rendered":"<p>Steile W\u00e4nde, spektakul\u00e4re Massive, schroffe Zacken: Die Dolomiten sind das<br \/>\nwohl sch\u00f6nste Gebirge der Welt. Wo sich vor 200 Millionen Jahren noch Fische<br \/>\nim Korallenriff t\u00fcmmelten, finden heute Kletterer ein senkrechtes Paradies von<br \/>\nunfassbarer Vielfalt. Zwischen der 1800 Meter hohen Nordwand des Monte Agner<br \/>\nund den Kletterg\u00e4rten an den Cinque Torri er\u00f6ffnet sich im UNESCO<br \/>\nWeltnaturerbe ein alpines Wunderland mit m\u00e4rchenhaften Einsichten und<br \/>\nAusblicken.<br \/>\nRalf Gantzhorn ist seit nunmehr 30 Jahren auf vertikaler Entdeckungsreise in<br \/>\nden Dolomiten.<\/p>\n<p>Die 50 sch\u00f6nsten Kletterrouten der Region stellt er in diesem Buch in<br \/>\natemberaubenden Bildern und ergreifenden Texten vor.<br \/>\nEin pr\u00e4chtiger Bildband f\u00fcr Alpinkletterer und Gipfeltr\u00e4umer \u2013 mit aktuellen<br \/>\nTopos und allen notwendigen Informationen.<\/p>\n<p>1. Auflage 2014; 272 Seiten mit 150 Farbabbildungen.<br \/>\n50 Topos; Format 24 x 31 cm; gebunden mit Schutzumschlag<\/p>","protected":false},"excerpt":{"rendered":"<ul>\n<li><a href=\"https:\/\/pizbube.ch\/wp-content\/uploads\/attachments\/a_016\/633492A5A33ED09718EC2A84BBD6D078.pdf\" target=\"_blank\" rel=\"noopener\">PDF: dolomiten 50 alpine kletterrouten_inhalt<\/a><\/li>\n<li><a href=\"https:\/\/pizbube.ch\/wp-content\/uploads\/attachments\/a_016\/63455FCF96E10C30473D85930153387E.pdf\" target=\"_blank\" rel=\"noopener\">PDF: dolomiten 50 alpine kletterrouten_Leseprobe<\/a><\/li>\n<\/ul>","protected":false},"featured_media":156698,"template":"","meta":[],"product_brand":[],"product_cat":[21539,21542],"product_tag":[],"class_list":{"0":"post-149937","1":"product","2":"type-product","3":"status-publish","4":"has-post-thumbnail","6":"product_cat-fuehrerliteratur-sportklettern-bouldern","7":"product_cat-sachbuecher-dokumentationen","8":"pa_autor-gantzhorn-willumeit","9":"pa_erscheinungsjahr-21550","10":"pa_region-italien","11":"pa_sprache-de","13":"first","14":"outofstock","15":"taxable","16":"shipping-taxable","17":"purchasable","18":"product-type-simple"},"_links":{"self":[{"href":"https:\/\/pizbube.ch\/en\/wp-json\/wp\/v2\/product\/149937","targetHints":{"allow":["GET"]}}],"collection":[{"href":"https:\/\/pizbube.ch\/en\/wp-json\/wp\/v2\/product"}],"about":[{"href":"https:\/\/pizbube.ch\/en\/wp-json\/wp\/v2\/types\/product"}],"wp:featuredmedia":[{"embeddable":true,"href":"https:\/\/pizbube.ch\/en\/wp-json\/wp\/v2\/media\/156698"}],"wp:attachment":[{"href":"https:\/\/pizbube.ch\/en\/wp-json\/wp\/v2\/media?parent=149937"}],"wp:term":[{"taxonomy":"product_brand","embeddable":true,"href":"https:\/\/pizbube.ch\/en\/wp-json\/wp\/v2\/product_brand?post=149937"},{"taxonomy":"product_cat","embeddable":true,"href":"https:\/\/pizbube.ch\/en\/wp-json\/wp\/v2\/product_cat?post=149937"},{"taxonomy":"product_tag","embeddable":true,"href":"https:\/\/pizbube.ch\/en\/wp-json\/wp\/v2\/product_tag?post=149937"}],"curies":[{"name":"wp","href":"https:\/\/api.w.org\/{rel}","templated":true}]}}