{"id":149950,"date":"2021-01-15T11:01:09","date_gmt":"2021-01-15T11:01:09","guid":{"rendered":"https:\/\/codengine3.ch\/?product=import-placeholder-for-204910"},"modified":"2021-01-15T14:37:14","modified_gmt":"2021-01-15T14:37:14","slug":"swiss-singletrail-map-35-zermatt-saas-fee-1-50-000","status":"publish","type":"product","link":"https:\/\/pizbube.ch\/en\/shop\/swiss-singletrail-map-35-zermatt-saas-fee-1-50-000\/","title":{"rendered":"Swiss Singletrail Map 35 Zermatt Saas Fee 1: 50 000"},"content":{"rendered":"<p>Die Singletrail Map f\u00fcr die Region Zermatt und f\u00fcr Saas Fee. Gedruckt auf ein<br \/>\nreiss- und wasserfestes Spezialpapier.  <\/p>\n<p>Region: Mattertal, Saasertal<br \/>\nR\u00fcckseite: 10 Tourenvorschl\u00e4ge und viele n\u00fctzliche Informationen<br \/>\nKarte: Original Landeskarte 1:50&#8217;000 (Swisstopo) mit Mountainbikerouten in<br \/>\ndrei Schwierigkeitsgraden (einfach, mittel, extrem)  <\/p>","protected":false},"excerpt":{"rendered":"<p>Die Singletrail Map f\u00fcr die Region Zermatt und f\u00fcr Saas Fee. Gedruckt auf ein reiss- und wasserfestes Spezialpapier. Region: Mattertal, Saasertal R\u00fcckseite: 10 Tourenvorschl\u00e4ge und viele n\u00fctzliche Informationen Karte: Original Landeskarte 1:50&#8217;000 (Swisstopo) mit Mountainbikerouten in drei Schwierigkeitsgraden (einfach, mittel, extrem)<\/p>","protected":false},"featured_media":33455,"template":"","meta":[],"product_brand":[],"product_cat":[21543],"product_tag":[],"class_list":{"0":"post-149950","1":"product","2":"type-product","3":"status-publish","4":"has-post-thumbnail","6":"product_cat-landkarten","7":"pa_autor-ssp","8":"pa_erscheinungsjahr-21842","9":"pa_region-schweiz","10":"pa_sprache-de","12":"first","13":"instock","14":"taxable","15":"shipping-taxable","16":"purchasable","17":"product-type-simple"},"_links":{"self":[{"href":"https:\/\/pizbube.ch\/en\/wp-json\/wp\/v2\/product\/149950","targetHints":{"allow":["GET"]}}],"collection":[{"href":"https:\/\/pizbube.ch\/en\/wp-json\/wp\/v2\/product"}],"about":[{"href":"https:\/\/pizbube.ch\/en\/wp-json\/wp\/v2\/types\/product"}],"wp:featuredmedia":[{"embeddable":true,"href":"https:\/\/pizbube.ch\/en\/wp-json\/wp\/v2\/media\/33455"}],"wp:attachment":[{"href":"https:\/\/pizbube.ch\/en\/wp-json\/wp\/v2\/media?parent=149950"}],"wp:term":[{"taxonomy":"product_brand","embeddable":true,"href":"https:\/\/pizbube.ch\/en\/wp-json\/wp\/v2\/product_brand?post=149950"},{"taxonomy":"product_cat","embeddable":true,"href":"https:\/\/pizbube.ch\/en\/wp-json\/wp\/v2\/product_cat?post=149950"},{"taxonomy":"product_tag","embeddable":true,"href":"https:\/\/pizbube.ch\/en\/wp-json\/wp\/v2\/product_tag?post=149950"}],"curies":[{"name":"wp","href":"https:\/\/api.w.org\/{rel}","templated":true}]}}