{"id":149951,"date":"2021-01-15T11:01:09","date_gmt":"2021-01-15T11:01:09","guid":{"rendered":"https:\/\/codengine3.ch\/?product=import-placeholder-for-202234"},"modified":"2021-01-15T12:34:32","modified_gmt":"2021-01-15T12:34:32","slug":"mountainbike-erlebnis-wallis-valais","status":"publish","type":"product","link":"https:\/\/pizbube.ch\/en\/shop\/mountainbike-erlebnis-wallis-valais\/","title":{"rendered":"Mountainbike Erlebnis Wallis \/ Valais"},"content":{"rendered":"<p>beschreibt die 40 sch\u00f6nsten Rundtouren im Wallis: 41 pr\u00e4zise Routenskizzen mit<br \/>\nH\u00f6henprofil und Kurztexten vermitteln mit packenden Farbfotos umfassende<br \/>\nInformationen. Unvergessliche Bike-Erlebnisse zwischen Furkapass und<br \/>\nGenfersee.<br \/>\nDer siebte Band in der Reihe Mountainbike Erlebnis beschreibt die 40 sch\u00f6nsten<br \/>\nRundtouren im Wallis<br \/>\n192 S. \/ ca. 40 Abb. \/ 41 Routenskizzen mit H\u00f6henprofil  <\/p>","protected":false},"excerpt":{"rendered":"<p>beschreibt die 40 sch\u00f6nsten Rundtouren im Wallis: 41 pr\u00e4zise Routenskizzen mit H\u00f6henprofil und Kurztexten vermitteln mit packenden Farbfotos umfassende Informationen. Unvergessliche Bike-Erlebnisse zwischen Furkapass und Genfersee. Der siebte Band in der Reihe Mountainbike Erlebnis beschreibt die 40 sch\u00f6nsten Rundtouren im Wallis 192 S. \/ ca. 40 Abb. \/ 41 Routenskizzen mit H\u00f6henprofil<\/p>","protected":false},"featured_media":29616,"template":"","meta":[],"product_brand":[],"product_cat":[21606],"product_tag":[],"class_list":{"0":"post-149951","1":"product","2":"type-product","3":"status-publish","4":"has-post-thumbnail","6":"product_cat-mountainbikefuehrer","7":"pa_autor-eggenberger","8":"pa_erscheinungsjahr-21750","9":"pa_region-schweiz","10":"pa_sprache-d-f","12":"first","13":"instock","14":"taxable","15":"shipping-taxable","16":"purchasable","17":"product-type-simple"},"_links":{"self":[{"href":"https:\/\/pizbube.ch\/en\/wp-json\/wp\/v2\/product\/149951","targetHints":{"allow":["GET"]}}],"collection":[{"href":"https:\/\/pizbube.ch\/en\/wp-json\/wp\/v2\/product"}],"about":[{"href":"https:\/\/pizbube.ch\/en\/wp-json\/wp\/v2\/types\/product"}],"wp:featuredmedia":[{"embeddable":true,"href":"https:\/\/pizbube.ch\/en\/wp-json\/wp\/v2\/media\/29616"}],"wp:attachment":[{"href":"https:\/\/pizbube.ch\/en\/wp-json\/wp\/v2\/media?parent=149951"}],"wp:term":[{"taxonomy":"product_brand","embeddable":true,"href":"https:\/\/pizbube.ch\/en\/wp-json\/wp\/v2\/product_brand?post=149951"},{"taxonomy":"product_cat","embeddable":true,"href":"https:\/\/pizbube.ch\/en\/wp-json\/wp\/v2\/product_cat?post=149951"},{"taxonomy":"product_tag","embeddable":true,"href":"https:\/\/pizbube.ch\/en\/wp-json\/wp\/v2\/product_tag?post=149951"}],"curies":[{"name":"wp","href":"https:\/\/api.w.org\/{rel}","templated":true}]}}