{"id":149952,"date":"2021-01-15T11:01:14","date_gmt":"2021-01-15T11:01:14","guid":{"rendered":"https:\/\/codengine3.ch\/?product=import-placeholder-for-204606"},"modified":"2025-09-03T08:38:28","modified_gmt":"2025-09-03T06:38:28","slug":"massif-de-lesterel","status":"publish","type":"product","link":"https:\/\/pizbube.ch\/en\/shop\/massif-de-lesterel\/","title":{"rendered":"Massif de l&#8217;Est\u00e9rel"},"content":{"rendered":"<p>Plus de 750 longueurs r\u00e9pertori\u00e9es<br \/>\nSites d\u00e9crits : Gorges du Blavet, Colle Rousse, La Capelle, Bayonne (Eglise<br \/>\ndes Pa\u00efens et Barrique), Barre du Roussiveau, Pic du Perthus, Cap Dramont, La<br \/>\nLieutenante, le Rocher des Monges, etc.<\/p>\n<p>Ce livre est le cinqui\u00e8me opus d&#8217;un auteur qui cumule plus de 30 ans<br \/>\nd&#8217;escalade et d&#8217;ouverture de voies dans le Massif. Au-del\u00e0 de l&#8217;aspect<br \/>\ntechnique de ce partage d&#8217;exp\u00e9rience, il vous facilite l&#8217;acc\u00e8s d&#8217;un<br \/>\nextraordinaire jardin. S&#8217;y c\u00f4toient la M\u00e9diterran\u00e9e et les collines<br \/>\nverdoyantes du moyen pays varois, l\u00e0 o\u00f9 le bleu du ciel rejoint l&#8217;ocre rouge<br \/>\ndes parois volcaniques.<\/p>\n<p>Insolites et magn\u00e9tiques, ces falaises offrent une large palette de<br \/>\ndifficult\u00e9s et d&#8217;ambiances qui sauront satisfaire aussi bien celui qui<br \/>\nrecherche le site discret o\u00f9 la qui\u00e9tude r\u00e8gne en ma\u00eetresse absolue, comme<br \/>\nceux qui affectionnent les sites sportifs en vogue.<\/p>\n<p>This book is the 5th by the author who was climbing and opening routes for 30<br \/>\nyears in this range. Beyond the sharing of his experience, it allows you to<br \/>\nenter an extraordinary garden in which the Mediterranean meets the verdant<br \/>\nhills and the blue sky meets the the ochre of the volcanic cliffs.<\/p>\n<p>Unusual and magnetic, these cliffs offer a wide range of difficulty and<br \/>\nambiance which will satisfy both those looking for peace and quiet as well as<br \/>\nthose looking for the latest sport sites.<\/p>\n<p>A true gatekeeper, it opens the door tot he fragile and precious universe that<br \/>\nis Esterel, thus inviting captivated visitors to respect it in all its<br \/>\nsubtlety.<\/p>","protected":false},"excerpt":{"rendered":"<p>Plus de 750 longueurs r\u00e9pertori\u00e9es Sites d\u00e9crits : Gorges du Blavet, Colle Rousse, La Capelle, Bayonne (Eglise des Pa\u00efens et Barrique), Barre du Roussiveau, Pic du Perthus, Cap Dramont, La Lieutenante, le Rocher des Monges, etc. Ce livre est le cinqui\u00e8me opus d&#8217;un auteur qui cumule plus de 30 ans d&#8217;escalade et d&#8217;ouverture de voies [&#8230;]\n","protected":false},"featured_media":164022,"template":"","meta":[],"product_brand":[],"product_cat":[21539],"product_tag":[],"class_list":{"0":"post-149952","1":"product","2":"type-product","3":"status-publish","4":"has-post-thumbnail","6":"product_cat-fuehrerliteratur-sportklettern-bouldern","7":"pa_autor-rive","8":"pa_erscheinungsjahr-21546","9":"pa_region-frankreich","10":"pa_sprache-fr-en","12":"first","13":"onbackorder","14":"taxable","15":"shipping-taxable","16":"purchasable","17":"product-type-simple"},"_links":{"self":[{"href":"https:\/\/pizbube.ch\/en\/wp-json\/wp\/v2\/product\/149952","targetHints":{"allow":["GET"]}}],"collection":[{"href":"https:\/\/pizbube.ch\/en\/wp-json\/wp\/v2\/product"}],"about":[{"href":"https:\/\/pizbube.ch\/en\/wp-json\/wp\/v2\/types\/product"}],"wp:featuredmedia":[{"embeddable":true,"href":"https:\/\/pizbube.ch\/en\/wp-json\/wp\/v2\/media\/164022"}],"wp:attachment":[{"href":"https:\/\/pizbube.ch\/en\/wp-json\/wp\/v2\/media?parent=149952"}],"wp:term":[{"taxonomy":"product_brand","embeddable":true,"href":"https:\/\/pizbube.ch\/en\/wp-json\/wp\/v2\/product_brand?post=149952"},{"taxonomy":"product_cat","embeddable":true,"href":"https:\/\/pizbube.ch\/en\/wp-json\/wp\/v2\/product_cat?post=149952"},{"taxonomy":"product_tag","embeddable":true,"href":"https:\/\/pizbube.ch\/en\/wp-json\/wp\/v2\/product_tag?post=149952"}],"curies":[{"name":"wp","href":"https:\/\/api.w.org\/{rel}","templated":true}]}}