{"id":149953,"date":"2021-01-15T11:01:14","date_gmt":"2021-01-15T11:01:14","guid":{"rendered":"https:\/\/codengine3.ch\/?product=import-placeholder-for-203842"},"modified":"2021-01-15T14:27:07","modified_gmt":"2021-01-15T14:27:07","slug":"sainte-baume-escalade","status":"publish","type":"product","link":"https:\/\/pizbube.ch\/en\/shop\/sainte-baume-escalade\/","title":{"rendered":"Sainte Baume Escalade"},"content":{"rendered":"<p>Enfin un vrai topo complet de la Sainte Baume!<br \/>\nLes descriptifs complets des parois incontournables ; Bertagne, les B\u00e9guines,<br \/>\nle D\u00e9fens, sans oublier les \u00e9coles d&#8217;escalade, la Petite Gal\u00e8re, la Perle au<br \/>\ncomplet, Pin de Simon, etc&#8230;<\/p>","protected":false},"excerpt":{"rendered":"<p>Enfin un vrai topo complet de la Sainte Baume! Les descriptifs complets des parois incontournables ; Bertagne, les B\u00e9guines, le D\u00e9fens, sans oublier les \u00e9coles d&#8217;escalade, la Petite Gal\u00e8re, la Perle au complet, Pin de Simon, etc&#8230;<\/p>","protected":false},"featured_media":31535,"template":"","meta":[],"product_brand":[],"product_cat":[21539],"product_tag":[],"class_list":{"0":"post-149953","1":"product","2":"type-product","3":"status-publish","4":"has-post-thumbnail","6":"product_cat-fuehrerliteratur-sportklettern-bouldern","7":"pa_autor-gorgeon-legier-rainette","8":"pa_erscheinungsjahr-21776","9":"pa_region-frankreich","10":"pa_sprache-fr","12":"first","13":"outofstock","14":"taxable","15":"shipping-taxable","16":"purchasable","17":"product-type-simple"},"_links":{"self":[{"href":"https:\/\/pizbube.ch\/en\/wp-json\/wp\/v2\/product\/149953","targetHints":{"allow":["GET"]}}],"collection":[{"href":"https:\/\/pizbube.ch\/en\/wp-json\/wp\/v2\/product"}],"about":[{"href":"https:\/\/pizbube.ch\/en\/wp-json\/wp\/v2\/types\/product"}],"wp:featuredmedia":[{"embeddable":true,"href":"https:\/\/pizbube.ch\/en\/wp-json\/wp\/v2\/media\/31535"}],"wp:attachment":[{"href":"https:\/\/pizbube.ch\/en\/wp-json\/wp\/v2\/media?parent=149953"}],"wp:term":[{"taxonomy":"product_brand","embeddable":true,"href":"https:\/\/pizbube.ch\/en\/wp-json\/wp\/v2\/product_brand?post=149953"},{"taxonomy":"product_cat","embeddable":true,"href":"https:\/\/pizbube.ch\/en\/wp-json\/wp\/v2\/product_cat?post=149953"},{"taxonomy":"product_tag","embeddable":true,"href":"https:\/\/pizbube.ch\/en\/wp-json\/wp\/v2\/product_tag?post=149953"}],"curies":[{"name":"wp","href":"https:\/\/api.w.org\/{rel}","templated":true}]}}