{"id":149954,"date":"2021-01-15T11:01:14","date_gmt":"2021-01-15T11:01:14","guid":{"rendered":"https:\/\/codengine3.ch\/?product=import-placeholder-for-203682"},"modified":"2021-01-15T14:25:38","modified_gmt":"2021-01-15T14:25:38","slug":"escalades-autour-de-toulon-tome-2","status":"publish","type":"product","link":"https:\/\/pizbube.ch\/en\/shop\/escalades-autour-de-toulon-tome-2\/","title":{"rendered":"Escalades autour de Toulon Tome 2"},"content":{"rendered":"<p>Tome 2: Cette fois, il s&#8217;agit de l&#8217;Est Varois : Baou, Coudon, Touris,<br \/>\nCroupatier, Ragas, etc &#8230;<br \/>\nTr\u00e8s bien document\u00e9, croquis, photos.  <\/p>\n<p>Topof\u00fchrer\/ topguidebook: Beschrieben sind folgende Gebiete:<br \/>\nBaou, Coudon, Touris, Croupatier, Ragas, Touravelle, Tourris, Fenouillet. 208<br \/>\np.<\/p>","protected":false},"excerpt":{"rendered":"<p>Tome 2: Cette fois, il s&#8217;agit de l&#8217;Est Varois : Baou, Coudon, Touris, Croupatier, Ragas, etc &#8230; Tr\u00e8s bien document\u00e9, croquis, photos. Topof\u00fchrer\/ topguidebook: Beschrieben sind folgende Gebiete: Baou, Coudon, Touris, Croupatier, Ragas, Touravelle, Tourris, Fenouillet. 208 p.<\/p>","protected":false},"featured_media":31340,"template":"","meta":[],"product_brand":[],"product_cat":[21539],"product_tag":[],"class_list":{"0":"post-149954","1":"product","2":"type-product","3":"status-publish","4":"has-post-thumbnail","6":"product_cat-fuehrerliteratur-sportklettern-bouldern","7":"pa_autor-garnier","8":"pa_erscheinungsjahr-21776","9":"pa_region-frankreich","10":"pa_sprache-d","11":"pa_sprache-e","12":"pa_sprache-f","13":"pa_sprache-i","14":"pa_sprache-sp","16":"first","17":"instock","18":"taxable","19":"shipping-taxable","20":"purchasable","21":"product-type-simple"},"_links":{"self":[{"href":"https:\/\/pizbube.ch\/en\/wp-json\/wp\/v2\/product\/149954","targetHints":{"allow":["GET"]}}],"collection":[{"href":"https:\/\/pizbube.ch\/en\/wp-json\/wp\/v2\/product"}],"about":[{"href":"https:\/\/pizbube.ch\/en\/wp-json\/wp\/v2\/types\/product"}],"wp:featuredmedia":[{"embeddable":true,"href":"https:\/\/pizbube.ch\/en\/wp-json\/wp\/v2\/media\/31340"}],"wp:attachment":[{"href":"https:\/\/pizbube.ch\/en\/wp-json\/wp\/v2\/media?parent=149954"}],"wp:term":[{"taxonomy":"product_brand","embeddable":true,"href":"https:\/\/pizbube.ch\/en\/wp-json\/wp\/v2\/product_brand?post=149954"},{"taxonomy":"product_cat","embeddable":true,"href":"https:\/\/pizbube.ch\/en\/wp-json\/wp\/v2\/product_cat?post=149954"},{"taxonomy":"product_tag","embeddable":true,"href":"https:\/\/pizbube.ch\/en\/wp-json\/wp\/v2\/product_tag?post=149954"}],"curies":[{"name":"wp","href":"https:\/\/api.w.org\/{rel}","templated":true}]}}