{"id":149955,"date":"2021-01-15T11:01:14","date_gmt":"2021-01-15T11:01:14","guid":{"rendered":"https:\/\/codengine3.ch\/?product=import-placeholder-for-204510"},"modified":"2024-05-04T15:12:15","modified_gmt":"2024-05-04T13:12:15","slug":"grimper-autour-de-toulon","status":"publish","type":"product","link":"https:\/\/pizbube.ch\/en\/shop\/grimper-autour-de-toulon\/","title":{"rendered":"Grimper autour de Toulon"},"content":{"rendered":"<p>Sites d\u00e9crits: Baou de 4 Ouro, Destel, Faron, Cima\u00ef, Coudon,<br \/>\nCroupatier, Touravelle, Gros Cerveau, Tourris, Ragas, Jaume, Fenouillet,<br \/>\nRoche Redonne.<\/p>\n<p>2262 longueurs r\u00e9pertori\u00e9es<\/p>\n<p>Cette nouvelle \u00e9dition rassemble en un seul tome tous les secteurs d\u2019escalade<br \/>\n\u00e0 proximit\u00e9 de Toulon.<\/p>\n<p>En plus des voies et secteurs pr\u00e9sents dans les 2 tomes de l \u2019\u00e9dition<br \/>\npr\u00e9c\u00e9dente [\u00e0 l`exception de La Cride (ndlr)], le dynamisme du CDFFME 83<br \/>\net la passion d\u2019une poign\u00e9e d\u2019\u00e9quipeurs ont permis de mettre au jour de<br \/>\nnouvelles p\u00e9pites :<\/p>\n<p>&#8211; 10 secteurs enti\u00e8rement nouveaux,<br \/>\n&#8211; 500 voies nouvelles, du 2b au 8c+,<br \/>\n&#8211; des secteurs pour toutes les saisons ,<\/p>\n<p>Grimper \u00e0 Toulon, c\u2019est :<br \/>\n&#8211; 2262 longueurs, dont un grand nombre de voies r\u00e9\u00e9quip\u00e9es r\u00e9cemment.<br \/>\n&#8211; du soleil 300 jours par an,<br \/>\n&#8211; du rocher pour tous, d\u00e9butants ou mutants,<br \/>\n&#8211; et toujours la qualit\u00e9 de l\u2019\u00e9quipement \u201cmade in Toulon\u201d&#8230;<\/p>\n","protected":false},"excerpt":{"rendered":"<p>Sites d\u00e9crits: Baou de 4 Ouro, Destel, Faron, Cima\u00ef, Coudon, Croupatier, Touravelle, Gros Cerveau, Tourris, Ragas, Jaume, Fenouillet, Roche Redonne. 2262 longueurs r\u00e9pertori\u00e9es Cette nouvelle \u00e9dition rassemble en un seul tome tous les secteurs d\u2019escalade \u00e0 proximit\u00e9 de Toulon. En plus des voies et secteurs pr\u00e9sents dans les 2 tomes de l \u2019\u00e9dition pr\u00e9c\u00e9dente [\u00e0 [&#8230;]\n","protected":false},"featured_media":32631,"template":"","meta":[],"product_brand":[],"product_cat":[21539],"product_tag":[],"class_list":{"0":"post-149955","1":"product","2":"type-product","3":"status-publish","4":"has-post-thumbnail","6":"product_cat-fuehrerliteratur-sportklettern-bouldern","7":"pa_autor-boutonne","8":"pa_erscheinungsjahr-21546","9":"pa_region-frankreich","10":"pa_sprache-fr","12":"first","13":"outofstock","14":"taxable","15":"shipping-taxable","16":"purchasable","17":"product-type-simple"},"_links":{"self":[{"href":"https:\/\/pizbube.ch\/en\/wp-json\/wp\/v2\/product\/149955","targetHints":{"allow":["GET"]}}],"collection":[{"href":"https:\/\/pizbube.ch\/en\/wp-json\/wp\/v2\/product"}],"about":[{"href":"https:\/\/pizbube.ch\/en\/wp-json\/wp\/v2\/types\/product"}],"wp:featuredmedia":[{"embeddable":true,"href":"https:\/\/pizbube.ch\/en\/wp-json\/wp\/v2\/media\/32631"}],"wp:attachment":[{"href":"https:\/\/pizbube.ch\/en\/wp-json\/wp\/v2\/media?parent=149955"}],"wp:term":[{"taxonomy":"product_brand","embeddable":true,"href":"https:\/\/pizbube.ch\/en\/wp-json\/wp\/v2\/product_brand?post=149955"},{"taxonomy":"product_cat","embeddable":true,"href":"https:\/\/pizbube.ch\/en\/wp-json\/wp\/v2\/product_cat?post=149955"},{"taxonomy":"product_tag","embeddable":true,"href":"https:\/\/pizbube.ch\/en\/wp-json\/wp\/v2\/product_tag?post=149955"}],"curies":[{"name":"wp","href":"https:\/\/api.w.org\/{rel}","templated":true}]}}