{"id":149956,"date":"2021-01-15T11:01:14","date_gmt":"2021-01-15T11:01:14","guid":{"rendered":"https:\/\/codengine3.ch\/?product=import-placeholder-for-203350"},"modified":"2025-04-04T10:27:59","modified_gmt":"2025-04-04T08:27:59","slug":"chateaudouble","status":"publish","type":"product","link":"https:\/\/pizbube.ch\/en\/shop\/chateaudouble\/","title":{"rendered":"Ch\u00e2teaudouble"},"content":{"rendered":"<p>Escalade en Drac\u00e9nie:<\/p>\n<p>Non loin de Draguignan, le surprenant petit village de Ch\u00e2teaudouble domine<br \/>\ndes gorges \u00e0 la fois sombres et lumineuses, \u00e0 la fois myst\u00e9rieuses et<br \/>\navenantes. Contraste maximum, indiff\u00e9rence impossible. Roches grises, roches<br \/>\nbrunes, roches rouges : les couleurs vous invitent. Pays des mulets, du<br \/>\nminerai de fer, des sentiers escarp\u00e9s, de la Salsepareille vivace, et surtout,<br \/>\nsurtout, pays de falaises et de baumes secr\u00eates o\u00f9 il est doux de grimper<br \/>\ntoute l&#8217;ann\u00e9e.<\/p>\n<p>Topoguidebook, 163 p.<\/p>","protected":false},"excerpt":{"rendered":"<p>Escalade en Drac\u00e9nie: Non loin de Draguignan, le surprenant petit village de Ch\u00e2teaudouble domine des gorges \u00e0 la fois sombres et lumineuses, \u00e0 la fois myst\u00e9rieuses et avenantes. Contraste maximum, indiff\u00e9rence impossible. Roches grises, roches brunes, roches rouges : les couleurs vous invitent. Pays des mulets, du minerai de fer, des sentiers escarp\u00e9s, de la [&#8230;]\n","protected":false},"featured_media":179173,"template":"","meta":[],"product_brand":[],"product_cat":[21539],"product_tag":[],"class_list":{"0":"post-149956","1":"product","2":"type-product","3":"status-publish","4":"has-post-thumbnail","6":"product_cat-fuehrerliteratur-sportklettern-bouldern","7":"pa_autor-bugada","8":"pa_erscheinungsjahr-21920","9":"pa_region-frankreich","10":"pa_sprache-e","11":"pa_sprache-f","13":"first","14":"instock","15":"taxable","16":"shipping-taxable","17":"purchasable","18":"product-type-simple"},"_links":{"self":[{"href":"https:\/\/pizbube.ch\/en\/wp-json\/wp\/v2\/product\/149956","targetHints":{"allow":["GET"]}}],"collection":[{"href":"https:\/\/pizbube.ch\/en\/wp-json\/wp\/v2\/product"}],"about":[{"href":"https:\/\/pizbube.ch\/en\/wp-json\/wp\/v2\/types\/product"}],"wp:featuredmedia":[{"embeddable":true,"href":"https:\/\/pizbube.ch\/en\/wp-json\/wp\/v2\/media\/179173"}],"wp:attachment":[{"href":"https:\/\/pizbube.ch\/en\/wp-json\/wp\/v2\/media?parent=149956"}],"wp:term":[{"taxonomy":"product_brand","embeddable":true,"href":"https:\/\/pizbube.ch\/en\/wp-json\/wp\/v2\/product_brand?post=149956"},{"taxonomy":"product_cat","embeddable":true,"href":"https:\/\/pizbube.ch\/en\/wp-json\/wp\/v2\/product_cat?post=149956"},{"taxonomy":"product_tag","embeddable":true,"href":"https:\/\/pizbube.ch\/en\/wp-json\/wp\/v2\/product_tag?post=149956"}],"curies":[{"name":"wp","href":"https:\/\/api.w.org\/{rel}","templated":true}]}}