{"id":149960,"date":"2021-01-15T11:01:15","date_gmt":"2021-01-15T11:01:15","guid":{"rendered":"https:\/\/codengine3.ch\/?product=import-placeholder-for-206326"},"modified":"2021-01-15T14:48:07","modified_gmt":"2021-01-15T14:48:07","slug":"alpenvereinsjahrbuch-berg-2011","status":"publish","type":"product","link":"https:\/\/pizbube.ch\/en\/shop\/alpenvereinsjahrbuch-berg-2011\/","title":{"rendered":"Alpenvereinsjahrbuch BERG 2011"},"content":{"rendered":"<p>Das Alpenvereinsjahrbuch spiegelt Jahr f\u00fcr Jahr mit erstklassigen Beitr\u00e4gen<br \/>\nnamhafter Autoren wichtige Themen und Ereignisse wider. D\u00f6rte Pietron, Robert<br \/>\nJasper, Alexander und Thomas Huber sind Namen, die f\u00fcr Kreativit\u00e4t und<br \/>\nSpitzenleistungen in den gro\u00dfen Bergen stehen, und Thomas Bucher portr\u00e4tiert<br \/>\nin seinem Artikel &#8218;Plastiksprengstoff&#8216;, die junge, nachwachsende<br \/>\nKlettergeneration, die aus der Halle in den Fels dr\u00e4ngt und mit Macht die<br \/>\nKletterszene ver\u00e4ndert. Nat\u00fcrlich kommen auch die mehr oder weniger<br \/>\nvergessenen gro\u00dfen Namen der Vergangenheit zu Wort: Rudolf Kauschka,<br \/>\nKletterer, Lyriker und Rodeleuropameister aus dem Isergebirge, Lino Lacedelli,<br \/>\nder k\u00fcrzlich verstorbene Erstbesteiger des K2, und Paula Wiesinger Steger,<br \/>\neine der st\u00e4rksten Kletterinnen ihrer Zeit und vielseitige Alpinsportlerin aus<br \/>\nS\u00fcdtirol.  <\/p>\n<p>Das Jahrbuch widmet sich aber auch sensiblen und kontrovers diskutierten<br \/>\nThemen: Doping am Berg, Klettern mit Multipler Sklerose, Sanierung alpiner<br \/>\nKlassiker und den Baby-am-Berg-Boom sind tagesaktuelle Fragen und<br \/>\nProblembereiche.  <\/p>\n<p>Mit seiner reichen Bebilderung und hochwertigen Ausf\u00fchrung bietet das aktuelle<br \/>\nJahrbuch einen ebenso spannenden wie vielseitigen Einblick in die Geschichte<br \/>\nund Gegenwart des Alpenvereins und des modernen Bergsports.<br \/>\n320 Seiten, rund 350 Farb- und SW-Fotos, gebunden, Hardcover.  <\/p>","protected":false},"excerpt":{"rendered":"<p>Das Alpenvereinsjahrbuch spiegelt Jahr f\u00fcr Jahr mit erstklassigen Beitr\u00e4gen namhafter Autoren wichtige Themen und Ereignisse wider. D\u00f6rte Pietron, Robert Jasper, Alexander und Thomas Huber sind Namen, die f\u00fcr Kreativit\u00e4t und Spitzenleistungen in den gro\u00dfen Bergen stehen, und Thomas Bucher portr\u00e4tiert in seinem Artikel &#8218;Plastiksprengstoff&#8216;, die junge, nachwachsende Klettergeneration, die aus der Halle in den Fels [&#8230;]\n","protected":false},"featured_media":35322,"template":"","meta":[],"product_brand":[],"product_cat":[21542],"product_tag":[],"class_list":{"0":"post-149960","1":"product","2":"type-product","3":"status-publish","4":"has-post-thumbnail","6":"product_cat-sachbuecher-dokumentationen","7":"pa_autor-theil-hrsg","8":"pa_erscheinungsjahr-21830","9":"pa_region-deutschland","10":"pa_sprache-de","12":"first","13":"instock","14":"taxable","15":"shipping-taxable","16":"purchasable","17":"product-type-simple"},"_links":{"self":[{"href":"https:\/\/pizbube.ch\/en\/wp-json\/wp\/v2\/product\/149960","targetHints":{"allow":["GET"]}}],"collection":[{"href":"https:\/\/pizbube.ch\/en\/wp-json\/wp\/v2\/product"}],"about":[{"href":"https:\/\/pizbube.ch\/en\/wp-json\/wp\/v2\/types\/product"}],"wp:featuredmedia":[{"embeddable":true,"href":"https:\/\/pizbube.ch\/en\/wp-json\/wp\/v2\/media\/35322"}],"wp:attachment":[{"href":"https:\/\/pizbube.ch\/en\/wp-json\/wp\/v2\/media?parent=149960"}],"wp:term":[{"taxonomy":"product_brand","embeddable":true,"href":"https:\/\/pizbube.ch\/en\/wp-json\/wp\/v2\/product_brand?post=149960"},{"taxonomy":"product_cat","embeddable":true,"href":"https:\/\/pizbube.ch\/en\/wp-json\/wp\/v2\/product_cat?post=149960"},{"taxonomy":"product_tag","embeddable":true,"href":"https:\/\/pizbube.ch\/en\/wp-json\/wp\/v2\/product_tag?post=149960"}],"curies":[{"name":"wp","href":"https:\/\/api.w.org\/{rel}","templated":true}]}}