{"id":149963,"date":"2021-01-15T11:01:15","date_gmt":"2021-01-15T11:01:15","guid":{"rendered":"https:\/\/codengine3.ch\/?product=import-placeholder-for-207098"},"modified":"2021-01-15T14:55:05","modified_gmt":"2021-01-15T14:55:05","slug":"alpenvereinsjahrbuch-berg-2012","status":"publish","type":"product","link":"https:\/\/pizbube.ch\/en\/shop\/alpenvereinsjahrbuch-berg-2012\/","title":{"rendered":"Alpenvereinsjahrbuch BERG 2012"},"content":{"rendered":"<p>Jetzt in neuem Layout: magazinartiger, emozionaler und gro\u00dfz\u00fcgiger. Die Themen<br \/>\nunter anderem:  <\/p>\n<p>&#8211; Weltnaturerbe Dolomiten<br \/>\n&#8211; Gebietsthema Brenta<br \/>\n&#8211; Was pr\u00e4gt das Bild vom Bergsteigen und wie werden wir \u00f6ffentlich<br \/>\nwahrgenommen?<br \/>\n&#8211; Hat der Mensch ein Recht auf Risiko?<br \/>\n&#8211; Welche Rolle spielte der Deutsche Alpenverein in der Zeit von 1919 bis<br \/>\n1945?<br \/>\n&#8211; Haben die Seilbahnlobby und andere Alpenm\u00f6blierer das letzte Wort?<br \/>\n&#8211; Was macht den &#8218;jungen Wilden&#8216; Hansj\u00f6rg Auer so stark?<br \/>\n&#8211; Wie verlogen ist die internationale Skyrunner-Szene?<br \/>\n&#8211; Was bewegt die Achttausenderfrau Nives Meroi, nachem das &#8218;Rennen&#8216;<br \/>\nentschieden ist?  <\/p>\n<p>256 Seiten, 230 Farbfotos, gebunden, Hardcover.  <\/p>","protected":false},"excerpt":{"rendered":"<p>Jetzt in neuem Layout: magazinartiger, emozionaler und gro\u00dfz\u00fcgiger. Die Themen unter anderem: &#8211; Weltnaturerbe Dolomiten &#8211; Gebietsthema Brenta &#8211; Was pr\u00e4gt das Bild vom Bergsteigen und wie werden wir \u00f6ffentlich wahrgenommen? &#8211; Hat der Mensch ein Recht auf Risiko? &#8211; Welche Rolle spielte der Deutsche Alpenverein in der Zeit von 1919 bis 1945? &#8211; Haben [&#8230;]\n","protected":false},"featured_media":36704,"template":"","meta":[],"product_brand":[],"product_cat":[21542],"product_tag":[],"class_list":{"0":"post-149963","1":"product","2":"type-product","3":"status-publish","4":"has-post-thumbnail","6":"product_cat-sachbuecher-dokumentationen","7":"pa_autor-dav-koehler","8":"pa_erscheinungsjahr-21610","9":"pa_region-deutschland","10":"pa_sprache-de","12":"first","13":"instock","14":"taxable","15":"shipping-taxable","16":"purchasable","17":"product-type-simple"},"_links":{"self":[{"href":"https:\/\/pizbube.ch\/en\/wp-json\/wp\/v2\/product\/149963","targetHints":{"allow":["GET"]}}],"collection":[{"href":"https:\/\/pizbube.ch\/en\/wp-json\/wp\/v2\/product"}],"about":[{"href":"https:\/\/pizbube.ch\/en\/wp-json\/wp\/v2\/types\/product"}],"wp:featuredmedia":[{"embeddable":true,"href":"https:\/\/pizbube.ch\/en\/wp-json\/wp\/v2\/media\/36704"}],"wp:attachment":[{"href":"https:\/\/pizbube.ch\/en\/wp-json\/wp\/v2\/media?parent=149963"}],"wp:term":[{"taxonomy":"product_brand","embeddable":true,"href":"https:\/\/pizbube.ch\/en\/wp-json\/wp\/v2\/product_brand?post=149963"},{"taxonomy":"product_cat","embeddable":true,"href":"https:\/\/pizbube.ch\/en\/wp-json\/wp\/v2\/product_cat?post=149963"},{"taxonomy":"product_tag","embeddable":true,"href":"https:\/\/pizbube.ch\/en\/wp-json\/wp\/v2\/product_tag?post=149963"}],"curies":[{"name":"wp","href":"https:\/\/api.w.org\/{rel}","templated":true}]}}