{"id":149967,"date":"2021-01-15T11:01:15","date_gmt":"2021-01-15T11:01:15","guid":{"rendered":"https:\/\/codengine3.ch\/?product=import-placeholder-for-205774"},"modified":"2021-01-15T14:43:48","modified_gmt":"2021-01-15T14:43:48","slug":"klatreforer-for-bergen-naturlig-sikrede-ruter-og-bolstadoyri","status":"publish","type":"product","link":"https:\/\/pizbube.ch\/en\/shop\/klatreforer-for-bergen-naturlig-sikrede-ruter-og-bolstadoyri\/","title":{"rendered":"Klatreforer for Bergen: Naturlig sikrede ruter og Bolstadoyri"},"content":{"rendered":"<p>topoguidebook for the spots around Bergen: CLEAN ROUTES<br \/>\nmany colour and black and white photos.  <\/p>\n<p>Totalt beskriver f\u00f8reren 359 ruter p\u00e5 19 klatrefelt. Dersom du skal klatre p\u00e5<br \/>\nkiler i Bergen s\u00e5 trenger du enkelt og greit denne f\u00f8reren som guide. Rutene i<br \/>\nf\u00f8reren vil med tiden ogs\u00e5bli lagt ut i rutedatabasen. Mer informasjon om<br \/>\nhvordan du skaffer deg et eksemplar finner du nedenfor.  <\/p>","protected":false},"excerpt":{"rendered":"<p>topoguidebook for the spots around Bergen: CLEAN ROUTES many colour and black and white photos. Totalt beskriver f\u00f8reren 359 ruter p\u00e5 19 klatrefelt. Dersom du skal klatre p\u00e5 kiler i Bergen s\u00e5 trenger du enkelt og greit denne f\u00f8reren som guide. Rutene i f\u00f8reren vil med tiden ogs\u00e5bli lagt ut i rutedatabasen. Mer informasjon om [&#8230;]\n","protected":false},"featured_media":34593,"template":"","meta":[],"product_brand":[],"product_cat":[21539],"product_tag":[],"class_list":{"0":"post-149967","1":"product","2":"type-product","3":"status-publish","4":"has-post-thumbnail","6":"product_cat-fuehrerliteratur-sportklettern-bouldern","7":"pa_autor-bergen-klatreklubb","8":"pa_erscheinungsjahr-21693","9":"pa_region-skandinavien-norwegen-schweden-finnland","10":"pa_sprache-norw","12":"first","13":"instock","14":"taxable","15":"shipping-taxable","16":"purchasable","17":"product-type-simple"},"_links":{"self":[{"href":"https:\/\/pizbube.ch\/en\/wp-json\/wp\/v2\/product\/149967","targetHints":{"allow":["GET"]}}],"collection":[{"href":"https:\/\/pizbube.ch\/en\/wp-json\/wp\/v2\/product"}],"about":[{"href":"https:\/\/pizbube.ch\/en\/wp-json\/wp\/v2\/types\/product"}],"wp:featuredmedia":[{"embeddable":true,"href":"https:\/\/pizbube.ch\/en\/wp-json\/wp\/v2\/media\/34593"}],"wp:attachment":[{"href":"https:\/\/pizbube.ch\/en\/wp-json\/wp\/v2\/media?parent=149967"}],"wp:term":[{"taxonomy":"product_brand","embeddable":true,"href":"https:\/\/pizbube.ch\/en\/wp-json\/wp\/v2\/product_brand?post=149967"},{"taxonomy":"product_cat","embeddable":true,"href":"https:\/\/pizbube.ch\/en\/wp-json\/wp\/v2\/product_cat?post=149967"},{"taxonomy":"product_tag","embeddable":true,"href":"https:\/\/pizbube.ch\/en\/wp-json\/wp\/v2\/product_tag?post=149967"}],"curies":[{"name":"wp","href":"https:\/\/api.w.org\/{rel}","templated":true}]}}