{"id":149970,"date":"2021-01-15T11:01:15","date_gmt":"2021-01-15T11:01:15","guid":{"rendered":"https:\/\/codengine3.ch\/?product=import-placeholder-for-207358"},"modified":"2021-01-15T16:02:25","modified_gmt":"2021-01-15T16:02:25","slug":"drammensgranitt","status":"publish","type":"product","link":"https:\/\/pizbube.ch\/en\/shop\/drammensgranitt\/","title":{"rendered":"Drammensgranitt"},"content":{"rendered":"<p>Klatref\u00f8rer for Drammen &#8211; Climbing Guidebook for Drammen, Norway; soutrh of<br \/>\nOslo (Sport, Bouldering, Iceclimbing) in Norwegian langauge only<\/p>\n<p>Endelig en ny f\u00f8rer for Drammen og omegn! Her f\u00e5r du et stort utvalg ruter,<br \/>\nsamt noe buldring og isklatring i omr\u00e5det.<\/p>\n<p>Den nye f\u00f8reren inneholder oppdatert info om alle 21 feltene, nesten dobbelt<br \/>\ns\u00e5 mange rutebeskrivelser som forrige f\u00f8rer. Ogs\u00e5 helt nye buldrefelt som ikke<br \/>\nhar v\u00e6rt tilgjengelig i tidligerer f\u00f8rere.<br \/>\nVeldig estetisk bra bok, fine bilder med inntegnete ruter. Mye nyttig og<br \/>\noversiktig informasjon om feltene.<\/p>\n<p>Ruter p\u00e5 en hel rekke klatrefelter i Drammensomr\u00e5det: Hamre, Solberg\u00e5sen,<br \/>\nGamledammen, Bera, Tverr\u00e5sen Fjellskar, Askfjell, Bergfl\u00f8dt, Fosskollen,<br \/>\nDamtjern, Glass\u00e5sen, Vard\u00e5sen, Gullaug, Lahell, Ytre Lahell, Kinnartangrenna,<br \/>\nHyggen, Muserud, Verket, Holmsbu, Mekka<\/p>\n<p>Buldrefelt beskrevet:<br \/>\nSolberg\u00e5sen, 800 metern, R\u00f8yken, Vard\u00e5sen, Andersnatten<\/p>","protected":false},"excerpt":{"rendered":"<ul>\n<li><a href=\"https:\/\/pizbube.ch\/wp-content\/uploads\/attachments\/a_024\/84D716429D59EE8DFE25E506FAC8D729.pdf\" target=\"_blank\" rel=\"noopener\">PDF: Drammensgranit Info<\/a><\/li>\n<\/ul>","protected":false},"featured_media":37226,"template":"","meta":[],"product_brand":[],"product_cat":[21539],"product_tag":[],"class_list":{"0":"post-149970","1":"product","2":"type-product","3":"status-publish","4":"has-post-thumbnail","6":"product_cat-fuehrerliteratur-sportklettern-bouldern","7":"pa_autor-bordevik","8":"pa_erscheinungsjahr-21693","9":"pa_region-skandinavien-norwegen-schweden-finnland","10":"pa_sprache-norw","12":"first","13":"outofstock","14":"taxable","15":"shipping-taxable","16":"purchasable","17":"product-type-simple"},"_links":{"self":[{"href":"https:\/\/pizbube.ch\/en\/wp-json\/wp\/v2\/product\/149970","targetHints":{"allow":["GET"]}}],"collection":[{"href":"https:\/\/pizbube.ch\/en\/wp-json\/wp\/v2\/product"}],"about":[{"href":"https:\/\/pizbube.ch\/en\/wp-json\/wp\/v2\/types\/product"}],"wp:featuredmedia":[{"embeddable":true,"href":"https:\/\/pizbube.ch\/en\/wp-json\/wp\/v2\/media\/37226"}],"wp:attachment":[{"href":"https:\/\/pizbube.ch\/en\/wp-json\/wp\/v2\/media?parent=149970"}],"wp:term":[{"taxonomy":"product_brand","embeddable":true,"href":"https:\/\/pizbube.ch\/en\/wp-json\/wp\/v2\/product_brand?post=149970"},{"taxonomy":"product_cat","embeddable":true,"href":"https:\/\/pizbube.ch\/en\/wp-json\/wp\/v2\/product_cat?post=149970"},{"taxonomy":"product_tag","embeddable":true,"href":"https:\/\/pizbube.ch\/en\/wp-json\/wp\/v2\/product_tag?post=149970"}],"curies":[{"name":"wp","href":"https:\/\/api.w.org\/{rel}","templated":true}]}}