{"id":149972,"date":"2021-01-15T11:01:15","date_gmt":"2021-01-15T11:01:15","guid":{"rendered":"https:\/\/codengine3.ch\/?product=import-placeholder-for-205068"},"modified":"2021-01-15T14:38:26","modified_gmt":"2021-01-15T14:38:26","slug":"die-schoensten-skitouren-chiemgau-und-berchtesgaden","status":"publish","type":"product","link":"https:\/\/pizbube.ch\/en\/shop\/die-schoensten-skitouren-chiemgau-und-berchtesgaden\/","title":{"rendered":"Die sch\u00f6nsten Skitouren Chiemgau und Berchtesgaden"},"content":{"rendered":"<p>56 spannende Touren vom Anf\u00e4ngergipfel bis zur Steilabfahrt  <\/p>\n<p>\u00dcber 50 Skitouren in den Chiemgauer und Berchtesgadener Alpen bieten ein<br \/>\nbuntes Programm vom ersten Schnee bis ins sp\u00e4te Fr\u00fchjahr hinein &#8211; von sanften<br \/>\nGrash\u00fcgeln bis hin zu knackigen Hochtouren.Zu jeder Tour finden Sie: genaue<br \/>\nAngaben zu L\u00e4nge, Zeit, Schwierigkeit und Lawinengef\u00e4hrdung; Kartenskizzen f\u00fcr<br \/>\ndie rasche \u00dcbersicht; gut verst\u00e4ndliche Wegbeschreibungen; Hinweise und Tipps<br \/>\nzu Anreise und Einkehrm\u00f6glichkeiten.<br \/>\n192 Seiten, Format 12,0 x 18,5 cm, Broschur  <\/p>","protected":false},"excerpt":{"rendered":"<p>56 spannende Touren vom Anf\u00e4ngergipfel bis zur Steilabfahrt \u00dcber 50 Skitouren in den Chiemgauer und Berchtesgadener Alpen bieten ein buntes Programm vom ersten Schnee bis ins sp\u00e4te Fr\u00fchjahr hinein &#8211; von sanften Grash\u00fcgeln bis hin zu knackigen Hochtouren.Zu jeder Tour finden Sie: genaue Angaben zu L\u00e4nge, Zeit, Schwierigkeit und Lawinengef\u00e4hrdung; Kartenskizzen f\u00fcr die rasche \u00dcbersicht; [&#8230;]\n","protected":false},"featured_media":33664,"template":"","meta":[],"product_brand":[],"product_cat":[21540],"product_tag":[],"class_list":{"0":"post-149972","1":"product","2":"type-product","3":"status-publish","4":"has-post-thumbnail","6":"product_cat-fuehrerliteratur-alpin-winter","7":"pa_autor-strauss","8":"pa_erscheinungsjahr-21842","9":"pa_region-deutschland","10":"pa_sprache-de","12":"first","13":"instock","14":"taxable","15":"shipping-taxable","16":"purchasable","17":"product-type-simple"},"_links":{"self":[{"href":"https:\/\/pizbube.ch\/en\/wp-json\/wp\/v2\/product\/149972","targetHints":{"allow":["GET"]}}],"collection":[{"href":"https:\/\/pizbube.ch\/en\/wp-json\/wp\/v2\/product"}],"about":[{"href":"https:\/\/pizbube.ch\/en\/wp-json\/wp\/v2\/types\/product"}],"wp:featuredmedia":[{"embeddable":true,"href":"https:\/\/pizbube.ch\/en\/wp-json\/wp\/v2\/media\/33664"}],"wp:attachment":[{"href":"https:\/\/pizbube.ch\/en\/wp-json\/wp\/v2\/media?parent=149972"}],"wp:term":[{"taxonomy":"product_brand","embeddable":true,"href":"https:\/\/pizbube.ch\/en\/wp-json\/wp\/v2\/product_brand?post=149972"},{"taxonomy":"product_cat","embeddable":true,"href":"https:\/\/pizbube.ch\/en\/wp-json\/wp\/v2\/product_cat?post=149972"},{"taxonomy":"product_tag","embeddable":true,"href":"https:\/\/pizbube.ch\/en\/wp-json\/wp\/v2\/product_tag?post=149972"}],"curies":[{"name":"wp","href":"https:\/\/api.w.org\/{rel}","templated":true}]}}