{"id":149975,"date":"2021-01-15T11:01:16","date_gmt":"2021-01-15T11:01:16","guid":{"rendered":"https:\/\/codengine3.ch\/?product=import-placeholder-for-207257"},"modified":"2023-08-25T09:11:48","modified_gmt":"2023-08-25T07:11:48","slug":"climbing-in-magnesia-greece","status":"publish","type":"product","link":"https:\/\/pizbube.ch\/en\/shop\/climbing-in-magnesia-greece\/","title":{"rendered":"Climbing in Magnesia Greece"},"content":{"rendered":"<p>Kletterf\u00fchrer f\u00fcr Gebiete auf der Halbinsel Magnesia. Der F\u00fchrer beschreibt 18 Gebiete, deren Lage sich \u00fcberwiegend auf die Umgebung der St\u00e4dte Volos und Almiros verteilt. Etwa 100km in nord\u00f6stlicher Richtung entfernt trohnen die unglaublichen Konglomeratt\u00fcrme von Meteora. Der Olymp ist keine 150km entfernt.<\/p>\n<p>Die Gebiete auf Magnesia bieten sich somit ideal an, um neben diesen unvermeidbaren Zielen eines Griechenlandtrips genussvoll ein paar Tage im Kalk, am Meer zu klettern und zu entspannen. Apropos entspannen: die traumhafte Inselgruppe der Sporaden ist Magnesia direkt vorgelagert. Besonderer Hinweis an Kletterer mit Nachwuchs im Gep\u00e4ck: viele der Gebiete sind als kinderfreundlich bewertet!<\/p>\n<p>Die zum Teil direkt am Meer liegenden Gebiete sind durchweg besten eingerichtet. Die vorzufindenden Schwierigkeiten liegen vorwiegend im 5. bis 7. franz\u00f6sichen Grad, wobei der 6. Franzosengrad klarcdominiert. Der Kletterf\u00fchrer besticht durch \u00fcbersichtlichen Aufbau und handliches Format. Alle ben\u00f6tigten Informationen zu Gebiet und Routen sind in gebotener K\u00fcrze dargestellt. Die einzelnen Gebiete werden einleitend kurz charakterisiert, es folgen detaillierte Infos zu Anfahrt, Parkm\u00f6glichkeiten, \u00dcbernachtungsm\u00f6glichkeiten sowie eine Auflistung der vorfindbaren Wege geordnet nach Anzahl und Grad.<\/p>\n<p>Alle weiteren Infos (Sonnen\/Schattenzeiten, H\u00f6he des Gebietes, Kinderfreundlichkeit, ben\u00f6tigtes Material, empfohlene Seill\u00e4nge, Art der Absicherung, L\u00e4nge der Wege, Anzahl der Sicherungen, Art der Kletterei, Wandneigung, Grad) sind als Piktogramm dargestellt und lassen somit keine Frage offen.<\/p>\n<p>Die durchgehend gut lesbaren Topos sind \u00fcber Farbfotografien der W\u00e4nde gelegt. Der F\u00fchrer ist zweisprachig in griechischer und englischer Sprache verfasst.<br \/>\n156 Seiten<\/p>","protected":false},"excerpt":{"rendered":"<p>Kletterf\u00fchrer f\u00fcr Gebiete auf der Halbinsel Magnesia. Der F\u00fchrer beschreibt 18 Gebiete, deren Lage sich \u00fcberwiegend auf die Umgebung der St\u00e4dte Volos und Almiros verteilt. Etwa 100km in nord\u00f6stlicher Richtung entfernt trohnen die unglaublichen Konglomeratt\u00fcrme von Meteora. Der Olymp ist keine 150km entfernt. Die Gebiete auf Magnesia bieten sich somit ideal an, um neben diesen [&#8230;]\n","protected":false},"featured_media":169096,"template":"","meta":[],"product_brand":[],"product_cat":[21539],"product_tag":[],"class_list":{"0":"post-149975","1":"product","2":"type-product","3":"status-publish","4":"has-post-thumbnail","6":"product_cat-fuehrerliteratur-sportklettern-bouldern","7":"pa_autor-kosmopoulos","8":"pa_erscheinungsjahr-21568","9":"pa_region-griechenland","10":"pa_sprache-en-griech","12":"first","13":"outofstock","14":"taxable","15":"shipping-taxable","16":"purchasable","17":"product-type-simple"},"_links":{"self":[{"href":"https:\/\/pizbube.ch\/en\/wp-json\/wp\/v2\/product\/149975","targetHints":{"allow":["GET"]}}],"collection":[{"href":"https:\/\/pizbube.ch\/en\/wp-json\/wp\/v2\/product"}],"about":[{"href":"https:\/\/pizbube.ch\/en\/wp-json\/wp\/v2\/types\/product"}],"wp:featuredmedia":[{"embeddable":true,"href":"https:\/\/pizbube.ch\/en\/wp-json\/wp\/v2\/media\/169096"}],"wp:attachment":[{"href":"https:\/\/pizbube.ch\/en\/wp-json\/wp\/v2\/media?parent=149975"}],"wp:term":[{"taxonomy":"product_brand","embeddable":true,"href":"https:\/\/pizbube.ch\/en\/wp-json\/wp\/v2\/product_brand?post=149975"},{"taxonomy":"product_cat","embeddable":true,"href":"https:\/\/pizbube.ch\/en\/wp-json\/wp\/v2\/product_cat?post=149975"},{"taxonomy":"product_tag","embeddable":true,"href":"https:\/\/pizbube.ch\/en\/wp-json\/wp\/v2\/product_tag?post=149975"}],"curies":[{"name":"wp","href":"https:\/\/api.w.org\/{rel}","templated":true}]}}