{"id":149978,"date":"2021-01-15T11:01:16","date_gmt":"2021-01-15T11:01:16","guid":{"rendered":"https:\/\/codengine3.ch\/?product=import-placeholder-for-207823"},"modified":"2025-04-08T14:30:20","modified_gmt":"2025-04-08T12:30:20","slug":"kletterfuehrer-loutra-loutra-climbing-guide","status":"publish","type":"product","link":"https:\/\/pizbube.ch\/en\/shop\/kletterfuehrer-loutra-loutra-climbing-guide\/","title":{"rendered":"Kletterf\u00fchrer LOUTRA &#8211; LOUTRA Climbing Guide"},"content":{"rendered":"<p>Sportklettern direkt am Strand, Boulderquerg\u00e4nge \u00fcber dem Mittelmeer und sogar<br \/>\nMehrseill\u00e4ngenrouten mit Blick auf den Olymp: Das Klettergebiet von Loutra auf<br \/>\nder griechischen Halbinsel Chalkidiki kann selbst dem erfahrenen Kletterer<br \/>\nviele neuartige, tiefe Eindr\u00fccke und Erlebnisse liefern. Von Thessalonikis<br \/>\ninternationalem Flughafen gut per Bus oder Mietwagen erreichbar, lassen sich<br \/>\nhier Bade- und Kletterurlaub perfekt miteinander verbinden!<\/p>\n<p>Close to Thessaloniki, the rock climbing area of Loutra on Chalkidiki \/ Greece<br \/>\noffers beautiful bouldering opportunities and longer climbs right above the<br \/>\nsea. It is even suitable for the hot summer season and ideal for families as<br \/>\none can perfectly combine beach life and rock climbing.<\/p>\n<p>64 Seiten \/ pages<\/p>","protected":false},"excerpt":{"rendered":"<ul>\n<li><a href=\"https:\/\/youtu.be\/uLc51buCucc\" target=\"_blank\" rel=\"noopener\">Video: Loutra Kletterf\u00fchrer<\/a><\/li>\n<\/ul>","protected":false},"featured_media":179211,"template":"","meta":[],"product_brand":[],"product_cat":[21539],"product_tag":[],"class_list":{"0":"post-149978","1":"product","2":"type-product","3":"status-publish","4":"has-post-thumbnail","6":"product_cat-fuehrerliteratur-sportklettern-bouldern","7":"pa_autor-maluck","8":"pa_erscheinungsjahr-21574","9":"pa_region-griechenland","10":"pa_sprache-de-en","12":"first","13":"instock","14":"taxable","15":"shipping-taxable","16":"purchasable","17":"product-type-simple"},"_links":{"self":[{"href":"https:\/\/pizbube.ch\/en\/wp-json\/wp\/v2\/product\/149978","targetHints":{"allow":["GET"]}}],"collection":[{"href":"https:\/\/pizbube.ch\/en\/wp-json\/wp\/v2\/product"}],"about":[{"href":"https:\/\/pizbube.ch\/en\/wp-json\/wp\/v2\/types\/product"}],"wp:featuredmedia":[{"embeddable":true,"href":"https:\/\/pizbube.ch\/en\/wp-json\/wp\/v2\/media\/179211"}],"wp:attachment":[{"href":"https:\/\/pizbube.ch\/en\/wp-json\/wp\/v2\/media?parent=149978"}],"wp:term":[{"taxonomy":"product_brand","embeddable":true,"href":"https:\/\/pizbube.ch\/en\/wp-json\/wp\/v2\/product_brand?post=149978"},{"taxonomy":"product_cat","embeddable":true,"href":"https:\/\/pizbube.ch\/en\/wp-json\/wp\/v2\/product_cat?post=149978"},{"taxonomy":"product_tag","embeddable":true,"href":"https:\/\/pizbube.ch\/en\/wp-json\/wp\/v2\/product_tag?post=149978"}],"curies":[{"name":"wp","href":"https:\/\/api.w.org\/{rel}","templated":true}]}}