{"id":149986,"date":"2021-01-15T11:01:16","date_gmt":"2021-01-15T11:01:16","guid":{"rendered":"https:\/\/codengine3.ch\/?product=import-placeholder-for-200984"},"modified":"2021-05-04T10:59:59","modified_gmt":"2021-05-04T08:59:59","slug":"stubaier-alpen-alpin","status":"publish","type":"product","link":"https:\/\/pizbube.ch\/en\/shop\/stubaier-alpen-alpin\/","title":{"rendered":"Stubaier Alpen alpin"},"content":{"rendered":"<p>AV F\u00fchrer: alle Normalwege auf die begehrten Dreitausender der Stubaier Alpen<br \/>\nund die h\u00e4ufiger besuchten \u00dcberschreitungen, sofern sie \u00fcber den III.<br \/>\nSchwierigkeitsgrad nicht hinausgehen.<\/p>\n<p>Die runden Gletscherbuckel der Stubaier Berge zwischen Timmelsjoch und<br \/>\nBrennerpa\u00df sind seit jeher eines der besonders beliebten Reviere ostalpiner<br \/>\nHochtourengeher. Wen wundert&#8217;s, schart sich doch allerlei Gipfelprominenz um<br \/>\nZuckerh\u00fctl, Schrankogel und Ruderhofspitze, die in aller Regel auf technisch<br \/>\nrecht unproblematischen Gletscherwanderungen erreichbar sind.<\/p>\n<p>Der Autor legte<br \/>\ndas Hauptaugenmerk dabei auf die detaillierte Beschreibung der H\u00fcttenzug\u00e4nge<br \/>\nund beliebten H\u00f6henwege des Gebirges. Dar\u00fcber hinaus fanden nat\u00fcrlich auch<br \/>\nalle Normalwege auf die begehrten Dreitausender der Stubaier Alpen und die<br \/>\nh\u00e4ufiger besuchten \u00dcberschreitungen, sofern sie \u00fcber den III.<br \/>\nSchwierigkeitsgrad nicht hinausgehen, ganz besondere Beachtung. (13.<br \/>\n\u00fcberarbeitete Auflg.)<\/p>","protected":false},"excerpt":{"rendered":"<p>AV F\u00fchrer: alle Normalwege auf die begehrten Dreitausender der Stubaier Alpen und die h\u00e4ufiger besuchten \u00dcberschreitungen, sofern sie \u00fcber den III. Schwierigkeitsgrad nicht hinausgehen. Die runden Gletscherbuckel der Stubaier Berge zwischen Timmelsjoch und Brennerpa\u00df sind seit jeher eines der besonders beliebten Reviere ostalpiner Hochtourengeher. Wen wundert&#8217;s, schart sich doch allerlei Gipfelprominenz um Zuckerh\u00fctl, Schrankogel und [&#8230;]\n","protected":false},"featured_media":28131,"template":"","meta":[],"product_brand":[],"product_cat":[21544],"product_tag":[],"class_list":{"0":"post-149986","1":"product","2":"type-product","3":"status-publish","4":"has-post-thumbnail","6":"product_cat-fuehrerliteratur-alpin-sommer","7":"pa_autor-klier","8":"pa_erscheinungsjahr-21763","9":"pa_region-oesterreich","10":"pa_sprache-de","12":"first","13":"instock","14":"taxable","15":"shipping-taxable","16":"purchasable","17":"product-type-simple"},"_links":{"self":[{"href":"https:\/\/pizbube.ch\/en\/wp-json\/wp\/v2\/product\/149986","targetHints":{"allow":["GET"]}}],"collection":[{"href":"https:\/\/pizbube.ch\/en\/wp-json\/wp\/v2\/product"}],"about":[{"href":"https:\/\/pizbube.ch\/en\/wp-json\/wp\/v2\/types\/product"}],"wp:featuredmedia":[{"embeddable":true,"href":"https:\/\/pizbube.ch\/en\/wp-json\/wp\/v2\/media\/28131"}],"wp:attachment":[{"href":"https:\/\/pizbube.ch\/en\/wp-json\/wp\/v2\/media?parent=149986"}],"wp:term":[{"taxonomy":"product_brand","embeddable":true,"href":"https:\/\/pizbube.ch\/en\/wp-json\/wp\/v2\/product_brand?post=149986"},{"taxonomy":"product_cat","embeddable":true,"href":"https:\/\/pizbube.ch\/en\/wp-json\/wp\/v2\/product_cat?post=149986"},{"taxonomy":"product_tag","embeddable":true,"href":"https:\/\/pizbube.ch\/en\/wp-json\/wp\/v2\/product_tag?post=149986"}],"curies":[{"name":"wp","href":"https:\/\/api.w.org\/{rel}","templated":true}]}}