{"id":149987,"date":"2021-01-15T11:01:16","date_gmt":"2021-01-15T11:01:16","guid":{"rendered":"https:\/\/codengine3.ch\/?product=import-placeholder-for-203182"},"modified":"2021-01-15T12:54:51","modified_gmt":"2021-01-15T12:54:51","slug":"stubaier-alpen","status":"publish","type":"product","link":"https:\/\/pizbube.ch\/en\/shop\/stubaier-alpen\/","title":{"rendered":"Stubaier Alpen"},"content":{"rendered":"<p>Wanderer und Bergsteiger jeder Couleur finden in den Stubaiern ein weites<br \/>\nBet\u00e4tigungsfeld: gro\u00dfe Gebietsdurchquerungen wie den Stubaier H\u00f6henweg,<br \/>\nGenuss-Dreitausender wie Zuckerh\u00fctl, Wilder Paff und Wilder Freiger, das<br \/>\nSkitourenparadies der Sellrainer Berge, anspruchsvolle Klettersteige und<br \/>\nabenteuerliche Kletterrouten an wilden Kalkw\u00e4nden wie auch gefrorenen<br \/>\nWasserf\u00e4llen.<br \/>\nWer k\u00f6nnte die Sch\u00f6nheiten dieser Bergwelt eindrucksvoller ins Bild r\u00fccken als<br \/>\nHeinz Zak? \u00d6sterreichs bekanntester Bergfotograf f\u00fchrt den Betrachter mit<br \/>\neinf\u00fchlsamen, oft auch \u00fcberw\u00e4ltigenden Bildern durch seine Bergheimat, die er<br \/>\nnicht nur als Fotograf, sondern auch als Kletterer, Bergsteiger und<br \/>\nSkitourengeher so intensiv wie kaum ein anderer erlebt hat. \u00dcber viele Jahre<br \/>\nwar er zu jeder Jahreszeit und zu allen Tages- und Nachtzeiten unterwegs, um<br \/>\nden Zauber der Stubaier Alpen einzufangen.<br \/>\nEin gro\u00dfartiger Bildband \u00fcber die Nordtiroler und S\u00fcdtiroler Seite der<br \/>\nStubaier Alpen mit Textbeitr\u00e4gen von Walter Klier, Andreas Orgler, Elmar<br \/>\nSprenger, Hias Rebitsch und Bischof Reinhold Stecher. Ein Buch zum Genie\u00dfen,<br \/>\ndas man immer wieder gerne aufschlagen wird.<\/p>","protected":false},"excerpt":{"rendered":"<p>Wanderer und Bergsteiger jeder Couleur finden in den Stubaiern ein weites Bet\u00e4tigungsfeld: gro\u00dfe Gebietsdurchquerungen wie den Stubaier H\u00f6henweg, Genuss-Dreitausender wie Zuckerh\u00fctl, Wilder Paff und Wilder Freiger, das Skitourenparadies der Sellrainer Berge, anspruchsvolle Klettersteige und abenteuerliche Kletterrouten an wilden Kalkw\u00e4nden wie auch gefrorenen Wasserf\u00e4llen. Wer k\u00f6nnte die Sch\u00f6nheiten dieser Bergwelt eindrucksvoller ins Bild r\u00fccken als Heinz [&#8230;]\n","protected":false},"featured_media":30726,"template":"","meta":[],"product_brand":[],"product_cat":[21542],"product_tag":[],"class_list":{"0":"post-149987","1":"product","2":"type-product","3":"status-publish","4":"has-post-thumbnail","6":"product_cat-sachbuecher-dokumentationen","7":"pa_autor-zak","8":"pa_erscheinungsjahr-22292","9":"pa_region-oesterreich","10":"pa_sprache-de","12":"first","13":"instock","14":"taxable","15":"shipping-taxable","16":"purchasable","17":"product-type-simple"},"_links":{"self":[{"href":"https:\/\/pizbube.ch\/en\/wp-json\/wp\/v2\/product\/149987","targetHints":{"allow":["GET"]}}],"collection":[{"href":"https:\/\/pizbube.ch\/en\/wp-json\/wp\/v2\/product"}],"about":[{"href":"https:\/\/pizbube.ch\/en\/wp-json\/wp\/v2\/types\/product"}],"wp:featuredmedia":[{"embeddable":true,"href":"https:\/\/pizbube.ch\/en\/wp-json\/wp\/v2\/media\/30726"}],"wp:attachment":[{"href":"https:\/\/pizbube.ch\/en\/wp-json\/wp\/v2\/media?parent=149987"}],"wp:term":[{"taxonomy":"product_brand","embeddable":true,"href":"https:\/\/pizbube.ch\/en\/wp-json\/wp\/v2\/product_brand?post=149987"},{"taxonomy":"product_cat","embeddable":true,"href":"https:\/\/pizbube.ch\/en\/wp-json\/wp\/v2\/product_cat?post=149987"},{"taxonomy":"product_tag","embeddable":true,"href":"https:\/\/pizbube.ch\/en\/wp-json\/wp\/v2\/product_tag?post=149987"}],"curies":[{"name":"wp","href":"https:\/\/api.w.org\/{rel}","templated":true}]}}