{"id":149991,"date":"2021-01-15T11:01:17","date_gmt":"2021-01-15T11:01:17","guid":{"rendered":"https:\/\/codengine3.ch\/?product=import-placeholder-for-202625"},"modified":"2024-10-16T14:23:46","modified_gmt":"2024-10-16T12:23:46","slug":"nepal-1480000","status":"publish","type":"product","link":"https:\/\/pizbube.ch\/en\/shop\/nepal-1480000\/","title":{"rendered":"Nepal 1:480&#8217;000"},"content":{"rendered":"<p>with special maps:<br \/>\nDetailkarte: Eastern Nepal 1 : 480.000<br \/>\nKathmandu Valley 1 : 75.000<br \/>\nRara &#8211; Dolpo Trekking 1 : 1.000.000<\/p>\n<p>Stadtplan: Bhaktapur 1 : 11.100<br \/>\nBhaktapur Durbar Square \/ Taumadhi Square<br \/>\nKathmandu City 1 : 15.000<br \/>\nKathmandu Durbar Square<br \/>\nPatan 1 : 22.700<br \/>\nPatan Durbar Square<br \/>\nPokhara Lakeside 1 : 17.600<br \/>\nThamel 1 : 10.000<\/p>\n<p><span class=\"value\">rei\u00df- und wasserfest; waterproof and tear-resistant; ind\u00e9chirable et imperm\u00e9able; irrompible &amp; impermeable<\/span><\/p>","protected":false},"excerpt":{"rendered":"<p>with special maps: Detailkarte: Eastern Nepal 1 : 480.000 Kathmandu Valley 1 : 75.000 Rara &#8211; Dolpo Trekking 1 : 1.000.000 Stadtplan: Bhaktapur 1 : 11.100 Bhaktapur Durbar Square \/ Taumadhi Square Kathmandu City 1 : 15.000 Kathmandu Durbar Square Patan 1 : 22.700 Patan Durbar Square Pokhara Lakeside 1 : 17.600 Thamel 1 : [&#8230;]\n","protected":false},"featured_media":163244,"template":"","meta":[],"product_brand":[],"product_cat":[21543],"product_tag":[],"class_list":{"0":"post-149991","1":"product","2":"type-product","3":"status-publish","4":"has-post-thumbnail","6":"product_cat-landkarten","7":"pa_autor-nelles","8":"pa_erscheinungsjahr-21586","9":"pa_region-asien","10":"pa_sprache-en","12":"first","13":"outofstock","14":"taxable","15":"shipping-taxable","16":"purchasable","17":"product-type-simple"},"_links":{"self":[{"href":"https:\/\/pizbube.ch\/en\/wp-json\/wp\/v2\/product\/149991","targetHints":{"allow":["GET"]}}],"collection":[{"href":"https:\/\/pizbube.ch\/en\/wp-json\/wp\/v2\/product"}],"about":[{"href":"https:\/\/pizbube.ch\/en\/wp-json\/wp\/v2\/types\/product"}],"wp:featuredmedia":[{"embeddable":true,"href":"https:\/\/pizbube.ch\/en\/wp-json\/wp\/v2\/media\/163244"}],"wp:attachment":[{"href":"https:\/\/pizbube.ch\/en\/wp-json\/wp\/v2\/media?parent=149991"}],"wp:term":[{"taxonomy":"product_brand","embeddable":true,"href":"https:\/\/pizbube.ch\/en\/wp-json\/wp\/v2\/product_brand?post=149991"},{"taxonomy":"product_cat","embeddable":true,"href":"https:\/\/pizbube.ch\/en\/wp-json\/wp\/v2\/product_cat?post=149991"},{"taxonomy":"product_tag","embeddable":true,"href":"https:\/\/pizbube.ch\/en\/wp-json\/wp\/v2\/product_tag?post=149991"}],"curies":[{"name":"wp","href":"https:\/\/api.w.org\/{rel}","templated":true}]}}