{"id":149995,"date":"2021-01-15T11:01:17","date_gmt":"2021-01-15T11:01:17","guid":{"rendered":"https:\/\/codengine3.ch\/?product=import-placeholder-for-207975"},"modified":"2021-01-15T17:48:48","modified_gmt":"2021-01-15T17:48:48","slug":"north-america-mode-demploi-dvd","status":"publish","type":"product","link":"https:\/\/pizbube.ch\/en\/shop\/north-america-mode-demploi-dvd\/","title":{"rendered":"North America mode d&#8217;emploi DVD"},"content":{"rendered":"<p>L\u2019\u00e9quipe de Y\u00e9ti Production a pass\u00e9 6 mois \u00e0 arpenter le continent pour vous<br \/>\nen rapporter 1H45 d\u2019infos et de d\u00e9couvertes sur les plus beaux spots nord<br \/>\nam\u00e9ricains. En suivant leur parcours, vous glanerez toutes les infos<br \/>\nn\u00e9cessaires \u00e0 l\u2019organisation de votre Trip au Canada ou aux USA.<\/p>\n<p>Des voies classiques aux \u00ab Secret Spot \u00bb ce DVD vous offre une ressource<br \/>\ncompl\u00e8te sur les voies, les acc\u00e8s, le mat\u00e9riel sp\u00e9cifique, la logistique<br \/>\ng\u00e9n\u00e9rale et les choix tactiques.<\/p>\n<p>&#8211; Topos videos<br \/>\n&#8211; Spots &#038; itin\u00e9raires<br \/>\n&#8211; Bons plans<br \/>\n&#8211; Cartes<br \/>\n&#8211; Infos practiques<br \/>\n&#8211; P\u00e9dagogie &#038; Astuces<br \/>\n&#8211; Topos imprimables<\/p>\n<p>Au programme:<br \/>\nDe Squamish au Yosemite,<br \/>\nen passant par les cascades de Glace au soleil de l\u2019Alberta,<br \/>\nles sites de ski de rando en Colombie Britanique, l\u2019escalade des tours de gr\u00e8s<br \/>\nen Utah,<br \/>\nIndian Creek,<br \/>\nRed Rocks<br \/>\net Teolumne Meadows, d\u00e9couvrez la derni\u00e8re s\u00e9lection du Y\u00e9ti.<\/p>","protected":false},"excerpt":{"rendered":"<p>L\u2019\u00e9quipe de Y\u00e9ti Production a pass\u00e9 6 mois \u00e0 arpenter le continent pour vous en rapporter 1H45 d\u2019infos et de d\u00e9couvertes sur les plus beaux spots nord am\u00e9ricains. En suivant leur parcours, vous glanerez toutes les infos n\u00e9cessaires \u00e0 l\u2019organisation de votre Trip au Canada ou aux USA. Des voies classiques aux \u00ab Secret Spot [&#8230;]\n","protected":false},"featured_media":39008,"template":"","meta":[],"product_brand":[],"product_cat":[21628],"product_tag":[],"class_list":{"0":"post-149995","1":"product","2":"type-product","3":"status-publish","4":"has-post-thumbnail","6":"product_cat-video-dvd-multimedia","7":"pa_autor-constant","8":"pa_erscheinungsjahr-21621","9":"pa_region-amerika-nord","10":"pa_sprache-fr","12":"first","13":"instock","14":"taxable","15":"shipping-taxable","16":"purchasable","17":"product-type-simple"},"_links":{"self":[{"href":"https:\/\/pizbube.ch\/en\/wp-json\/wp\/v2\/product\/149995","targetHints":{"allow":["GET"]}}],"collection":[{"href":"https:\/\/pizbube.ch\/en\/wp-json\/wp\/v2\/product"}],"about":[{"href":"https:\/\/pizbube.ch\/en\/wp-json\/wp\/v2\/types\/product"}],"wp:featuredmedia":[{"embeddable":true,"href":"https:\/\/pizbube.ch\/en\/wp-json\/wp\/v2\/media\/39008"}],"wp:attachment":[{"href":"https:\/\/pizbube.ch\/en\/wp-json\/wp\/v2\/media?parent=149995"}],"wp:term":[{"taxonomy":"product_brand","embeddable":true,"href":"https:\/\/pizbube.ch\/en\/wp-json\/wp\/v2\/product_brand?post=149995"},{"taxonomy":"product_cat","embeddable":true,"href":"https:\/\/pizbube.ch\/en\/wp-json\/wp\/v2\/product_cat?post=149995"},{"taxonomy":"product_tag","embeddable":true,"href":"https:\/\/pizbube.ch\/en\/wp-json\/wp\/v2\/product_tag?post=149995"}],"curies":[{"name":"wp","href":"https:\/\/api.w.org\/{rel}","templated":true}]}}