{"id":150008,"date":"2021-01-15T11:01:22","date_gmt":"2021-01-15T11:01:22","guid":{"rendered":"https:\/\/codengine3.ch\/?product=import-placeholder-for-206744"},"modified":"2021-01-15T14:51:29","modified_gmt":"2021-01-15T14:51:29","slug":"vom-bouldern-zum-klettern","status":"publish","type":"product","link":"https:\/\/pizbube.ch\/en\/shop\/vom-bouldern-zum-klettern\/","title":{"rendered":"Vom Bouldern zum Klettern"},"content":{"rendered":"<p>Unterrichtseinheiten f\u00fcr die 5.-12. Jahrgangsstufe. Klar strukturierte<br \/>\nSportstunden ohne Aufwand!<\/p>\n<p>Fertige Unterrichtseinheiten zum Bouldern und Klettern<br \/>\nBouldern und Klettern sind anspruchsvoll und machen Spa\u00df. Ihr Unterricht<br \/>\nstellt Lehrkr\u00e4fte jedoch vor Herausforderungen. Mit diesem Praxisband mit<br \/>\nfertigen Unterrichtseinheiten begeistern Sie Sch\u00fcler von der Sekundarstufe I<br \/>\nbis hin zur Oberstufe f\u00fcrs Bouldern und Klettern!<\/p>\n<p>Sicher Bouldern und Klettern<br \/>\nDie Sch\u00fcler werden zun\u00e4chst in die Grundlagen in Sachen Bouldern und Klettern<br \/>\neingef\u00fchrt. Nat\u00fcrlich geht es darum, den Spa\u00df an der Bewegung zu vermitteln,<br \/>\ndoch ebenso wichtig ist das Thema Sicherheit. Die Sch\u00fcler lernen neben<br \/>\nKlettertechniken deshalb auch den sicheren Umgang mit Seil und<br \/>\nSicherungsger\u00e4ten.<\/p>\n<p>Methodische vielf\u00e4ltige Stundenabl\u00e4ufe<br \/>\nAlle Stundenabl\u00e4ufe dieses Bandes sind klar strukturiert, in methodischer<br \/>\nHinsicht vielf\u00e4ltig und vor allem fertig ausgearbeitet. Zahlreiche<br \/>\nKopiervorlagen und Illustrationen unterst\u00fctzen Sie zus\u00e4tzlich bei der<br \/>\neinfachen Umsetzung in der Praxis. Die gut nachzuvollziehenden Schritt-f\u00fcr-<br \/>\nSchritt-Anleitungen sind auch f\u00fcr den Einsatz an Ganztagsschulen gut geeignet.<\/p>\n<p>Der Band enth\u00e4lt:<br \/>\nSachinformationen | Unterrichtsverl\u00e4ufe mit didaktischen Hinweisen und<br \/>\nmethodischen Tipps | Materialien als Kopiervorlagen | Illustrationen und<br \/>\nSkizzen zur Erl\u00e4uterung der Bewegungsabl\u00e4ufe  <\/p>\n<p>80 Seiten, DIN A4, 5. bis 13. Klasse<\/p>","protected":false},"excerpt":{"rendered":"<ul>\n<li><a href=\"https:\/\/pizbube.ch\/wp-content\/uploads\/attachments\/a_021\/6D38F2D6BB5AD83DEE49D9090623C0E2.pdf\" target=\"_blank\" rel=\"noopener\">PDF: Vom Bouldern zum Klettern_Inhaltsverzeichnis.pdf<\/a><\/li>\n<\/ul>","protected":false},"featured_media":36000,"template":"","meta":[],"product_brand":[],"product_cat":[21538],"product_tag":[],"class_list":{"0":"post-150008","1":"product","2":"type-product","3":"status-publish","4":"has-post-thumbnail","6":"product_cat-lehrbuecher","7":"pa_autor-taubert-triller","8":"pa_erscheinungsjahr-21568","9":"pa_region-klettertechnik","10":"pa_sprache-de","12":"first","13":"instock","14":"taxable","15":"shipping-taxable","16":"purchasable","17":"product-type-simple"},"_links":{"self":[{"href":"https:\/\/pizbube.ch\/en\/wp-json\/wp\/v2\/product\/150008","targetHints":{"allow":["GET"]}}],"collection":[{"href":"https:\/\/pizbube.ch\/en\/wp-json\/wp\/v2\/product"}],"about":[{"href":"https:\/\/pizbube.ch\/en\/wp-json\/wp\/v2\/types\/product"}],"wp:featuredmedia":[{"embeddable":true,"href":"https:\/\/pizbube.ch\/en\/wp-json\/wp\/v2\/media\/36000"}],"wp:attachment":[{"href":"https:\/\/pizbube.ch\/en\/wp-json\/wp\/v2\/media?parent=150008"}],"wp:term":[{"taxonomy":"product_brand","embeddable":true,"href":"https:\/\/pizbube.ch\/en\/wp-json\/wp\/v2\/product_brand?post=150008"},{"taxonomy":"product_cat","embeddable":true,"href":"https:\/\/pizbube.ch\/en\/wp-json\/wp\/v2\/product_cat?post=150008"},{"taxonomy":"product_tag","embeddable":true,"href":"https:\/\/pizbube.ch\/en\/wp-json\/wp\/v2\/product_tag?post=150008"}],"curies":[{"name":"wp","href":"https:\/\/api.w.org\/{rel}","templated":true}]}}