{"id":150020,"date":"2021-01-15T11:01:23","date_gmt":"2021-01-15T11:01:23","guid":{"rendered":"https:\/\/codengine3.ch\/?product=import-placeholder-for-205364"},"modified":"2024-11-15T08:43:28","modified_gmt":"2024-11-15T07:43:28","slug":"bergfuehrer-mongolei","status":"publish","type":"product","link":"https:\/\/pizbube.ch\/en\/shop\/bergfuehrer-mongolei\/","title":{"rendered":"Bergf\u00fchrer Mongolei"},"content":{"rendered":"<p>Trekking, Wandern, Mehrtagestouren, Bergtouren. F\u00fcr eine Reise ins weite Reich der zornigen Winde ist dieses Buch genau das richtige Werkzeug.<\/p>\n<p>Der Autor Jens Geu kennt die Mongolei seit 20 Jahren und legt mit diesem Werk den ersten fundierten Trekkingf\u00fchrer f\u00fcr eines der sch\u00f6nsten L\u00e4nder der Welt vor.<br \/>\nNeben ausgew\u00e4hlten Routen in W\u00fcste, Steppe, Taiga und Hochgebirge gibt er zahlreiche Tipps die zum kennenlernen von Land und Leuten unentbehrlich sind.<\/p>\n<p>Wie in unserem Andenf\u00fchrer helfen zahlreiche \u00dcbersichts- und Detailkarten &#8211; bei der Orientierung in der Vorbereitung und vor Ort. Ganz bestimmt DAS kommende Standardwerk f\u00fcr alle nachhaltigen Reisen in das Land der zornigen Winde.<\/p>\n<p>1. Auflage, 192 Seiten.<\/p>","protected":false},"excerpt":{"rendered":"<ul>\n<li><strong><a href=\"https:\/\/pizbube.ch\/wp-content\/uploads\/attachments\/a_026\/AD33E45ECCC69E2D5DAFBD215BA716D0.pdf\" target=\"_blank\" rel=\"noopener\">PDF: Mongolei_Leseprobe.pdf<\/a><\/strong><\/li>\n<\/ul>","protected":false},"featured_media":177212,"template":"","meta":[],"product_brand":[],"product_cat":[21544],"product_tag":[],"class_list":{"0":"post-150020","1":"product","2":"type-product","3":"status-publish","4":"has-post-thumbnail","6":"product_cat-fuehrerliteratur-alpin-sommer","7":"pa_autor-geu","8":"pa_erscheinungsjahr-21591","9":"pa_region-asien","10":"pa_sprache-de","12":"first","13":"instock","14":"taxable","15":"shipping-taxable","16":"purchasable","17":"product-type-simple"},"_links":{"self":[{"href":"https:\/\/pizbube.ch\/en\/wp-json\/wp\/v2\/product\/150020","targetHints":{"allow":["GET"]}}],"collection":[{"href":"https:\/\/pizbube.ch\/en\/wp-json\/wp\/v2\/product"}],"about":[{"href":"https:\/\/pizbube.ch\/en\/wp-json\/wp\/v2\/types\/product"}],"wp:featuredmedia":[{"embeddable":true,"href":"https:\/\/pizbube.ch\/en\/wp-json\/wp\/v2\/media\/177212"}],"wp:attachment":[{"href":"https:\/\/pizbube.ch\/en\/wp-json\/wp\/v2\/media?parent=150020"}],"wp:term":[{"taxonomy":"product_brand","embeddable":true,"href":"https:\/\/pizbube.ch\/en\/wp-json\/wp\/v2\/product_brand?post=150020"},{"taxonomy":"product_cat","embeddable":true,"href":"https:\/\/pizbube.ch\/en\/wp-json\/wp\/v2\/product_cat?post=150020"},{"taxonomy":"product_tag","embeddable":true,"href":"https:\/\/pizbube.ch\/en\/wp-json\/wp\/v2\/product_tag?post=150020"}],"curies":[{"name":"wp","href":"https:\/\/api.w.org\/{rel}","templated":true}]}}