{"id":150028,"date":"2021-01-15T11:01:24","date_gmt":"2021-01-15T11:01:24","guid":{"rendered":"https:\/\/codengine3.ch\/?product=import-placeholder-for-204828"},"modified":"2021-01-15T14:36:35","modified_gmt":"2021-01-15T14:36:35","slug":"kulturwege-in-graubuenden-1","status":"publish","type":"product","link":"https:\/\/pizbube.ch\/en\/shop\/kulturwege-in-graubuenden-1\/","title":{"rendered":"Kulturwege in Graub\u00fcnden 1"},"content":{"rendered":"<p>Rheintal, Pr\u00e4ttigau-Davos und Mittelb\u00fcnden, Band 1  <\/p>\n<p>Graub\u00fcnden ist heute eine weltweit bekannte Ferienregion. Im &#8218;Kulturwege 1&#8216;<br \/>\nist die Rede von Graub\u00fcnden als Kulturlandschaft. Kultur und Kunst im<br \/>\nAlpenstaat &#8218;Alt Fry R\u00e4tien&#8216; im heutigen Schweizer Kanton Graub\u00fcnden. Die Wahl<br \/>\nder Touren richtet sich nach historischen, kulturellen und landschaftlichen<br \/>\nGesichtspunkten.<br \/>\nDie in diesem Band pr\u00e4sentierten Vorschl\u00e4ge erm\u00f6glichen das Erleben<br \/>\nzahlreicher Kulturg\u00fcter zusammen mit der Landschaft und animieren sich trotz<br \/>\nder heutigen Hektik Zeit zu nehmen, auszuruhen und entspannt zu geniessen.<\/p>","protected":false},"excerpt":{"rendered":"<p>Rheintal, Pr\u00e4ttigau-Davos und Mittelb\u00fcnden, Band 1 Graub\u00fcnden ist heute eine weltweit bekannte Ferienregion. Im &#8218;Kulturwege 1&#8216; ist die Rede von Graub\u00fcnden als Kulturlandschaft. Kultur und Kunst im Alpenstaat &#8218;Alt Fry R\u00e4tien&#8216; im heutigen Schweizer Kanton Graub\u00fcnden. Die Wahl der Touren richtet sich nach historischen, kulturellen und landschaftlichen Gesichtspunkten. Die in diesem Band pr\u00e4sentierten Vorschl\u00e4ge erm\u00f6glichen [&#8230;]\n","protected":false},"featured_media":33352,"template":"","meta":[],"product_brand":[],"product_cat":[21605],"product_tag":[],"class_list":{"0":"post-150028","1":"product","2":"type-product","3":"status-publish","4":"has-post-thumbnail","6":"product_cat-wanderfuehrer-trekking","7":"pa_autor-meier","8":"pa_erscheinungsjahr-21842","9":"pa_region-schweiz","10":"pa_sprache-de","12":"first","13":"instock","14":"taxable","15":"shipping-taxable","16":"purchasable","17":"product-type-simple"},"_links":{"self":[{"href":"https:\/\/pizbube.ch\/en\/wp-json\/wp\/v2\/product\/150028","targetHints":{"allow":["GET"]}}],"collection":[{"href":"https:\/\/pizbube.ch\/en\/wp-json\/wp\/v2\/product"}],"about":[{"href":"https:\/\/pizbube.ch\/en\/wp-json\/wp\/v2\/types\/product"}],"wp:featuredmedia":[{"embeddable":true,"href":"https:\/\/pizbube.ch\/en\/wp-json\/wp\/v2\/media\/33352"}],"wp:attachment":[{"href":"https:\/\/pizbube.ch\/en\/wp-json\/wp\/v2\/media?parent=150028"}],"wp:term":[{"taxonomy":"product_brand","embeddable":true,"href":"https:\/\/pizbube.ch\/en\/wp-json\/wp\/v2\/product_brand?post=150028"},{"taxonomy":"product_cat","embeddable":true,"href":"https:\/\/pizbube.ch\/en\/wp-json\/wp\/v2\/product_cat?post=150028"},{"taxonomy":"product_tag","embeddable":true,"href":"https:\/\/pizbube.ch\/en\/wp-json\/wp\/v2\/product_tag?post=150028"}],"curies":[{"name":"wp","href":"https:\/\/api.w.org\/{rel}","templated":true}]}}