{"id":150029,"date":"2021-01-15T11:01:24","date_gmt":"2021-01-15T11:01:24","guid":{"rendered":"https:\/\/codengine3.ch\/?product=import-placeholder-for-205786"},"modified":"2021-01-15T14:43:55","modified_gmt":"2021-01-15T14:43:55","slug":"hast-du-meine-alpen-gesehen","status":"publish","type":"product","link":"https:\/\/pizbube.ch\/en\/shop\/hast-du-meine-alpen-gesehen\/","title":{"rendered":"Hast du meine Alpen gesehen?"},"content":{"rendered":"<p>Eine j\u00fcdische Beziehungsgeschichte.  <\/p>\n<p>An der Schwelle von Himmel und Erde &#8211; Was hat es mit der Anziehungskraft der<br \/>\nBerge auf sich? Wem geh\u00f6ren sie? Warum suchen wir die Begegnung mit ihnen?<br \/>\nLassen Sie sich durch die Welten der Sommerfrische und des Alpinismus f\u00fchren,<br \/>\ndurch Tr\u00e4ume von Heimat und Grenz\u00fcberschreitungen, durch die Widerspr\u00fcche von<br \/>\nIntegration und j\u00fcdischer Neubesinnung.<\/p>\n<p>Seit Moses, dem ersten &#8218;Bergsteiger&#8216; der Geschichte, haben j\u00fcdische M\u00e4nner und<br \/>\nFrauen an der Schwelle von Himmel und Erde nach der Verbindung von Geist und<br \/>\nNatur gesucht &#8211; und nach den Gesetzen und Grenzen der Vernunft.  <\/p>\n<p>Begegnen Sie j\u00fcdischen Bergsteigern und Sammlern, Pionieren des Skisports und<br \/>\ndes Tourismus, Bade\u00e4rzten, Forschern und K\u00fcnstlern &#8211; und ihrer Leidenschaft<br \/>\nf\u00fcr die Berge. Konfrontiert mit Ausgrenzung und Antisemitismus haben viele von<br \/>\nihnen Europa verlassen m\u00fcssen. Die Sehnsucht nach den Alpen haben sie<br \/>\nmitgenommen.<\/p>","protected":false},"excerpt":{"rendered":"<ul>\n<li><a href=\"https:\/\/pizbube.ch\/wp-content\/uploads\/attachments\/a_030\/DC45EDECCC000D0154C77E1E835F2637.pdf\" target=\"_blank\" rel=\"noopener\">PDF: infoblatt_hastdumeinealpengesehen?.pdf<\/a><\/li>\n<\/ul>","protected":false},"featured_media":34606,"template":"","meta":[],"product_brand":[],"product_cat":[21542],"product_tag":[],"class_list":{"0":"post-150029","1":"product","2":"type-product","3":"status-publish","4":"has-post-thumbnail","6":"product_cat-sachbuecher-dokumentationen","7":"pa_autor-loewy-milchram-hg","8":"pa_erscheinungsjahr-21830","9":"pa_region-oesterreich","10":"pa_sprache-de","12":"first","13":"instock","14":"taxable","15":"shipping-taxable","16":"purchasable","17":"product-type-simple"},"_links":{"self":[{"href":"https:\/\/pizbube.ch\/en\/wp-json\/wp\/v2\/product\/150029","targetHints":{"allow":["GET"]}}],"collection":[{"href":"https:\/\/pizbube.ch\/en\/wp-json\/wp\/v2\/product"}],"about":[{"href":"https:\/\/pizbube.ch\/en\/wp-json\/wp\/v2\/types\/product"}],"wp:featuredmedia":[{"embeddable":true,"href":"https:\/\/pizbube.ch\/en\/wp-json\/wp\/v2\/media\/34606"}],"wp:attachment":[{"href":"https:\/\/pizbube.ch\/en\/wp-json\/wp\/v2\/media?parent=150029"}],"wp:term":[{"taxonomy":"product_brand","embeddable":true,"href":"https:\/\/pizbube.ch\/en\/wp-json\/wp\/v2\/product_brand?post=150029"},{"taxonomy":"product_cat","embeddable":true,"href":"https:\/\/pizbube.ch\/en\/wp-json\/wp\/v2\/product_cat?post=150029"},{"taxonomy":"product_tag","embeddable":true,"href":"https:\/\/pizbube.ch\/en\/wp-json\/wp\/v2\/product_tag?post=150029"}],"curies":[{"name":"wp","href":"https:\/\/api.w.org\/{rel}","templated":true}]}}