{"id":150030,"date":"2021-01-15T11:01:24","date_gmt":"2021-01-15T11:01:24","guid":{"rendered":"https:\/\/codengine3.ch\/?product=import-placeholder-for-206470"},"modified":"2023-04-12T15:50:19","modified_gmt":"2023-04-12T13:50:19","slug":"segantini","status":"publish","type":"product","link":"https:\/\/pizbube.ch\/en\/shop\/segantini\/","title":{"rendered":"Segantini"},"content":{"rendered":"<p>Ausstellungskatalog: Fondation Beyeler, Riehen\/Basel 16.1.-25.4.2011<\/p>\n<p>Anhand bedeutender Gem\u00e4lde und Zeichnungen pr\u00e4sentiert die reichhaltige<br \/>\nPublikation Leben und Werk des vom Licht begeisterten Divisionisten und<br \/>\nSymbolisten Giovanni Segantini (1858-1899). Sein Wunsch, das in der H\u00f6he der<br \/>\nBergwelt erlebte, strahlend klare Licht in seine Werke zu \u00fcbertragen, f\u00fchrte<br \/>\nzu einer enormen malerischen Entwicklung, die in all seinen Schaffensphasen<br \/>\ndeutlich wird &#8211; angefangen mit der Zeit in der Lombardei in Brianza \u00fcber die<br \/>\nBilder des Savogniner Bauernlebens bis hin zum H\u00f6hepunkt seiner Malerei, die<br \/>\ndurch die hell strahlende Engadiner Berglandschaft gepr\u00e4gt wurde.<br \/>\nWissenschaftliche Beitr\u00e4ge und literarische Essays w\u00fcrdigen Segantinis<br \/>\nBedeutung als Erneuerer der Landschaftsmalerei und Vorbereiter der Moderne und<br \/>\ngeben ihm als Maler des Lichtes einen neuen Platz in der internationalen<br \/>\nGeschichte der Kunst.<\/p>","protected":false},"excerpt":{"rendered":"<p>Ausstellungskatalog: Fondation Beyeler, Riehen\/Basel 16.1.-25.4.2011 Anhand bedeutender Gem\u00e4lde und Zeichnungen pr\u00e4sentiert die reichhaltige Publikation Leben und Werk des vom Licht begeisterten Divisionisten und Symbolisten Giovanni Segantini (1858-1899). Sein Wunsch, das in der H\u00f6he der Bergwelt erlebte, strahlend klare Licht in seine Werke zu \u00fcbertragen, f\u00fchrte zu einer enormen malerischen Entwicklung, die in all seinen Schaffensphasen [&#8230;]\n","protected":false},"featured_media":35517,"template":"","meta":[],"product_brand":[],"product_cat":[21580],"product_tag":[],"class_list":{"0":"post-150030","1":"product","2":"type-product","3":"status-publish","4":"has-post-thumbnail","6":"product_cat-kunst-kultur","7":"pa_erscheinungsjahr-21610","8":"pa_region-schweiz","9":"pa_sprache-de","11":"first","12":"outofstock","13":"taxable","14":"shipping-taxable","15":"purchasable","16":"product-type-simple"},"_links":{"self":[{"href":"https:\/\/pizbube.ch\/en\/wp-json\/wp\/v2\/product\/150030","targetHints":{"allow":["GET"]}}],"collection":[{"href":"https:\/\/pizbube.ch\/en\/wp-json\/wp\/v2\/product"}],"about":[{"href":"https:\/\/pizbube.ch\/en\/wp-json\/wp\/v2\/types\/product"}],"wp:featuredmedia":[{"embeddable":true,"href":"https:\/\/pizbube.ch\/en\/wp-json\/wp\/v2\/media\/35517"}],"wp:attachment":[{"href":"https:\/\/pizbube.ch\/en\/wp-json\/wp\/v2\/media?parent=150030"}],"wp:term":[{"taxonomy":"product_brand","embeddable":true,"href":"https:\/\/pizbube.ch\/en\/wp-json\/wp\/v2\/product_brand?post=150030"},{"taxonomy":"product_cat","embeddable":true,"href":"https:\/\/pizbube.ch\/en\/wp-json\/wp\/v2\/product_cat?post=150030"},{"taxonomy":"product_tag","embeddable":true,"href":"https:\/\/pizbube.ch\/en\/wp-json\/wp\/v2\/product_tag?post=150030"}],"curies":[{"name":"wp","href":"https:\/\/api.w.org\/{rel}","templated":true}]}}