{"id":150031,"date":"2021-01-15T11:01:24","date_gmt":"2021-01-15T11:01:24","guid":{"rendered":"https:\/\/codengine3.ch\/?product=import-placeholder-for-202542"},"modified":"2021-01-15T12:37:13","modified_gmt":"2021-01-15T12:37:13","slug":"nahe-den-eisriesen","status":"publish","type":"product","link":"https:\/\/pizbube.ch\/en\/shop\/nahe-den-eisriesen\/","title":{"rendered":"Nahe den Eisriesen"},"content":{"rendered":"<p>Prominenz in der Alpenprovinz. Von Goethe bis Hodler.  <\/p>\n<p>Gletscher, Seen, Wasserf\u00e4lle, sch\u00f6ne Schifferinnen &#8211; all das trieb die Fremden<br \/>\nin die Berge, schon vor zweihundert Jahren.<br \/>\nUnter ihnen Ber\u00fchmtheiten, die ihren Aufenthalt in Wort, Bild oder Ton<br \/>\nfesthielten.<br \/>\nTherese Bichsel lebt im Berner Oberland. In zehn Texten mit Originalzitaten<br \/>\nund Illustrationen sp\u00fcrt sie den Portr\u00e4tierten nach, die sich bis &#8217;nahe den<br \/>\nEisriesen&#8216; (Brahms) in die Alpen vorwagten. Welchen Eindruck hinterliess die<br \/>\nBergwelt bei den K\u00fcnstlerInnen?  <\/p>\n<p>Madame Vig\u00e9e-Lebrun verewigte das Unspunnenfest als Gem\u00e4lde; Madame de Sta\u00ebl<br \/>\nbeschrieb es in ihrem bekanntesten Buch. Clara Schumann hielt sich in<br \/>\nInterlaken auf, Johannes Brahms und Heinrich von Kleist weilten in Thun, und<br \/>\nClara von Rappard lebte und malte lieber in Matten bei Interlaken als in<br \/>\nM\u00fcnchen. Goethe liess sich vom Staubbachfall zum (Gesang der Geister \u00fcber den<br \/>\nWassern) anregen, Sir Arthur Conan Doyle vom Reichenbachfall, in dem Sherlock<br \/>\nHolmes verschwand, Alexandre Dumas vom Fluch \u00fcber dem Berggasthaus<br \/>\nSchwarenbach; Mark Twain l\u00e4sterte \u00fcber Edelweiss und Kuckucksuhren, Felix<br \/>\nMendelssohn komponierte ein Liebeslied, Ferdinand Hodler wagte sich endlich<br \/>\nans Malen des ber\u00fchmten Dreigestirns Eiger, M\u00f6nch, Jungfrau. Und nat\u00fcrlich ist<br \/>\nimmer wieder vom Staunen der Reisenden \u00fcber die Natur &#8211; insbesondere die<br \/>\nSchneeberge &#8211; die Rede.  <\/p>\n<p>Mit Bildtafeln und Faksimiles  <\/p>","protected":false},"excerpt":{"rendered":"<p>Prominenz in der Alpenprovinz. Von Goethe bis Hodler. Gletscher, Seen, Wasserf\u00e4lle, sch\u00f6ne Schifferinnen &#8211; all das trieb die Fremden in die Berge, schon vor zweihundert Jahren. Unter ihnen Ber\u00fchmtheiten, die ihren Aufenthalt in Wort, Bild oder Ton festhielten. Therese Bichsel lebt im Berner Oberland. In zehn Texten mit Originalzitaten und Illustrationen sp\u00fcrt sie den Portr\u00e4tierten [&#8230;]\n","protected":false},"featured_media":29942,"template":"","meta":[],"product_brand":[],"product_cat":[21542],"product_tag":[],"class_list":{"0":"post-150031","1":"product","2":"type-product","3":"status-publish","4":"has-post-thumbnail","6":"product_cat-sachbuecher-dokumentationen","7":"pa_autor-bichsel","8":"pa_erscheinungsjahr-21591","9":"pa_region-schweiz","10":"pa_sprache-de","12":"first","13":"instock","14":"taxable","15":"shipping-taxable","16":"purchasable","17":"product-type-simple"},"_links":{"self":[{"href":"https:\/\/pizbube.ch\/en\/wp-json\/wp\/v2\/product\/150031","targetHints":{"allow":["GET"]}}],"collection":[{"href":"https:\/\/pizbube.ch\/en\/wp-json\/wp\/v2\/product"}],"about":[{"href":"https:\/\/pizbube.ch\/en\/wp-json\/wp\/v2\/types\/product"}],"wp:featuredmedia":[{"embeddable":true,"href":"https:\/\/pizbube.ch\/en\/wp-json\/wp\/v2\/media\/29942"}],"wp:attachment":[{"href":"https:\/\/pizbube.ch\/en\/wp-json\/wp\/v2\/media?parent=150031"}],"wp:term":[{"taxonomy":"product_brand","embeddable":true,"href":"https:\/\/pizbube.ch\/en\/wp-json\/wp\/v2\/product_brand?post=150031"},{"taxonomy":"product_cat","embeddable":true,"href":"https:\/\/pizbube.ch\/en\/wp-json\/wp\/v2\/product_cat?post=150031"},{"taxonomy":"product_tag","embeddable":true,"href":"https:\/\/pizbube.ch\/en\/wp-json\/wp\/v2\/product_tag?post=150031"}],"curies":[{"name":"wp","href":"https:\/\/api.w.org\/{rel}","templated":true}]}}