{"id":150032,"date":"2021-01-15T11:01:24","date_gmt":"2021-01-15T11:01:24","guid":{"rendered":"https:\/\/codengine3.ch\/?product=import-placeholder-for-204695"},"modified":"2021-01-15T14:35:31","modified_gmt":"2021-01-15T14:35:31","slug":"dieser-mont-blanc-verdeckt-doch-die-ganze-aussicht","status":"publish","type":"product","link":"https:\/\/pizbube.ch\/en\/shop\/dieser-mont-blanc-verdeckt-doch-die-ganze-aussicht\/","title":{"rendered":"\u00bbDieser Mont Blanc verdeckt doch die ganze Aussicht!\u00ab"},"content":{"rendered":"<p>Der literarische Blick auf Alpen, Tatra und Kaukasus<\/p>\n<p>Die Berge stehen in der Geschichte der \u00e4sthetischen Wahrnehmung f\u00fcr v\u00f6llig<br \/>\nkontr\u00e4re Konzepte: f\u00fcr die Erm\u00f6glichung und die Verhinderung des Sehens, f\u00fcr<br \/>\nmaximalen Enthusiasmus und v\u00f6llige Gleichg\u00fcltigkeit sowie f\u00fcr Modernit\u00e4t und<br \/>\nR\u00fcckst\u00e4ndigkeit.<\/p>\n<p>Das Buch versammelt achtzehn essayistische und literarische Beitr\u00e4ge, die sich<br \/>\nmit dem Sehen auf und von den Alpen, der Tatra oder dem Kaukasus besch\u00e4ftigen.  <\/p>","protected":false},"excerpt":{"rendered":"<p>Der literarische Blick auf Alpen, Tatra und Kaukasus Die Berge stehen in der Geschichte der \u00e4sthetischen Wahrnehmung f\u00fcr v\u00f6llig kontr\u00e4re Konzepte: f\u00fcr die Erm\u00f6glichung und die Verhinderung des Sehens, f\u00fcr maximalen Enthusiasmus und v\u00f6llige Gleichg\u00fcltigkeit sowie f\u00fcr Modernit\u00e4t und R\u00fcckst\u00e4ndigkeit. Das Buch versammelt achtzehn essayistische und literarische Beitr\u00e4ge, die sich mit dem Sehen auf und [&#8230;]\n","protected":false},"featured_media":33001,"template":"","meta":[],"product_brand":[],"product_cat":[21580],"product_tag":[],"class_list":{"0":"post-150032","1":"product","2":"type-product","3":"status-publish","4":"has-post-thumbnail","6":"product_cat-kunst-kultur","7":"pa_autor-froelicher-gerber-seiler-sasse-louveau","8":"pa_erscheinungsjahr-21571","9":"pa_region-schweiz","10":"pa_sprache-de","12":"first","13":"instock","14":"taxable","15":"shipping-taxable","16":"purchasable","17":"product-type-simple"},"_links":{"self":[{"href":"https:\/\/pizbube.ch\/en\/wp-json\/wp\/v2\/product\/150032","targetHints":{"allow":["GET"]}}],"collection":[{"href":"https:\/\/pizbube.ch\/en\/wp-json\/wp\/v2\/product"}],"about":[{"href":"https:\/\/pizbube.ch\/en\/wp-json\/wp\/v2\/types\/product"}],"wp:featuredmedia":[{"embeddable":true,"href":"https:\/\/pizbube.ch\/en\/wp-json\/wp\/v2\/media\/33001"}],"wp:attachment":[{"href":"https:\/\/pizbube.ch\/en\/wp-json\/wp\/v2\/media?parent=150032"}],"wp:term":[{"taxonomy":"product_brand","embeddable":true,"href":"https:\/\/pizbube.ch\/en\/wp-json\/wp\/v2\/product_brand?post=150032"},{"taxonomy":"product_cat","embeddable":true,"href":"https:\/\/pizbube.ch\/en\/wp-json\/wp\/v2\/product_cat?post=150032"},{"taxonomy":"product_tag","embeddable":true,"href":"https:\/\/pizbube.ch\/en\/wp-json\/wp\/v2\/product_tag?post=150032"}],"curies":[{"name":"wp","href":"https:\/\/api.w.org\/{rel}","templated":true}]}}