{"id":150033,"date":"2021-01-15T11:01:24","date_gmt":"2021-01-15T11:01:24","guid":{"rendered":"https:\/\/codengine3.ch\/?product=import-placeholder-for-208752"},"modified":"2024-12-03T10:07:41","modified_gmt":"2024-12-03T09:07:41","slug":"immer-schoen-langsam","status":"publish","type":"product","link":"https:\/\/pizbube.ch\/en\/shop\/immer-schoen-langsam\/","title":{"rendered":"Immer sch\u00f6n langsam"},"content":{"rendered":"<p>Entspannt die Schweiz entdecken<\/p>\n<p>Eine Route, zwei Reisen und dazwischen 150 Jahre: Eine viktorianische Lady<br \/>\nnahm an der ersten von Thomas Cook gef\u00fchrten Tour \u00fcber die Alpen teil.<br \/>\nEineinhalb Jahrhunderte sp\u00e4ter folgt Diccon Bewes mit dem Zug ihren Spuren \u2013<br \/>\nund g\u00f6nnt sich den Luxus der Langsamkeit.<\/p>\n<p>Es wurde das Abenteuer ihres Lebens. Im Juni 1863 schloss die englische Dame<br \/>\nJemima Morrell sich einer der ersten Reisegruppen von Thomas Cook an. Ihr<br \/>\nZiel: die damals als exotisch geltende Schweiz. Die Route f\u00fchrte sie von<br \/>\nLondon \u00fcber Genf und Interlaken bis nach Luzern und war ein Wagnis<br \/>\nsondergleichen &#8211; mit einer 18-st\u00fcndigen Zugfahrt ohne Sanit\u00e4ranlagen,<br \/>\nEselsritten \u00fcber Alpenp\u00e4sse und ausgiebigen Fu\u00dfm\u00e4rschen im sperrigen<br \/>\nChiffonkleid. 150 Jahre sp\u00e4ter begibt sich der geb\u00fcrtige Engl\u00e4nder und<br \/>\nWahlschweizer Diccon Bewes mit dem Zug an dieselben Orte und sieht sie mit den<br \/>\nAugen von \u00bbMiss Jemima\u00ab, deren Tagebuch er immer bei sich tr\u00e4gt. Eine<br \/>\ncharmante Entdeckungsreise durch die Schweiz von damals und heute sowie zu den<br \/>\nAnf\u00e4ngen des modernen Tourismus.<\/p>","protected":false},"excerpt":{"rendered":"<p>Entspannt die Schweiz entdecken Eine Route, zwei Reisen und dazwischen 150 Jahre: Eine viktorianische Lady nahm an der ersten von Thomas Cook gef\u00fchrten Tour \u00fcber die Alpen teil. Eineinhalb Jahrhunderte sp\u00e4ter folgt Diccon Bewes mit dem Zug ihren Spuren \u2013 und g\u00f6nnt sich den Luxus der Langsamkeit. Es wurde das Abenteuer ihres Lebens. Im Juni [&#8230;]\n","protected":false},"featured_media":41248,"template":"","meta":[],"product_brand":[],"product_cat":[21542],"product_tag":[],"class_list":{"0":"post-150033","1":"product","2":"type-product","3":"status-publish","4":"has-post-thumbnail","6":"product_cat-sachbuecher-dokumentationen","7":"pa_autor-bewes","8":"pa_erscheinungsjahr-21550","9":"pa_region-schweiz","10":"pa_sprache-de","12":"first","13":"outofstock","14":"taxable","15":"shipping-taxable","16":"purchasable","17":"product-type-simple"},"_links":{"self":[{"href":"https:\/\/pizbube.ch\/en\/wp-json\/wp\/v2\/product\/150033","targetHints":{"allow":["GET"]}}],"collection":[{"href":"https:\/\/pizbube.ch\/en\/wp-json\/wp\/v2\/product"}],"about":[{"href":"https:\/\/pizbube.ch\/en\/wp-json\/wp\/v2\/types\/product"}],"wp:featuredmedia":[{"embeddable":true,"href":"https:\/\/pizbube.ch\/en\/wp-json\/wp\/v2\/media\/41248"}],"wp:attachment":[{"href":"https:\/\/pizbube.ch\/en\/wp-json\/wp\/v2\/media?parent=150033"}],"wp:term":[{"taxonomy":"product_brand","embeddable":true,"href":"https:\/\/pizbube.ch\/en\/wp-json\/wp\/v2\/product_brand?post=150033"},{"taxonomy":"product_cat","embeddable":true,"href":"https:\/\/pizbube.ch\/en\/wp-json\/wp\/v2\/product_cat?post=150033"},{"taxonomy":"product_tag","embeddable":true,"href":"https:\/\/pizbube.ch\/en\/wp-json\/wp\/v2\/product_tag?post=150033"}],"curies":[{"name":"wp","href":"https:\/\/api.w.org\/{rel}","templated":true}]}}