{"id":150035,"date":"2021-01-15T11:01:24","date_gmt":"2021-01-15T11:01:24","guid":{"rendered":"https:\/\/codengine3.ch\/?product=import-placeholder-for-206674"},"modified":"2021-04-28T11:55:42","modified_gmt":"2021-04-28T09:55:42","slug":"die-kirche-im-gletscher-la-baselgia-el-glatscher","status":"publish","type":"product","link":"https:\/\/pizbube.ch\/en\/shop\/die-kirche-im-gletscher-la-baselgia-el-glatscher\/","title":{"rendered":"Die Kirche im Gletscher \/ La baselgia el glatscher"},"content":{"rendered":"<p>R\u00e4toromanische Sagen aus der Surselva \/ Detgas dalla Surselva<br \/>\n\u00dcbersetzt und mit einem Nachwort von Peter Egloff \/ Mit Illustrationen von<br \/>\nSteivan Liun K\u00f6nz<\/p>\n<p>Verzaubernde Sagen aus den Alpen<\/p>\n<p>Gemsj\u00e4ger, Hirten und Bauern, M\u00e4gde, M\u00fcller und Sennen sind die Hauptfiguren<br \/>\ndieser r\u00e4toromanischen Sagen aus dem oberen Vorderrheintal und der Val<br \/>\nLumnezia. Erstmals publiziert wurden sie von den drei einheimischen Sammlern<br \/>\nCaspar Decurtins (1855\u20131916), Anton Derungs (1883\u20131942) und Guglielm Gadola<br \/>\n(1902\u20131961). Die Auswahl belegt, dass man je nach Herausgeber und Zeit den<br \/>\nsogenannten Volksmund recht unterschiedlich interpretiert und zu Papier<br \/>\ngebracht hat. Die Texte liegen hier im Original und in deutscher \u00dcbertragung<br \/>\nvor: r\u00e4tselvolle Bilder aus einer archaisch-rauen Bergwelt, die noch nicht bis<br \/>\nin ihre letzten Winkel entdeckt, erkl\u00e4rt, erschlossen und verwaltet war.<\/p>\n<p>Aus einer Welt auch, in der nicht alles machbar war, wo r\u00fccksichtsloses<br \/>\nHabenwollen mitunter hart bestraft und scheue Zur\u00fcckhaltung f\u00fcrstlich belohnt<br \/>\nwurde. Geschichten von grosser Kraft, deren Faszination in jenem alten Traum<br \/>\nbegr\u00fcndet sein muss, welcher besagt, dass es uns besser ging, als es uns<br \/>\nweniger gut ging.<\/p>\n<p>168 Seiten, 60 Abb., 13 x 21 cm, gebunden<\/p>","protected":false},"excerpt":{"rendered":"<p>R\u00e4toromanische Sagen aus der Surselva \/ Detgas dalla Surselva \u00dcbersetzt und mit einem Nachwort von Peter Egloff \/ Mit Illustrationen von Steivan Liun K\u00f6nz Verzaubernde Sagen aus den Alpen Gemsj\u00e4ger, Hirten und Bauern, M\u00e4gde, M\u00fcller und Sennen sind die Hauptfiguren dieser r\u00e4toromanischen Sagen aus dem oberen Vorderrheintal und der Val Lumnezia. Erstmals publiziert wurden sie [&#8230;]\n","protected":false},"featured_media":35799,"template":"","meta":[],"product_brand":[],"product_cat":[21542],"product_tag":[],"class_list":{"0":"post-150035","1":"product","2":"type-product","3":"status-publish","4":"has-post-thumbnail","6":"product_cat-sachbuecher-dokumentationen","7":"pa_autor-eglof-liun-koenz","8":"pa_erscheinungsjahr-21597","9":"pa_region-schweiz","10":"pa_sprache-de-rom","12":"first","13":"onbackorder","14":"taxable","15":"shipping-taxable","16":"purchasable","17":"product-type-simple"},"_links":{"self":[{"href":"https:\/\/pizbube.ch\/en\/wp-json\/wp\/v2\/product\/150035","targetHints":{"allow":["GET"]}}],"collection":[{"href":"https:\/\/pizbube.ch\/en\/wp-json\/wp\/v2\/product"}],"about":[{"href":"https:\/\/pizbube.ch\/en\/wp-json\/wp\/v2\/types\/product"}],"wp:featuredmedia":[{"embeddable":true,"href":"https:\/\/pizbube.ch\/en\/wp-json\/wp\/v2\/media\/35799"}],"wp:attachment":[{"href":"https:\/\/pizbube.ch\/en\/wp-json\/wp\/v2\/media?parent=150035"}],"wp:term":[{"taxonomy":"product_brand","embeddable":true,"href":"https:\/\/pizbube.ch\/en\/wp-json\/wp\/v2\/product_brand?post=150035"},{"taxonomy":"product_cat","embeddable":true,"href":"https:\/\/pizbube.ch\/en\/wp-json\/wp\/v2\/product_cat?post=150035"},{"taxonomy":"product_tag","embeddable":true,"href":"https:\/\/pizbube.ch\/en\/wp-json\/wp\/v2\/product_tag?post=150035"}],"curies":[{"name":"wp","href":"https:\/\/api.w.org\/{rel}","templated":true}]}}