{"id":150036,"date":"2021-01-15T11:01:24","date_gmt":"2021-01-15T11:01:24","guid":{"rendered":"https:\/\/codengine3.ch\/?product=import-placeholder-for-207605"},"modified":"2023-01-19T10:33:46","modified_gmt":"2023-01-19T09:33:46","slug":"wanderbuch-graubuenden","status":"publish","type":"product","link":"https:\/\/pizbube.ch\/en\/shop\/wanderbuch-graubuenden\/","title":{"rendered":"Wanderbuch Graub\u00fcnden"},"content":{"rendered":"<p>Mit einfachen, familientauglichen Vorschl\u00e4gen bis zu anspruchsvolleren Touren<br \/>\nf\u00fcr erfahrene Bergg\u00e4nger.<br \/>\n\u00dcber 300 Wandervorschl\u00e4ge und -varianten.<br \/>\nHintergrundtexte zu Natur, Landschaft und Kultur.<\/p>\n<p>Kein Kanton der Schweiz ist so vielgestaltig wie Graub\u00fcnden mit seinen \u00fcber<br \/>\n150 T\u00e4lern, jedes mit eigenem Charakter und ihren besonderen Natursch\u00e4tzen.<br \/>\nDieses Buch zeigt die ganze Vielfalt Graub\u00fcndens anhand von 134 attraktiven<br \/>\nWandervorschl\u00e4gen mit zahlreichen weiteren Varianten.<\/p>\n<p>Die Wanderungen &#8211; darunter auch etliche Geheimtipps &#8211; reichen von einfachen,<br \/>\nfamilientauglichen Vorschl\u00e4gen bis zu anspruchsvolleren Touren f\u00fcr erfahrene<br \/>\nBergg\u00e4nger. Zu jeder Region wird ein besonderes Thema herausgegriffen und<br \/>\nn\u00e4her beleuchtet. Dadurch ist das Buch mehr als ein blosser Wanderf\u00fchrer, es<br \/>\nbietet eine abwechslungsreiche und interessante Gesamtschau des Kantons<br \/>\nGraub\u00fcnden &#8211; ein eigentliches B\u00fcndner Heimatbuch.<\/p>\n<p><span class=\"book_info\">2. Auflage, 2022<br \/>\nEinband: Broschur mit Klappe<br \/>\nUmfang: 280 Seiten<\/span><\/p>","protected":false},"excerpt":{"rendered":"<p>Mit einfachen, familientauglichen Vorschl\u00e4gen bis zu anspruchsvolleren Touren f\u00fcr erfahrene Bergg\u00e4nger. \u00dcber 300 Wandervorschl\u00e4ge und -varianten. Hintergrundtexte zu Natur, Landschaft und Kultur. Kein Kanton der Schweiz ist so vielgestaltig wie Graub\u00fcnden mit seinen \u00fcber 150 T\u00e4lern, jedes mit eigenem Charakter und ihren besonderen Natursch\u00e4tzen. Dieses Buch zeigt die ganze Vielfalt Graub\u00fcndens anhand von 134 attraktiven [&#8230;]\n","protected":false},"featured_media":165709,"template":"","meta":[],"product_brand":[],"product_cat":[21605],"product_tag":[],"class_list":{"0":"post-150036","1":"product","2":"type-product","3":"status-publish","4":"has-post-thumbnail","6":"product_cat-wanderfuehrer-trekking","7":"pa_autor-coulin","8":"pa_erscheinungsjahr-25440","9":"pa_region-schweiz","10":"pa_sprache-de","12":"first","13":"instock","14":"taxable","15":"shipping-taxable","16":"purchasable","17":"product-type-simple"},"_links":{"self":[{"href":"https:\/\/pizbube.ch\/en\/wp-json\/wp\/v2\/product\/150036","targetHints":{"allow":["GET"]}}],"collection":[{"href":"https:\/\/pizbube.ch\/en\/wp-json\/wp\/v2\/product"}],"about":[{"href":"https:\/\/pizbube.ch\/en\/wp-json\/wp\/v2\/types\/product"}],"wp:featuredmedia":[{"embeddable":true,"href":"https:\/\/pizbube.ch\/en\/wp-json\/wp\/v2\/media\/165709"}],"wp:attachment":[{"href":"https:\/\/pizbube.ch\/en\/wp-json\/wp\/v2\/media?parent=150036"}],"wp:term":[{"taxonomy":"product_brand","embeddable":true,"href":"https:\/\/pizbube.ch\/en\/wp-json\/wp\/v2\/product_brand?post=150036"},{"taxonomy":"product_cat","embeddable":true,"href":"https:\/\/pizbube.ch\/en\/wp-json\/wp\/v2\/product_cat?post=150036"},{"taxonomy":"product_tag","embeddable":true,"href":"https:\/\/pizbube.ch\/en\/wp-json\/wp\/v2\/product_tag?post=150036"}],"curies":[{"name":"wp","href":"https:\/\/api.w.org\/{rel}","templated":true}]}}