{"id":150037,"date":"2021-01-15T11:01:24","date_gmt":"2021-01-15T11:01:24","guid":{"rendered":"https:\/\/codengine3.ch\/?product=import-placeholder-for-207701"},"modified":"2024-08-10T13:47:38","modified_gmt":"2024-08-10T11:47:38","slug":"von-wilden-mannen-maechtigen-feen-und-fiesen-zwergen","status":"publish","type":"product","link":"https:\/\/pizbube.ch\/en\/shop\/von-wilden-mannen-maechtigen-feen-und-fiesen-zwergen\/","title":{"rendered":"VON WILDEN MANNEN, M\u00c4CHTIGEN FEEN UND FIESEN ZWERGEN"},"content":{"rendered":"<p>Ein vergn\u00fcglicher Streifzug durch die B\u00fcndner Sagenwelt in Bild und Wort<\/p>\n<p>Verschwiegene W\u00e4lder, bev\u00f6lkert von wilden Mannen und Frauen, nebelverhangene<br \/>\nGipfel, saftige Weiden und eisige Gletscher: Die alpine Natur bietet so<br \/>\nmanches Ph\u00e4nomen, welches die Fantasie der Menschen, welche die T\u00e4ler<br \/>\nGraub\u00fcndens seit Jahrhunderten bewohnen, bis heute zu befl\u00fcgeln vermag.<\/p>\n<p>Die faszinierenden Gem\u00e4lde des B\u00fcndner Malers Patrick Devonas sowie die<br \/>\nzahlreichen Sagen aus den B\u00fcndner T\u00e4lern vereinen sich in diesem Buch zu einem<br \/>\nvergn\u00fcglichen und informativen Streifzug durch die Sagenwelt Graub\u00fcndens in<br \/>\nBild und Wort.<\/p>","protected":false},"excerpt":{"rendered":"<p>Ein vergn\u00fcglicher Streifzug durch die B\u00fcndner Sagenwelt in Bild und Wort Verschwiegene W\u00e4lder, bev\u00f6lkert von wilden Mannen und Frauen, nebelverhangene Gipfel, saftige Weiden und eisige Gletscher: Die alpine Natur bietet so manches Ph\u00e4nomen, welches die Fantasie der Menschen, welche die T\u00e4ler Graub\u00fcndens seit Jahrhunderten bewohnen, bis heute zu befl\u00fcgeln vermag. Die faszinierenden Gem\u00e4lde des B\u00fcndner [&#8230;]\n","protected":false},"featured_media":38199,"template":"","meta":[],"product_brand":[],"product_cat":[21580],"product_tag":[],"class_list":{"0":"post-150037","1":"product","2":"type-product","3":"status-publish","4":"has-post-thumbnail","6":"product_cat-kunst-kultur","7":"pa_autor-schuetz","8":"pa_erscheinungsjahr-21558","9":"pa_region-schweiz","10":"pa_sprache-de","12":"first","13":"onbackorder","14":"taxable","15":"shipping-taxable","16":"purchasable","17":"product-type-simple"},"_links":{"self":[{"href":"https:\/\/pizbube.ch\/en\/wp-json\/wp\/v2\/product\/150037","targetHints":{"allow":["GET"]}}],"collection":[{"href":"https:\/\/pizbube.ch\/en\/wp-json\/wp\/v2\/product"}],"about":[{"href":"https:\/\/pizbube.ch\/en\/wp-json\/wp\/v2\/types\/product"}],"wp:featuredmedia":[{"embeddable":true,"href":"https:\/\/pizbube.ch\/en\/wp-json\/wp\/v2\/media\/38199"}],"wp:attachment":[{"href":"https:\/\/pizbube.ch\/en\/wp-json\/wp\/v2\/media?parent=150037"}],"wp:term":[{"taxonomy":"product_brand","embeddable":true,"href":"https:\/\/pizbube.ch\/en\/wp-json\/wp\/v2\/product_brand?post=150037"},{"taxonomy":"product_cat","embeddable":true,"href":"https:\/\/pizbube.ch\/en\/wp-json\/wp\/v2\/product_cat?post=150037"},{"taxonomy":"product_tag","embeddable":true,"href":"https:\/\/pizbube.ch\/en\/wp-json\/wp\/v2\/product_tag?post=150037"}],"curies":[{"name":"wp","href":"https:\/\/api.w.org\/{rel}","templated":true}]}}