{"id":150040,"date":"2021-01-15T11:01:25","date_gmt":"2021-01-15T11:01:25","guid":{"rendered":"https:\/\/codengine3.ch\/?product=import-placeholder-for-207931"},"modified":"2021-04-21T15:56:00","modified_gmt":"2021-04-21T13:56:00","slug":"widerschein","status":"publish","type":"product","link":"https:\/\/pizbube.ch\/en\/shop\/widerschein\/","title":{"rendered":"Widerschein"},"content":{"rendered":"<p>Nach drei\u00dfig Jahren wird die sagenumwobene wei\u00dfe G\u00e4mse wieder im hochgelegenen<br \/>\nSeitental des Pr\u00e4ttigaus gesichtet. Mit ihr kehren auch alle unliebsamen<br \/>\nErinnerungen zur\u00fcck. Das letzte Mal wurde das Tier in dieser Gegend gesehen,<br \/>\nals Viid, der junge Jenische, verungl\u00fcckte. In R\u00fcckblenden wird von der<br \/>\nKindheit und Jugend von Mia und Viid erz\u00e4hlt, die trotz des heftigen<br \/>\nWiderstands der Dorfgemeinschaft eine innige Freundschaft und Liebe verband.<\/p>\n<p>Mia rebellierte damals mit ungest\u00fcmem Gerechtigkeitssinn gegen das Dorf und<br \/>\ndie eigene Mutter, ohne zu wissen welches Geheimnis deren Verbitterung<br \/>\nzugrunde liegt. Aus dem eigensinnigen, k\u00e4mpferischen M\u00e4dchen Mia ist<br \/>\ninzwischen eine erwachsene Frau geworden, die immer wieder Wege findet, sich<br \/>\nder d\u00f6rflichen Enge zu entziehen und das Gl\u00fcck im Kleinen zu entdecken.<\/p>\n<p>Doch die Schatten der Vergangenheit lassen ihr keine Ruhe, zu lebendig ist die<br \/>\nErinnerung an ihren geliebten Viid und den Kampf gegen Vorurteile und<br \/>\njahrelang gehegten Hass. Kann Mia nun ihren eigenen Augen trauen, und ist Viid<br \/>\ntats\u00e4chlich zusammen mit der G\u00e4mse wieder im Tal aufgetaucht, oder spielen ihr<br \/>\nihre Fantasie und der dringende Wunsch, vergangene Fehler wiedergutzumachen,<br \/>\neinen Streich?<\/p>\n<p>Anita Hansemann l\u00e4sst in ihrem Deb\u00fctroman gekonnt die von Sagen, Aberglauben<br \/>\nund Naturgewalten gepr\u00e4gte Bergwelt lebendig werden und schildert sensibel die<br \/>\nGef\u00fchlswelt von Viid und Mia.<\/p>\n<p>Roman; 272 Seiten, Hardcover mit Schutzumschlag, Leseband<\/p>","protected":false},"excerpt":{"rendered":"<p>Nach drei\u00dfig Jahren wird die sagenumwobene wei\u00dfe G\u00e4mse wieder im hochgelegenen Seitental des Pr\u00e4ttigaus gesichtet. Mit ihr kehren auch alle unliebsamen Erinnerungen zur\u00fcck. Das letzte Mal wurde das Tier in dieser Gegend gesehen, als Viid, der junge Jenische, verungl\u00fcckte. In R\u00fcckblenden wird von der Kindheit und Jugend von Mia und Viid erz\u00e4hlt, die trotz des [&#8230;]\n","protected":false},"featured_media":38872,"template":"","meta":[],"product_brand":[],"product_cat":[21629],"product_tag":[],"class_list":{"0":"post-150040","1":"product","2":"type-product","3":"status-publish","4":"has-post-thumbnail","6":"product_cat-belletristik","7":"pa_autor-hansemann","8":"pa_erscheinungsjahr-21546","9":"pa_region-schweiz","10":"pa_sprache-de","12":"first","13":"onbackorder","14":"taxable","15":"shipping-taxable","16":"purchasable","17":"product-type-simple"},"_links":{"self":[{"href":"https:\/\/pizbube.ch\/en\/wp-json\/wp\/v2\/product\/150040","targetHints":{"allow":["GET"]}}],"collection":[{"href":"https:\/\/pizbube.ch\/en\/wp-json\/wp\/v2\/product"}],"about":[{"href":"https:\/\/pizbube.ch\/en\/wp-json\/wp\/v2\/types\/product"}],"wp:featuredmedia":[{"embeddable":true,"href":"https:\/\/pizbube.ch\/en\/wp-json\/wp\/v2\/media\/38872"}],"wp:attachment":[{"href":"https:\/\/pizbube.ch\/en\/wp-json\/wp\/v2\/media?parent=150040"}],"wp:term":[{"taxonomy":"product_brand","embeddable":true,"href":"https:\/\/pizbube.ch\/en\/wp-json\/wp\/v2\/product_brand?post=150040"},{"taxonomy":"product_cat","embeddable":true,"href":"https:\/\/pizbube.ch\/en\/wp-json\/wp\/v2\/product_cat?post=150040"},{"taxonomy":"product_tag","embeddable":true,"href":"https:\/\/pizbube.ch\/en\/wp-json\/wp\/v2\/product_tag?post=150040"}],"curies":[{"name":"wp","href":"https:\/\/api.w.org\/{rel}","templated":true}]}}