{"id":150041,"date":"2021-01-15T11:01:25","date_gmt":"2021-01-15T11:01:25","guid":{"rendered":"https:\/\/codengine3.ch\/?product=import-placeholder-for-203589"},"modified":"2021-01-15T14:24:44","modified_gmt":"2021-01-15T14:24:44","slug":"escalada-artificial-teoria-y-practica","status":"publish","type":"product","link":"https:\/\/pizbube.ch\/en\/shop\/escalada-artificial-teoria-y-practica\/","title":{"rendered":"Escalada artificial. Teor\u00eda y pr\u00e1ctica"},"content":{"rendered":"<p>A lo largo del manual, se aborda desde los materiales m\u00e1s t\u00e9cnicos y los<br \/>\naccesorios necesarios, hasta las t\u00e9cnicas de utilizaci\u00f3n, ya sean \u00e9stas<br \/>\nelementales o complejas. Se proponen trucos, consejos e informaci\u00f3n para que<br \/>\nas\u00ed tenga el lector suficientes medios, no s\u00f3lo te\u00f3ricos, para adentrarse en<br \/>\nesta especialidad de monta\u00f1a, relativamente poco practicada. Este nuevo manual<br \/>\nllena un hueco importante y otorga a la escalada artificial el protagonismo<br \/>\ndel que hoy disfruta en algunos \u00e1mbitos. Y destacando la seriedad y utilidad<br \/>\nde los contenidos y los consejos que proponen sus autores.<\/p>","protected":false},"excerpt":{"rendered":"<p>A lo largo del manual, se aborda desde los materiales m\u00e1s t\u00e9cnicos y los accesorios necesarios, hasta las t\u00e9cnicas de utilizaci\u00f3n, ya sean \u00e9stas elementales o complejas. Se proponen trucos, consejos e informaci\u00f3n para que as\u00ed tenga el lector suficientes medios, no s\u00f3lo te\u00f3ricos, para adentrarse en esta especialidad de monta\u00f1a, relativamente poco practicada. Este [&#8230;]\n","protected":false},"featured_media":31232,"template":"","meta":[],"product_brand":[],"product_cat":[21538],"product_tag":[],"class_list":{"0":"post-150041","1":"product","2":"type-product","3":"status-publish","4":"has-post-thumbnail","6":"product_cat-lehrbuecher","7":"pa_autor-santamaria","8":"pa_erscheinungsjahr-22144","9":"pa_region-klettertechnik","10":"pa_sprache-sp","12":"first","13":"instock","14":"taxable","15":"shipping-taxable","16":"purchasable","17":"product-type-simple"},"_links":{"self":[{"href":"https:\/\/pizbube.ch\/en\/wp-json\/wp\/v2\/product\/150041","targetHints":{"allow":["GET"]}}],"collection":[{"href":"https:\/\/pizbube.ch\/en\/wp-json\/wp\/v2\/product"}],"about":[{"href":"https:\/\/pizbube.ch\/en\/wp-json\/wp\/v2\/types\/product"}],"wp:featuredmedia":[{"embeddable":true,"href":"https:\/\/pizbube.ch\/en\/wp-json\/wp\/v2\/media\/31232"}],"wp:attachment":[{"href":"https:\/\/pizbube.ch\/en\/wp-json\/wp\/v2\/media?parent=150041"}],"wp:term":[{"taxonomy":"product_brand","embeddable":true,"href":"https:\/\/pizbube.ch\/en\/wp-json\/wp\/v2\/product_brand?post=150041"},{"taxonomy":"product_cat","embeddable":true,"href":"https:\/\/pizbube.ch\/en\/wp-json\/wp\/v2\/product_cat?post=150041"},{"taxonomy":"product_tag","embeddable":true,"href":"https:\/\/pizbube.ch\/en\/wp-json\/wp\/v2\/product_tag?post=150041"}],"curies":[{"name":"wp","href":"https:\/\/api.w.org\/{rel}","templated":true}]}}