{"id":150045,"date":"2021-01-15T11:01:30","date_gmt":"2021-01-15T11:01:30","guid":{"rendered":"https:\/\/codengine3.ch\/?product=import-placeholder-for-203441"},"modified":"2021-01-15T14:23:21","modified_gmt":"2021-01-15T14:23:21","slug":"raquette-a-neige-manuel-de-reference","status":"publish","type":"product","link":"https:\/\/pizbube.ch\/en\/shop\/raquette-a-neige-manuel-de-reference\/","title":{"rendered":"Raquette \u00e0 neige, Manuel de r\u00e9f\u00e9rence"},"content":{"rendered":"<p>Complet, cet ouvrage rassemble l&#8217;essentiel de ce qu&#8217;il faut savoir pour<br \/>\npratiquer la raquette \u00e0 neige en montagne hivernal. Il s&#8217;adresse \u00e0 tous les<br \/>\npratiquants. Il est divis\u00e9 en chapitres reprenant les pricipaux th\u00e8mes:<br \/>\ns\u00e9curit\u00e9, m\u00e9t\u00e9orologie, orientation, secourisme, environnement, techniques de<br \/>\nd\u00e9placement&#8230; De nombreux sch\u00e9mas aident \u00e0 la compr\u00e9hension. Cet ouvrage se<br \/>\nveut \u00eatre un outil efficace pour accro\u00eetre la s\u00e9curit\u00e9 des randonneurs en<br \/>\nmontagne hivernale.  <\/p>","protected":false},"excerpt":{"rendered":"<p>Complet, cet ouvrage rassemble l&#8217;essentiel de ce qu&#8217;il faut savoir pour pratiquer la raquette \u00e0 neige en montagne hivernal. Il s&#8217;adresse \u00e0 tous les pratiquants. Il est divis\u00e9 en chapitres reprenant les pricipaux th\u00e8mes: s\u00e9curit\u00e9, m\u00e9t\u00e9orologie, orientation, secourisme, environnement, techniques de d\u00e9placement&#8230; De nombreux sch\u00e9mas aident \u00e0 la compr\u00e9hension. Cet ouvrage se veut \u00eatre un [&#8230;]\n","protected":false},"featured_media":31051,"template":"","meta":[],"product_brand":[],"product_cat":[21538],"product_tag":[],"class_list":{"0":"post-150045","1":"product","2":"type-product","3":"status-publish","4":"has-post-thumbnail","6":"product_cat-lehrbuecher","7":"pa_autor-ffme","8":"pa_erscheinungsjahr-21920","9":"pa_region-alpin-winter","10":"pa_sprache-fr","12":"first","13":"instock","14":"taxable","15":"shipping-taxable","16":"purchasable","17":"product-type-simple"},"_links":{"self":[{"href":"https:\/\/pizbube.ch\/en\/wp-json\/wp\/v2\/product\/150045","targetHints":{"allow":["GET"]}}],"collection":[{"href":"https:\/\/pizbube.ch\/en\/wp-json\/wp\/v2\/product"}],"about":[{"href":"https:\/\/pizbube.ch\/en\/wp-json\/wp\/v2\/types\/product"}],"wp:featuredmedia":[{"embeddable":true,"href":"https:\/\/pizbube.ch\/en\/wp-json\/wp\/v2\/media\/31051"}],"wp:attachment":[{"href":"https:\/\/pizbube.ch\/en\/wp-json\/wp\/v2\/media?parent=150045"}],"wp:term":[{"taxonomy":"product_brand","embeddable":true,"href":"https:\/\/pizbube.ch\/en\/wp-json\/wp\/v2\/product_brand?post=150045"},{"taxonomy":"product_cat","embeddable":true,"href":"https:\/\/pizbube.ch\/en\/wp-json\/wp\/v2\/product_cat?post=150045"},{"taxonomy":"product_tag","embeddable":true,"href":"https:\/\/pizbube.ch\/en\/wp-json\/wp\/v2\/product_tag?post=150045"}],"curies":[{"name":"wp","href":"https:\/\/api.w.org\/{rel}","templated":true}]}}