{"id":150047,"date":"2021-01-15T11:01:30","date_gmt":"2021-01-15T11:01:30","guid":{"rendered":"https:\/\/codengine3.ch\/?product=import-placeholder-for-205243"},"modified":"2025-09-23T08:55:59","modified_gmt":"2025-09-23T06:55:59","slug":"canyonisme-manuel-tecnique-incl-dvd","status":"publish","type":"product","link":"https:\/\/pizbube.ch\/en\/shop\/canyonisme-manuel-tecnique-incl-dvd\/","title":{"rendered":"CANYONISME manuel tecnique (incl. DVD)"},"content":{"rendered":"<p>Descente de canyon &#8211; manuel de r\u00e9f\u00e9rence<br \/>\nCe nouvel ouvrage est l&#8217;objet commun d&#8217;une initiative prise par deux<br \/>\nf\u00e9d\u00e9rations, la FFME et la FFS.<\/p>\n<p>Il traduit mat\u00e9riellement une volont\u00e9 politique r\u00e9cente mais audacieuse de<br \/>\nrapprochement de nos deux structures, soucieuses, l&#8217;une comme l&#8217;autre, de<br \/>\nreconna\u00eetre le canyonisme comme une discipline \u00e0 part enti\u00e8re.<\/p>\n<p>Cet ouvrage, compl\u00e9t\u00e9 par un DVD consacr\u00e9 \u00e0 la progression en eau vive,<br \/>\nponctue par cons\u00e9quent plusieurs ann\u00e9es d?un travail collectif o\u00f9 b\u00e9n\u00e9voles et<br \/>\ntechniciens se sont investis passionn\u00e9ment.<\/p>\n<p>Cet ouvrage s&#8217;adresse \u00e0 tous, du futur pratiquant curieux de l&#8217;activit\u00e9 au<br \/>\ncanyoniste chevron\u00e9. Chacun, selon son niveau technique, son exp\u00e9rience et ses<br \/>\nattentes trouvera dans ce manuel une synth\u00e8se des techniques d&#8217;\u00e9quipement, de<br \/>\nprogressions verticale et aquatique, d&#8217;assistance et d&#8217;encadrement.<\/p>","protected":false},"excerpt":{"rendered":"<p>Descente de canyon &#8211; manuel de r\u00e9f\u00e9rence Ce nouvel ouvrage est l&#8217;objet commun d&#8217;une initiative prise par deux f\u00e9d\u00e9rations, la FFME et la FFS. Il traduit mat\u00e9riellement une volont\u00e9 politique r\u00e9cente mais audacieuse de rapprochement de nos deux structures, soucieuses, l&#8217;une comme l&#8217;autre, de reconna\u00eetre le canyonisme comme une discipline \u00e0 part enti\u00e8re. Cet ouvrage, [&#8230;]\n","protected":false},"featured_media":33894,"template":"","meta":[],"product_brand":[],"product_cat":[21538],"product_tag":[],"class_list":{"0":"post-150047","1":"product","2":"type-product","3":"status-publish","4":"has-post-thumbnail","6":"product_cat-lehrbuecher","7":"pa_autor-ffme-ffs","8":"pa_erscheinungsjahr-21842","9":"pa_region-alpin-sommer","10":"pa_sprache-fr","12":"first","13":"outofstock","14":"taxable","15":"shipping-taxable","16":"purchasable","17":"product-type-simple"},"_links":{"self":[{"href":"https:\/\/pizbube.ch\/en\/wp-json\/wp\/v2\/product\/150047","targetHints":{"allow":["GET"]}}],"collection":[{"href":"https:\/\/pizbube.ch\/en\/wp-json\/wp\/v2\/product"}],"about":[{"href":"https:\/\/pizbube.ch\/en\/wp-json\/wp\/v2\/types\/product"}],"wp:featuredmedia":[{"embeddable":true,"href":"https:\/\/pizbube.ch\/en\/wp-json\/wp\/v2\/media\/33894"}],"wp:attachment":[{"href":"https:\/\/pizbube.ch\/en\/wp-json\/wp\/v2\/media?parent=150047"}],"wp:term":[{"taxonomy":"product_brand","embeddable":true,"href":"https:\/\/pizbube.ch\/en\/wp-json\/wp\/v2\/product_brand?post=150047"},{"taxonomy":"product_cat","embeddable":true,"href":"https:\/\/pizbube.ch\/en\/wp-json\/wp\/v2\/product_cat?post=150047"},{"taxonomy":"product_tag","embeddable":true,"href":"https:\/\/pizbube.ch\/en\/wp-json\/wp\/v2\/product_tag?post=150047"}],"curies":[{"name":"wp","href":"https:\/\/api.w.org\/{rel}","templated":true}]}}