{"id":150050,"date":"2021-01-15T11:01:30","date_gmt":"2021-01-15T11:01:30","guid":{"rendered":"https:\/\/codengine3.ch\/?product=import-placeholder-for-201298"},"modified":"2021-01-15T12:00:23","modified_gmt":"2021-01-15T12:00:23","slug":"descents-sportive-georges-et-canyons","status":"publish","type":"product","link":"https:\/\/pizbube.ch\/en\/shop\/descents-sportive-georges-et-canyons\/","title":{"rendered":"Descents sportive Georges et Canyons"},"content":{"rendered":"<p>Nouvelle \u00e9dition revue et corrig\u00e9e, avec beaucoup de esquisses. Ce livre, en<br \/>\ndonnant quelques ficelles et conseils pratiques, veut informer chacun de la<br \/>\nsp\u00e9cificit\u00e9 des probl\u00e8mes rencontr\u00e9s en canyon et de la n\u00e9cessit\u00e9, comme pour<br \/>\nles autres sports de plein air, de se pr\u00e9parer au mieux \u00e0 les r\u00e9soudre.<\/p>","protected":false},"excerpt":{"rendered":"<p>Nouvelle \u00e9dition revue et corrig\u00e9e, avec beaucoup de esquisses. Ce livre, en donnant quelques ficelles et conseils pratiques, veut informer chacun de la sp\u00e9cificit\u00e9 des probl\u00e8mes rencontr\u00e9s en canyon et de la n\u00e9cessit\u00e9, comme pour les autres sports de plein air, de se pr\u00e9parer au mieux \u00e0 les r\u00e9soudre.<\/p>","protected":false},"featured_media":28609,"template":"","meta":[],"product_brand":[],"product_cat":[21538],"product_tag":[],"class_list":{"0":"post-150050","1":"product","2":"type-product","3":"status-publish","4":"has-post-thumbnail","6":"product_cat-lehrbuecher","7":"pa_autor-lucot-quintilla","8":"pa_erscheinungsjahr-22112","9":"pa_region-alpin-sommer","10":"pa_sprache-fr","12":"first","13":"instock","14":"taxable","15":"shipping-taxable","16":"purchasable","17":"product-type-simple"},"_links":{"self":[{"href":"https:\/\/pizbube.ch\/en\/wp-json\/wp\/v2\/product\/150050","targetHints":{"allow":["GET"]}}],"collection":[{"href":"https:\/\/pizbube.ch\/en\/wp-json\/wp\/v2\/product"}],"about":[{"href":"https:\/\/pizbube.ch\/en\/wp-json\/wp\/v2\/types\/product"}],"wp:featuredmedia":[{"embeddable":true,"href":"https:\/\/pizbube.ch\/en\/wp-json\/wp\/v2\/media\/28609"}],"wp:attachment":[{"href":"https:\/\/pizbube.ch\/en\/wp-json\/wp\/v2\/media?parent=150050"}],"wp:term":[{"taxonomy":"product_brand","embeddable":true,"href":"https:\/\/pizbube.ch\/en\/wp-json\/wp\/v2\/product_brand?post=150050"},{"taxonomy":"product_cat","embeddable":true,"href":"https:\/\/pizbube.ch\/en\/wp-json\/wp\/v2\/product_cat?post=150050"},{"taxonomy":"product_tag","embeddable":true,"href":"https:\/\/pizbube.ch\/en\/wp-json\/wp\/v2\/product_tag?post=150050"}],"curies":[{"name":"wp","href":"https:\/\/api.w.org\/{rel}","templated":true}]}}