{"id":150053,"date":"2021-01-15T11:01:30","date_gmt":"2021-01-15T11:01:30","guid":{"rendered":"https:\/\/codengine3.ch\/?product=import-placeholder-for-204346"},"modified":"2023-04-29T10:50:39","modified_gmt":"2023-04-29T08:50:39","slug":"kinderkopf-und-affenfaust-kletterlehrbuch","status":"publish","type":"product","link":"https:\/\/pizbube.ch\/en\/shop\/kinderkopf-und-affenfaust-kletterlehrbuch\/","title":{"rendered":"Kinderkopf und Affenfaust &#8211; Kletterlehrbuch"},"content":{"rendered":"<p>Sportkletter-Seilhandhabung, Glossar mit Kletterbegriffen, S\u00e4chsische<br \/>\nKletterregeln, Knotenw\u00f6rterbuch<\/p>\n<p>Folgende Themen werden behandelt:<\/p>\n<p>moderne Seilhandhabung beim Sportklettern<br \/>\nSicherungslehre<br \/>\nKnotenlehre<br \/>\nKlettergurte<br \/>\nSchlingenlehre<br \/>\nKnotenschlingen und Sicherungstaktik im Sandstein<br \/>\nMehrseill\u00e4ngenklettern<br \/>\nBergrettung<\/p>\n<p>Ausf\u00fchrlich:<br \/>\nKinderkopf und Affenfaust ist das erste spezielle Knotenbuch f\u00fcr`s Klettern.<br \/>\nAlle f\u00fcr Klettern und Bergsteigen relevanten Knoten werden praxisorientiert<br \/>\nerkl\u00e4rt und demonstriert.<br \/>\nDar\u00fcber hinaus werden die Themenbereiche Seilhandhabung beim Sportklettern,<br \/>\nSeile und Schlingen, also die gesamte &#171;Software&#187; des Klettersports<br \/>\ntiefgr\u00fcndig behandelt. Fragen wie &#171;Kann ein Seil rei\u00dfen?&#187; oder &#171;Was ist ein<br \/>\nSturzfaktor?&#187; werden nachvollziehbar besprochen und mit zahlreichen<br \/>\nAbbildungen verdeutlicht. Sichern und Abseilen werden praxisnah erl\u00e4utert,<br \/>\nTricks und Kniffe gezeigt, die es in keinem anderen Kletterlehrbuch zu finden<br \/>\ngibt. Hochwertige Fotos und Zeichnungen zum besseren Reproduzieren der<br \/>\ndargestellten Knoten und Sicherungstechniken bilden das Grundger\u00fcst des<br \/>\nBuches.<\/p>\n<p>Ein Sonderkapitel besch\u00e4ftigt sich mit dem Ph\u00e4nomen der &#171;Knotenschlingen in<br \/>\nden Sandsteinklettergebieten&#187;. Damit ist &#171;Kinderkopf und Affenfaust&#187; das<br \/>\neinzige Lehrbuch, welches diesen Themenbereich behandelt und somit das einzige<br \/>\nvollst\u00e4ndige Kletterknotenlehrbuch.<\/p>\n<p>Die hier vorliegende 4. Auflage wurde gr\u00fcndlich \u00fcberarbeitet. Das Buch wurde<br \/>\num neue Ausr\u00fcstungsgegenst\u00e4nde, aktuelle Sportkletter- und<br \/>\nMehrseill\u00e4ngenthemen sowie mit einer Vielzahl zus\u00e4tzlicher Fotos versehen.<br \/>\nWichtige neue Inhalte sind:<\/p>\n<p>Seilhandhabung beim Sportklettern: Sichern mit Gewichtsunterschied,<br \/>\nprofessionelles Ablassen und Abbauen von Routen usw.<br \/>\ndetaillierte Vergleiche des Materials<br \/>\nmehr Klemmknoten<br \/>\ndie Luttenseeklemme<br \/>\nneue Knoten und neue Kn\u00fcpfmethoden<br \/>\neine praktische Knotentafel f\u00fcr Kurse<br \/>\nR\u00fccklaufsperre in einen HMS-Knoten einbauen<br \/>\nein neues Kapitel \u00fcber Gurte<br \/>\nUfos im Sandstein, deren Entstehungsgeschichte und die neue Fassung der<br \/>\nS\u00e4chsischen Kletterregeln<br \/>\nein durchgehend alphabetisch geordnetes Glossar und Knotenw\u00f6rterbuch bringt<br \/>\nLicht in den Dschungel der Begriffe<\/p>\n<p>4. \u00fcberarbeitete Auflage<\/p>","protected":false},"excerpt":{"rendered":"<p>Sportkletter-Seilhandhabung, Glossar mit Kletterbegriffen, S\u00e4chsische Kletterregeln, Knotenw\u00f6rterbuch Folgende Themen werden behandelt: moderne Seilhandhabung beim Sportklettern Sicherungslehre Knotenlehre Klettergurte Schlingenlehre Knotenschlingen und Sicherungstaktik im Sandstein Mehrseill\u00e4ngenklettern Bergrettung Ausf\u00fchrlich: Kinderkopf und Affenfaust ist das erste spezielle Knotenbuch f\u00fcr`s Klettern. Alle f\u00fcr Klettern und Bergsteigen relevanten Knoten werden praxisorientiert erkl\u00e4rt und demonstriert. Dar\u00fcber hinaus werden die Themenbereiche Seilhandhabung [&#8230;]\n","protected":false},"featured_media":167400,"template":"","meta":[],"product_brand":[],"product_cat":[21538],"product_tag":[],"class_list":{"0":"post-150053","1":"product","2":"type-product","3":"status-publish","4":"has-post-thumbnail","6":"product_cat-lehrbuecher","7":"pa_autor-krug","8":"pa_erscheinungsjahr-21574","9":"pa_region-klettertechnik","10":"pa_sprache-de","12":"first","13":"instock","14":"taxable","15":"shipping-taxable","16":"purchasable","17":"product-type-simple"},"_links":{"self":[{"href":"https:\/\/pizbube.ch\/en\/wp-json\/wp\/v2\/product\/150053","targetHints":{"allow":["GET"]}}],"collection":[{"href":"https:\/\/pizbube.ch\/en\/wp-json\/wp\/v2\/product"}],"about":[{"href":"https:\/\/pizbube.ch\/en\/wp-json\/wp\/v2\/types\/product"}],"wp:featuredmedia":[{"embeddable":true,"href":"https:\/\/pizbube.ch\/en\/wp-json\/wp\/v2\/media\/167400"}],"wp:attachment":[{"href":"https:\/\/pizbube.ch\/en\/wp-json\/wp\/v2\/media?parent=150053"}],"wp:term":[{"taxonomy":"product_brand","embeddable":true,"href":"https:\/\/pizbube.ch\/en\/wp-json\/wp\/v2\/product_brand?post=150053"},{"taxonomy":"product_cat","embeddable":true,"href":"https:\/\/pizbube.ch\/en\/wp-json\/wp\/v2\/product_cat?post=150053"},{"taxonomy":"product_tag","embeddable":true,"href":"https:\/\/pizbube.ch\/en\/wp-json\/wp\/v2\/product_tag?post=150053"}],"curies":[{"name":"wp","href":"https:\/\/api.w.org\/{rel}","templated":true}]}}