{"id":150054,"date":"2021-01-15T11:01:30","date_gmt":"2021-01-15T11:01:30","guid":{"rendered":"https:\/\/codengine3.ch\/?product=import-placeholder-for-205263"},"modified":"2021-01-15T14:39:55","modified_gmt":"2021-01-15T14:39:55","slug":"kletter-und-outdoorspiele","status":"publish","type":"product","link":"https:\/\/pizbube.ch\/en\/shop\/kletter-und-outdoorspiele\/","title":{"rendered":"KLETTER- UND OUTDOORSPIELE"},"content":{"rendered":"<p>Anleitungen f\u00fcr Eltern, Lehrer und \u00dcbungsleiter  <\/p>\n<p>Was tun beim n\u00e4chsten Kindergeburtstag? In diesem Buch findet sich eine<br \/>\nSammlung von 50 Spielen, die in der Kletterhalle oder im Gel\u00e4nde einfach<br \/>\ndurchzuf\u00fchren sind. Der Umfang reicht von unterhaltsamen, lustigen Spielen bis<br \/>\nhin zu kniffligen mit p\u00e4dagogischen Hintergrund.<br \/>\n1. Auflage, Fr\u00fchjahr 2008; 120 Seiten  <\/p>","protected":false},"excerpt":{"rendered":"<p>Anleitungen f\u00fcr Eltern, Lehrer und \u00dcbungsleiter Was tun beim n\u00e4chsten Kindergeburtstag? In diesem Buch findet sich eine Sammlung von 50 Spielen, die in der Kletterhalle oder im Gel\u00e4nde einfach durchzuf\u00fchren sind. Der Umfang reicht von unterhaltsamen, lustigen Spielen bis hin zu kniffligen mit p\u00e4dagogischen Hintergrund. 1. Auflage, Fr\u00fchjahr 2008; 120 Seiten<\/p>","protected":false},"featured_media":33919,"template":"","meta":[],"product_brand":[],"product_cat":[21538],"product_tag":[],"class_list":{"0":"post-150054","1":"product","2":"type-product","3":"status-publish","4":"has-post-thumbnail","6":"product_cat-lehrbuecher","7":"pa_autor-marschner","8":"pa_erscheinungsjahr-21591","9":"pa_region-klettertechnik","10":"pa_sprache-de","12":"first","13":"outofstock","14":"taxable","15":"shipping-taxable","16":"purchasable","17":"product-type-simple"},"_links":{"self":[{"href":"https:\/\/pizbube.ch\/en\/wp-json\/wp\/v2\/product\/150054","targetHints":{"allow":["GET"]}}],"collection":[{"href":"https:\/\/pizbube.ch\/en\/wp-json\/wp\/v2\/product"}],"about":[{"href":"https:\/\/pizbube.ch\/en\/wp-json\/wp\/v2\/types\/product"}],"wp:featuredmedia":[{"embeddable":true,"href":"https:\/\/pizbube.ch\/en\/wp-json\/wp\/v2\/media\/33919"}],"wp:attachment":[{"href":"https:\/\/pizbube.ch\/en\/wp-json\/wp\/v2\/media?parent=150054"}],"wp:term":[{"taxonomy":"product_brand","embeddable":true,"href":"https:\/\/pizbube.ch\/en\/wp-json\/wp\/v2\/product_brand?post=150054"},{"taxonomy":"product_cat","embeddable":true,"href":"https:\/\/pizbube.ch\/en\/wp-json\/wp\/v2\/product_cat?post=150054"},{"taxonomy":"product_tag","embeddable":true,"href":"https:\/\/pizbube.ch\/en\/wp-json\/wp\/v2\/product_tag?post=150054"}],"curies":[{"name":"wp","href":"https:\/\/api.w.org\/{rel}","templated":true}]}}