{"id":150055,"date":"2021-01-15T11:01:30","date_gmt":"2021-01-15T11:01:30","guid":{"rendered":"https:\/\/codengine3.ch\/?product=import-placeholder-for-205864"},"modified":"2024-07-09T11:01:53","modified_gmt":"2024-07-09T09:01:53","slug":"schaukelfee-und-klettermax","status":"publish","type":"product","link":"https:\/\/pizbube.ch\/en\/shop\/schaukelfee-und-klettermax\/","title":{"rendered":"Schaukelfee und Klettermax"},"content":{"rendered":"<p>Seilspielger\u00e4te im Wald f\u00fcr Kinder.<br \/>\nMobile Seilspielger\u00e4te selber bauen<\/p>\n<p>Kinder brauchen viel Bewegung am allerbesten in herausfordernder und<br \/>\nanregender Umgebung. Der Wald bietet uns diese nat\u00fcrliche Bewegung und spricht<br \/>\nall unsere Sinne an &#8211; vor allem wenn wir ein paar Seile dabei haben und<br \/>\nentsprechende Knoten beherrschen. In diesem Buch lernen Sie Schritt f\u00fcr<br \/>\nSchritt das geeignete Material und die wichtigsten Knoten kennen um \u00fcber 30<br \/>\noriginelle und praxiserprobte Seilspielgr\u00e4te bauen zu k\u00f6nnen, auf denen die<br \/>\nKinder nach Herzenslust schaukeln, klettern und balancieren werden.<\/p>\n<p>2. Auflage 2024<br \/>\ns\/w. Fotos. 200 S<\/p>","protected":false},"excerpt":{"rendered":"<p>Seilspielger\u00e4te im Wald f\u00fcr Kinder. Mobile Seilspielger\u00e4te selber bauen Kinder brauchen viel Bewegung am allerbesten in herausfordernder und anregender Umgebung. Der Wald bietet uns diese nat\u00fcrliche Bewegung und spricht all unsere Sinne an &#8211; vor allem wenn wir ein paar Seile dabei haben und entsprechende Knoten beherrschen. In diesem Buch lernen Sie Schritt f\u00fcr Schritt [&#8230;]\n","protected":false},"featured_media":173530,"template":"","meta":[],"product_brand":[],"product_cat":[21538],"product_tag":[],"class_list":{"0":"post-150055","1":"product","2":"type-product","3":"status-publish","4":"has-post-thumbnail","6":"product_cat-lehrbuecher","7":"pa_autor-schwarzer","8":"pa_erscheinungsjahr-27339","9":"pa_region-klettertechnik","10":"pa_sprache-de","12":"first","13":"onbackorder","14":"taxable","15":"shipping-taxable","16":"purchasable","17":"product-type-simple"},"_links":{"self":[{"href":"https:\/\/pizbube.ch\/en\/wp-json\/wp\/v2\/product\/150055","targetHints":{"allow":["GET"]}}],"collection":[{"href":"https:\/\/pizbube.ch\/en\/wp-json\/wp\/v2\/product"}],"about":[{"href":"https:\/\/pizbube.ch\/en\/wp-json\/wp\/v2\/types\/product"}],"wp:featuredmedia":[{"embeddable":true,"href":"https:\/\/pizbube.ch\/en\/wp-json\/wp\/v2\/media\/173530"}],"wp:attachment":[{"href":"https:\/\/pizbube.ch\/en\/wp-json\/wp\/v2\/media?parent=150055"}],"wp:term":[{"taxonomy":"product_brand","embeddable":true,"href":"https:\/\/pizbube.ch\/en\/wp-json\/wp\/v2\/product_brand?post=150055"},{"taxonomy":"product_cat","embeddable":true,"href":"https:\/\/pizbube.ch\/en\/wp-json\/wp\/v2\/product_cat?post=150055"},{"taxonomy":"product_tag","embeddable":true,"href":"https:\/\/pizbube.ch\/en\/wp-json\/wp\/v2\/product_tag?post=150055"}],"curies":[{"name":"wp","href":"https:\/\/api.w.org\/{rel}","templated":true}]}}